{"id":2764,"date":"2026-02-23T23:16:28","date_gmt":"2026-02-23T22:16:28","guid":{"rendered":"https:\/\/yeshuaschool.com\/?page_id=2764"},"modified":"2026-04-02T21:34:58","modified_gmt":"2026-04-02T19:34:58","slug":"reglement","status":"publish","type":"page","link":"https:\/\/yeshuaschool.com\/de\/reglement\/","title":{"rendered":"Tombola-Regeln"},"content":{"rendered":"<div data-elementor-type=\"wp-page\" data-elementor-id=\"2764\" class=\"elementor elementor-2764\">\n\t\t\t\t<div class=\"elementor-element elementor-element-3ddddf3 e-flex e-con-boxed e-con e-parent\" data-id=\"3ddddf3\" data-element_type=\"container\" data-e-type=\"container\">\n\t\t\t\t\t<div class=\"e-con-inner\">\n\t\t\t\t<div class=\"elementor-element elementor-element-c409a87 elementor-widget elementor-widget-spacer\" data-id=\"c409a87\" data-element_type=\"widget\" data-e-type=\"widget\" data-widget_type=\"spacer.default\">\n\t\t\t\t\t\t\t<div class=\"elementor-spacer\">\n\t\t\t<div class=\"elementor-spacer-inner\"><\/div>\n\t\t<\/div>\n\t\t\t\t\t\t<\/div>\n\t\t\t\t<div class=\"elementor-element elementor-element-0763be0 elementor-widget elementor-widget-heading\" data-id=\"0763be0\" data-element_type=\"widget\" data-e-type=\"widget\" data-widget_type=\"heading.default\">\n\t\t\t\t\t<h5 class=\"elementor-heading-title elementor-size-default\">Regeln F\u00fcr Den Wettbewerb Mit Kreativer Beteiligung Mit Verbundenem Verkauf \u00abAudi Q3 - Yeshua School 2026\u00bb.\u00bb<\/h5>\t\t\t\t<\/div>\n\t\t\t\t<div class=\"elementor-element elementor-element-0becbb6 elementor-widget elementor-widget-text-editor\" data-id=\"0becbb6\" data-element_type=\"widget\" data-e-type=\"widget\" data-widget_type=\"text-editor.default\">\n\t\t\t\t\t\t\t\t\t<p><strong>PR\u00c4AMBEL<\/strong><\/p>\n<p>Diese Tombola mit kreativer Beteiligung wird von der<strong>ASBL: Office de Rassemblement des Suryoye (Amt f\u00fcr die Zusammenf\u00fchrung der Suryoye)<\/strong> (im Folgenden \u00abder Organisator\u00bb), mit Sitz in Rue de Gen\u00e8ve 470a, 1030 Schaerbeek, Belgien, eingetragen bei der Banque-Carrefour des Entreprises unter der Nummer <strong>BE<\/strong><strong>0784.275.187<\/strong>. Die gesamten Einnahmen dienen der Finanzierung der Gr\u00fcndung und Einrichtung der \u00abYeshua School\u00bb in Belgien, einem gemeinn\u00fctzigen Projekt im Sinne von Artikel 7, 3\u00b0 des Gesetzes vom 31. Dezember 1851 \u00fcber Lotterien.<\/p>\n<p>Diese Regeln legen die Teilnahme-, Ziehungs- und Zuteilungsmodalit\u00e4ten des Hauptpreises (ein Auto Audi Q3) fest, gem\u00e4\u00df der belgischen Gesetzgebung - insbesondere :<\/p>\n<ul>\n<li><strong>Gesetz vom 31.<\/strong><strong>d<\/strong><strong>Dezember<\/strong><strong>1851 \u00fcber Lotterien<\/strong>, Art. 3 und 7 (3\u00b0).<\/li>\n<li><strong>K\u00f6niglicher Erlass vom 18.<\/strong><strong>d<\/strong><strong>Dezember<\/strong><strong>2023<\/strong> zur Festlegung der allgemeinen Regeln f\u00fcr die Genehmigung von Tombolas f\u00fcr einen guten Zweck.<\/li>\n<li><strong>Buch<\/strong><strong>VI des Gesetzbuches <\/strong><strong>wirtschaftlich<\/strong> (Marktpraktiken und Verbraucherschutz).<\/li>\n<li><strong>Verordnung (EU) 2016\/679 (DSGVO)<\/strong> - Schutz von pers\u00f6nlichen Daten.<\/li>\n<\/ul>\n<p>Der Organisator holt die vorherige Genehmigung des Justizministers \/ F\u00d6D Finanzen ein, wie in Artikel 7, 3\u00b0 des oben genannten Gesetzes vorgesehen, bevor die Eintrittskarten zum Verkauf angeboten werden.<\/p>\n<p><strong>Artikel<\/strong><strong>1<\/strong><strong>&nbsp;- Gegenstand<\/strong><\/p>\n<p>Organisieren Sie eine Tombola mit kreativer Beteiligung und Losverkauf, um Geld f\u00fcr den Bau und die Er\u00f6ffnung der Schule \u00abYeshua School\u00bb zu sammeln. Das Hauptlos ist <strong>ein neues Auto von Audi<\/strong><strong>Q3<\/strong> (Richtwert 50 000 \u20ac). In keinem Fall kann der Gegenwert der Preise eingefordert werden.<\/p>\n<p><strong>Artikel<\/strong><strong>2<\/strong><strong>&nbsp;- P<\/strong><strong>\u00fcr den Zeitraum<\/strong><\/p>\n<p>Die Tickets werden zum Verkauf angeboten von <strong>15<\/strong><strong> Februar 2026<\/strong> (00:00) im <strong>30. Juni 2026<\/strong> (23:59). Die Ziehung findet statt am <strong>1. Juli 2026<\/strong> und von den Organisatoren durchgef\u00fchrt.<\/p>\n<p><strong>Artikel<\/strong><strong>3<\/strong><strong>&nbsp;- Bedingungen f\u00fcr die Teilnahme<\/strong><\/p>\n<ol>\n<li>Eine nat\u00fcrliche Person sein, die vollj\u00e4hrig (\u2265 18 Jahre) und im Europ\u00e4ischen Wirtschaftsraum ans\u00e4ssig ist.&nbsp;<\/li>\n<li>Mindestens ein Ticket kaufen (Preis pro Einheit : <strong>6<\/strong><strong>\u202f<\/strong><strong>\u20ac<\/strong>), ohne Begrenzung der Menge pro Teilnehmer.<\/li>\n<li>Korrektes Beantworten der <strong>Auswahlfrage<\/strong> beim Kauf der Fahrkarte.<\/li>\n<li>Diese Verordnung und die Datenschutzbestimmungen vorbehaltlos zu akzeptieren.<\/li>\n<\/ol>\n<p><strong>Artikel<\/strong><strong>4<\/strong><strong>&nbsp;- Verkauf von Eintrittskarten<\/strong><\/p>\n<ul>\n<li>Die Tickets sind nummeriert und enthalten: einmalige Nummer, Nennung des gemeinn\u00fctzigen Vereins, Preis, Auswahlfrage, QR-Codes zu den Regeln und der DSGVO-Richtlinie.<\/li>\n<li>Zahlung ausschlie\u00dflich per \u00dcberweisung auf das Konto <strong>BE05 9735 0941 9075<\/strong> (Bezeichnung: Office de rassemblement des Suryoye ASBL) oder \u00fcber die berechtigten Verkaufsstellen\/Mitglieder.<\/li>\n<li>Das Ticket ist erst nach Best\u00e4tigung der vollst\u00e4ndigen Zahlung g\u00fcltig.<\/li>\n<\/ul>\n<p><strong>Artikel<\/strong><strong>5<\/strong><strong>&nbsp;- Mindestanzahl an Tickets<\/strong><strong>&nbsp;- Suspensivklausel<\/strong><\/p>\n<p>Die effektive Ziehung ist <strong>bedingt durch den Verkauf von mindestens 50<\/strong><strong>000 Banknoten<\/strong> (d. h. 300.000 \u20ac Bruttoeinnahmen).<\/p>\n<ul>\n<li>Wenn diese Schwelle am 30. Juni 2026 erreicht oder \u00fcberschritten wird, erfolgt die Ziehung gem\u00e4\u00df Artikel<\/li>\n<li>Wenn der Schwellenwert nicht <strong>nicht<\/strong> erreicht :\n<ul>\n<li>es wird nicht <strong>nicht<\/strong> der Zuteilung des Autos ;<\/li>\n<li>Unter allen Einsendungen, die die Frage richtig beantworten, wird ein einziger Gewinner gezogen, der Folgendes erh\u00e4lt <strong>40<\/strong><strong>% der Nettoeinnahmen<\/strong> (Bruttoeinnahmen abz\u00fcglich der Kosten f\u00fcr die Ausstellung von Eintrittskarten) in Form einer einmaligen Zahlung ;<\/li>\n<li>die verbleibenden 60 % werden f\u00fcr die Finanzierung des guten Zwecks gem\u00e4\u00df KE18 Dezember 2023 (\u2265 60 % obligatorisch) verwendet.<\/li>\n<\/ul>\n<\/li>\n<\/ul>\n<p><strong>Artikel<\/strong><strong>6<\/strong><strong>&nbsp;- Proc<\/strong><strong>\u00fcr das Ziehen<\/strong><\/p>\n<ol>\n<li>Checkliste: Nur Tickets, die vor dem 30. Juni 2026 bezahlt wurden und eine korrekte Antwort enthalten, werden in die offizielle Liste aufgenommen, die von den Organisatoren versiegelt wird.<\/li>\n<li>Manueller oder elektronischer Abzug, der in Anwesenheit von zwei Zeugen beglaubigt wird.<\/li>\n<li>Es werden eine Gewinnnummer und zwei Ersatznummern gezogen. Stellvertreter 1 wird zum Gewinner erkl\u00e4rt, wenn der erste zur\u00fccktritt oder innerhalb von 30 Tagen nicht erreichbar ist. Stellvertreter 2 wird zum Gewinner erkl\u00e4rt, wenn der Gewinner und Stellvertreter 1 innerhalb von 2 Monaten nicht erreichbar sind.<\/li>\n<\/ol>\n<p><strong>Artikel<\/strong><strong>7<\/strong><strong>&nbsp;- Preis<\/strong><\/p>\n<p>Der Gewinner (oder der benannte Stellvertreter) gewinnt :<\/p>\n<ul>\n<li><strong>Option A: Audi<\/strong><strong>Q3 neu<\/strong> (wenn die Schwelle von 50 000 Verk\u00e4ufen erreicht wird).<\/li>\n<li><strong>Option B: 40<\/strong><strong>% der Nettoeinnahmen<\/strong> (wenn der Schwellenwert nicht erreicht wird).<\/li>\n<\/ul>\n<p>Die Kosten f\u00fcr die Zulassung, Versicherung und Lieferung innerhalb Europas tr\u00e4gt der Gewinner. Das Fahrzeug wird innerhalb von 90 Tagen nach der Best\u00e4tigung des Gewinners geliefert.<\/p>\n<p><strong>Artikel<\/strong><strong>8<\/strong><strong>&nbsp;- Ver\u00f6ffentlichung und Verleihung des Preises<\/strong><\/p>\n<p>Das Ergebnis wird innerhalb von 48 Stunden auf der offiziellen Website des gemeinn\u00fctzigen Vereins ver\u00f6ffentlicht und dem Gewinner pers\u00f6nlich mitgeteilt. Es kann eine \u00f6ffentliche Zeremonie organisiert werden.<\/p>\n<p><strong>Artikel<\/strong><strong>9<\/strong><strong>&nbsp;- Verantwortung<\/strong><strong>\u00e9<\/strong><\/p>\n<p>Die Organisatoren k\u00f6nnen nicht haftbar gemacht werden, wenn der Wettbewerb aufgrund h\u00f6herer Gewalt oder aufgrund von Umst\u00e4nden, die au\u00dferhalb ihrer Kontrolle liegen, ausgesetzt, ge\u00e4ndert oder abgesagt werden muss.<\/p>\n<p><strong>Artikel<\/strong><strong>10<\/strong><strong>&nbsp;- Donn<\/strong><strong>pers\u00f6nliche Daten<\/strong><\/p>\n<p>Die gesammelten Daten werden von der VoG f\u00fcr die Verwaltung des Wettbewerbs und die Durchf\u00fchrung ihrer Aktivit\u00e4ten verarbeitet. Die Teilnehmer haben ein Recht auf Zugang, Berichtigung, Widerspruch und L\u00f6schung, indem sie an info@yeshuaschool.com schreiben.<\/p>\n<p><strong>Artikel<\/strong><strong>11<\/strong><strong>&nbsp;- Akzeptieren der Verordnung<\/strong><strong>\u00fcr<\/strong><\/p>\n<p>Die Teilnahme setzt die vollst\u00e4ndige und uneingeschr\u00e4nkte Annahme der vorliegenden Regeln voraus. Diese sind auf www.yeshuaschool.com ver\u00f6ffentlicht und auf einfache schriftliche Anfrage an info@yeshuaschool.com erh\u00e4ltlich.<\/p>\n<p><strong>Artikel<\/strong><strong>12<\/strong><strong>&nbsp;- Anwendbares Recht und zust\u00e4ndige Gerichte<\/strong><strong>orte<\/strong><\/p>\n<p>Der Wettbewerb unterliegt belgischem Recht. F\u00fcr alle Streitigkeiten sind ausschlie\u00dflich die Gerichte des Gerichtsbezirks Br\u00fcssel zust\u00e4ndig.<\/p>\n<p><em>Geschehen zu Schaerbeek am 30.1.2026<\/em><\/p>\n<p>F\u00fcr den gemeinn\u00fctzigen Verein Office de Rassemblement des Suryoye<\/p>\n<p>ORS Lena - Administratorin<\/p>\t\t\t\t\t\t\t\t<\/div>\n\t\t\t\t\t<\/div>\n\t\t\t\t<\/div>\n\t\t\t\t<\/div>","protected":false},"excerpt":{"rendered":"<p>R\u00e8glement Du Concours \u00c0 Participation Cr\u00e9ative Avec Vente Associ\u00e9e \u00ab Audi\u202fQ3\u202f\u2013 Yeshua School\u202f2026 \u00bb PR\u00c9AMBULE La pr\u00e9sente tombola \u00e0 participation cr\u00e9ative est organis\u00e9e par l\u2019ASBL Office de rassemblement des Suryoye [&hellip;]<\/p>\n","protected":false},"author":1,"featured_media":0,"parent":0,"menu_order":0,"comment_status":"closed","ping_status":"closed","template":"","meta":{"_surecart_dashboard_logo_width":"180px","_surecart_dashboard_show_logo":true,"_surecart_dashboard_navigation_orders":true,"_surecart_dashboard_navigation_invoices":true,"_surecart_dashboard_navigation_subscriptions":true,"_surecart_dashboard_navigation_downloads":true,"_surecart_dashboard_navigation_billing":true,"_surecart_dashboard_navigation_account":true,"site-sidebar-layout":"no-sidebar","site-content-layout":"page-builder","ast-site-content-layout":"full-width-container","site-content-style":"unboxed","site-sidebar-style":"unboxed","ast-global-header-display":"","ast-banner-title-visibility":"","ast-main-header-display":"","ast-hfb-above-header-display":"","ast-hfb-below-header-display":"","ast-hfb-mobile-header-display":"","site-post-title":"disabled","ast-breadcrumbs-content":"","ast-featured-img":"disabled","footer-sml-layout":"","ast-disable-related-posts":"","theme-transparent-header-meta":"","adv-header-id-meta":"","stick-header-meta":"","header-above-stick-meta":"","header-main-stick-meta":"","header-below-stick-meta":"","astra-migrate-meta-layouts":"set","ast-page-background-enabled":"default","ast-page-background-meta":{"desktop":{"background-color":"","background-image":"","background-repeat":"repeat","background-position":"center center","background-size":"auto","background-attachment":"scroll","background-type":"","background-media":"","overlay-type":"","overlay-color":"","overlay-opacity":"","overlay-gradient":""},"tablet":{"background-color":"","background-image":"","background-repeat":"repeat","background-position":"center center","background-size":"auto","background-attachment":"scroll","background-type":"","background-media":"","overlay-type":"","overlay-color":"","overlay-opacity":"","overlay-gradient":""},"mobile":{"background-color":"","background-image":"","background-repeat":"repeat","background-position":"center center","background-size":"auto","background-attachment":"scroll","background-type":"","background-media":"","overlay-type":"","overlay-color":"","overlay-opacity":"","overlay-gradient":""}},"ast-content-background-meta":{"desktop":{"background-color":"var(--ast-global-color-5)","background-image":"","background-repeat":"repeat","background-position":"center center","background-size":"auto","background-attachment":"scroll","background-type":"","background-media":"","overlay-type":"","overlay-color":"","overlay-opacity":"","overlay-gradient":""},"tablet":{"background-color":"var(--ast-global-color-5)","background-image":"","background-repeat":"repeat","background-position":"center center","background-size":"auto","background-attachment":"scroll","background-type":"","background-media":"","overlay-type":"","overlay-color":"","overlay-opacity":"","overlay-gradient":""},"mobile":{"background-color":"var(--ast-global-color-5)","background-image":"","background-repeat":"repeat","background-position":"center center","background-size":"auto","background-attachment":"scroll","background-type":"","background-media":"","overlay-type":"","overlay-color":"","overlay-opacity":"","overlay-gradient":""}},"footnotes":""},"class_list":["post-2764","page","type-page","status-publish","hentry"],"yoast_head":"<!-- This site is optimized with the Yoast SEO plugin v27.4 - https:\/\/yoast.com\/product\/yoast-seo-wordpress\/ -->\n<title>R\u00e8glement de la tombola - Yeshuaschool<\/title>\n<meta name=\"description\" content=\"D\u00e9couvrez R\u00e8glement de la tombola \u00e0 Yeshua School, une \u00e9cole chr\u00e9tienne \u00e0 Bruxelles offrant un enseignement de qualit\u00e9 en quatre langues : fran\u00e7ais, n\u00e9erlandais, anglais et syriaque. L&#039;\u00e9cole propose 30 activit\u00e9s sportives et artistiques, le petit-d\u00e9jeunet et le d\u00e9jeuner chaud \u00e0 tous les \u00e9l\u00e8ves, du lundi au vendredi. Des tournois sportifs sont organis\u00e9s les week-ends pour les familles. Une formation chr\u00e9tienne constitue la base de l&#039;enseignement \u00e0 Yeshua School.\" \/>\n<meta name=\"robots\" content=\"index, follow, max-snippet:-1, max-image-preview:large, max-video-preview:-1\" \/>\n<link rel=\"canonical\" href=\"https:\/\/yeshuaschool.com\/de\/reglement\/\" \/>\n<meta property=\"og:locale\" content=\"de_DE\" \/>\n<meta property=\"og:type\" content=\"article\" \/>\n<meta property=\"og:title\" content=\"R\u00e8glement de la tombola - Yeshuaschool\" \/>\n<meta property=\"og:description\" content=\"D\u00e9couvrez R\u00e8glement de la tombola \u00e0 Yeshua School, une \u00e9cole chr\u00e9tienne \u00e0 Bruxelles offrant un enseignement de qualit\u00e9 en quatre langues : fran\u00e7ais, n\u00e9erlandais, anglais et syriaque. L&#039;\u00e9cole propose 30 activit\u00e9s sportives et artistiques, le petit-d\u00e9jeunet et le d\u00e9jeuner chaud \u00e0 tous les \u00e9l\u00e8ves, du lundi au vendredi. Des tournois sportifs sont organis\u00e9s les week-ends pour les familles. Une formation chr\u00e9tienne constitue la base de l&#039;enseignement \u00e0 Yeshua School.\" \/>\n<meta property=\"og:url\" content=\"https:\/\/yeshuaschool.com\/de\/reglement\/\" \/>\n<meta property=\"og:site_name\" content=\"Yeshuaschool\" \/>\n<meta property=\"article:publisher\" content=\"https:\/\/www.facebook.com\/yeshuaschoolbe\" \/>\n<meta property=\"article:modified_time\" content=\"2026-04-02T19:34:58+00:00\" \/>\n<meta name=\"twitter:card\" content=\"summary_large_image\" \/>\n<meta name=\"twitter:site\" content=\"@school_yeshua\" \/>\n<meta name=\"twitter:label1\" content=\"Gesch\u00e4tzte Lesezeit\" \/>\n\t<meta name=\"twitter:data1\" content=\"5\u00a0Minuten\" \/>\n<script type=\"application\/ld+json\" class=\"yoast-schema-graph\">{\"@context\":\"https:\\\/\\\/schema.org\",\"@graph\":[{\"@type\":\"WebPage\",\"@id\":\"https:\\\/\\\/yeshuaschool.com\\\/reglement\\\/\",\"url\":\"https:\\\/\\\/yeshuaschool.com\\\/reglement\\\/\",\"name\":\"R\u00e8glement de la tombola - Yeshuaschool\",\"isPartOf\":{\"@id\":\"https:\\\/\\\/yeshuaschool.com\\\/#website\"},\"datePublished\":\"2026-02-23T22:16:28+00:00\",\"dateModified\":\"2026-04-02T19:34:58+00:00\",\"description\":\"D\u00e9couvrez R\u00e8glement de la tombola \u00e0 Yeshua School, une \u00e9cole chr\u00e9tienne \u00e0 Bruxelles offrant un enseignement de qualit\u00e9 en quatre langues : fran\u00e7ais, n\u00e9erlandais, anglais et syriaque. L'\u00e9cole propose 30 activit\u00e9s sportives et artistiques, le petit-d\u00e9jeunet et le d\u00e9jeuner chaud \u00e0 tous les \u00e9l\u00e8ves, du lundi au vendredi. Des tournois sportifs sont organis\u00e9s les week-ends pour les familles. Une formation chr\u00e9tienne constitue la base de l'enseignement \u00e0 Yeshua School.\",\"breadcrumb\":{\"@id\":\"https:\\\/\\\/yeshuaschool.com\\\/reglement\\\/#breadcrumb\"},\"inLanguage\":\"de\",\"potentialAction\":[{\"@type\":\"ReadAction\",\"target\":[\"https:\\\/\\\/yeshuaschool.com\\\/reglement\\\/\"]}]},{\"@type\":\"BreadcrumbList\",\"@id\":\"https:\\\/\\\/yeshuaschool.com\\\/reglement\\\/#breadcrumb\",\"itemListElement\":[{\"@type\":\"ListItem\",\"position\":1,\"name\":\"Home\",\"item\":\"https:\\\/\\\/yeshuaschool.com\\\/\"},{\"@type\":\"ListItem\",\"position\":2,\"name\":\"R\u00e8glement de la tombola\"}]},{\"@type\":\"WebSite\",\"@id\":\"https:\\\/\\\/yeshuaschool.com\\\/#website\",\"url\":\"https:\\\/\\\/yeshuaschool.com\\\/\",\"name\":\"Yeshuaschool\",\"description\":\"&quot;Yeshua School \u2014 apprendre avec sens.&quot;\",\"publisher\":{\"@id\":\"https:\\\/\\\/yeshuaschool.com\\\/#organization\"},\"potentialAction\":[{\"@type\":\"SearchAction\",\"target\":{\"@type\":\"EntryPoint\",\"urlTemplate\":\"https:\\\/\\\/yeshuaschool.com\\\/?s={search_term_string}\"},\"query-input\":{\"@type\":\"PropertyValueSpecification\",\"valueRequired\":true,\"valueName\":\"search_term_string\"}}],\"inLanguage\":\"de\"},{\"@type\":\"Organization\",\"@id\":\"https:\\\/\\\/yeshuaschool.com\\\/#organization\",\"name\":\"Yeshua School\",\"alternateName\":\"YS\",\"url\":\"https:\\\/\\\/yeshuaschool.com\\\/\",\"logo\":{\"@type\":\"ImageObject\",\"inLanguage\":\"de\",\"@id\":\"https:\\\/\\\/yeshuaschool.com\\\/#\\\/schema\\\/logo\\\/image\\\/\",\"url\":\"https:\\\/\\\/yeshuaschool.com\\\/wp-content\\\/uploads\\\/2026\\\/03\\\/cropped-Logo-YS-2-1.jpg\",\"contentUrl\":\"https:\\\/\\\/yeshuaschool.com\\\/wp-content\\\/uploads\\\/2026\\\/03\\\/cropped-Logo-YS-2-1.jpg\",\"width\":1164,\"height\":905,\"caption\":\"Yeshua School\"},\"image\":{\"@id\":\"https:\\\/\\\/yeshuaschool.com\\\/#\\\/schema\\\/logo\\\/image\\\/\"},\"sameAs\":[\"https:\\\/\\\/www.facebook.com\\\/yeshuaschoolbe\",\"https:\\\/\\\/x.com\\\/school_yeshua\",\"https:\\\/\\\/www.instagram.com\\\/yeshuaschool\\\/\",\"https:\\\/\\\/www.linkedin.com\\\/in\\\/yeshuaschoolcom\\\/\"]}]}<\/script>\n<!-- \/ Yoast SEO plugin. -->","yoast_head_json":{"title":"Regeln f\u00fcr die Tombola - Yeshuaschool","description":"Entdecken Sie die Regeln der Tombola an der Yeshua School, einer christlichen Schule in Br\u00fcssel, die qualitativ hochwertigen Unterricht in vier Sprachen anbietet: Franz\u00f6sisch, Niederl\u00e4ndisch, Englisch und Syrisch. Die Schule bietet 30 sportliche und k\u00fcnstlerische Aktivit\u00e4ten, Fr\u00fchst\u00fcck und ein warmes Mittagessen f\u00fcr alle Sch\u00fcler von Montag bis Freitag an. An den Wochenenden werden Sportturniere f\u00fcr die Familien organisiert. Eine christliche Ausbildung bildet die Grundlage des Unterrichts an der Yeshua School.","robots":{"index":"index","follow":"follow","max-snippet":"max-snippet:-1","max-image-preview":"max-image-preview:large","max-video-preview":"max-video-preview:-1"},"canonical":"https:\/\/yeshuaschool.com\/de\/reglement\/","og_locale":"de_DE","og_type":"article","og_title":"R\u00e8glement de la tombola - Yeshuaschool","og_description":"D\u00e9couvrez R\u00e8glement de la tombola \u00e0 Yeshua School, une \u00e9cole chr\u00e9tienne \u00e0 Bruxelles offrant un enseignement de qualit\u00e9 en quatre langues : fran\u00e7ais, n\u00e9erlandais, anglais et syriaque. L'\u00e9cole propose 30 activit\u00e9s sportives et artistiques, le petit-d\u00e9jeunet et le d\u00e9jeuner chaud \u00e0 tous les \u00e9l\u00e8ves, du lundi au vendredi. Des tournois sportifs sont organis\u00e9s les week-ends pour les familles. Une formation chr\u00e9tienne constitue la base de l'enseignement \u00e0 Yeshua School.","og_url":"https:\/\/yeshuaschool.com\/de\/reglement\/","og_site_name":"Yeshuaschool","article_publisher":"https:\/\/www.facebook.com\/yeshuaschoolbe","article_modified_time":"2026-04-02T19:34:58+00:00","twitter_card":"summary_large_image","twitter_site":"@school_yeshua","twitter_misc":{"Gesch\u00e4tzte Lesezeit":"5\u00a0Minuten"},"schema":{"@context":"https:\/\/schema.org","@graph":[{"@type":"WebPage","@id":"https:\/\/yeshuaschool.com\/reglement\/","url":"https:\/\/yeshuaschool.com\/reglement\/","name":"Regeln f\u00fcr die Tombola - Yeshuaschool","isPartOf":{"@id":"https:\/\/yeshuaschool.com\/#website"},"datePublished":"2026-02-23T22:16:28+00:00","dateModified":"2026-04-02T19:34:58+00:00","description":"Entdecken Sie die Regeln der Tombola an der Yeshua School, einer christlichen Schule in Br\u00fcssel, die qualitativ hochwertigen Unterricht in vier Sprachen anbietet: Franz\u00f6sisch, Niederl\u00e4ndisch, Englisch und Syrisch. Die Schule bietet 30 sportliche und k\u00fcnstlerische Aktivit\u00e4ten, Fr\u00fchst\u00fcck und ein warmes Mittagessen f\u00fcr alle Sch\u00fcler von Montag bis Freitag an. An den Wochenenden werden Sportturniere f\u00fcr die Familien organisiert. Eine christliche Ausbildung bildet die Grundlage des Unterrichts an der Yeshua School.","breadcrumb":{"@id":"https:\/\/yeshuaschool.com\/reglement\/#breadcrumb"},"inLanguage":"de","potentialAction":[{"@type":"ReadAction","target":["https:\/\/yeshuaschool.com\/reglement\/"]}]},{"@type":"BreadcrumbList","@id":"https:\/\/yeshuaschool.com\/reglement\/#breadcrumb","itemListElement":[{"@type":"ListItem","position":1,"name":"Home","item":"https:\/\/yeshuaschool.com\/"},{"@type":"ListItem","position":2,"name":"R\u00e8glement de la tombola"}]},{"@type":"WebSite","@id":"https:\/\/yeshuaschool.com\/#website","url":"https:\/\/yeshuaschool.com\/","name":"Yeshuaschool","description":"\"Yeshua School - Lernen mit Sinn\".\"","publisher":{"@id":"https:\/\/yeshuaschool.com\/#organization"},"potentialAction":[{"@type":"SearchAction","target":{"@type":"EntryPoint","urlTemplate":"https:\/\/yeshuaschool.com\/?s={search_term_string}"},"query-input":{"@type":"PropertyValueSpecification","valueRequired":true,"valueName":"search_term_string"}}],"inLanguage":"de"},{"@type":"Organization","@id":"https:\/\/yeshuaschool.com\/#organization","name":"Yeshua-Schule","alternateName":"YS","url":"https:\/\/yeshuaschool.com\/","logo":{"@type":"ImageObject","inLanguage":"de","@id":"https:\/\/yeshuaschool.com\/#\/schema\/logo\/image\/","url":"https:\/\/yeshuaschool.com\/wp-content\/uploads\/2026\/03\/cropped-Logo-YS-2-1.jpg","contentUrl":"https:\/\/yeshuaschool.com\/wp-content\/uploads\/2026\/03\/cropped-Logo-YS-2-1.jpg","width":1164,"height":905,"caption":"Yeshua School"},"image":{"@id":"https:\/\/yeshuaschool.com\/#\/schema\/logo\/image\/"},"sameAs":["https:\/\/www.facebook.com\/yeshuaschoolbe","https:\/\/x.com\/school_yeshua","https:\/\/www.instagram.com\/yeshuaschool\/","https:\/\/www.linkedin.com\/in\/yeshuaschoolcom\/"]}]}},"_links":{"self":[{"href":"https:\/\/yeshuaschool.com\/de\/wp-json\/wp\/v2\/pages\/2764","targetHints":{"allow":["GET"]}}],"collection":[{"href":"https:\/\/yeshuaschool.com\/de\/wp-json\/wp\/v2\/pages"}],"about":[{"href":"https:\/\/yeshuaschool.com\/de\/wp-json\/wp\/v2\/types\/page"}],"author":[{"embeddable":true,"href":"https:\/\/yeshuaschool.com\/de\/wp-json\/wp\/v2\/users\/1"}],"replies":[{"embeddable":true,"href":"https:\/\/yeshuaschool.com\/de\/wp-json\/wp\/v2\/comments?post=2764"}],"version-history":[{"count":99,"href":"https:\/\/yeshuaschool.com\/de\/wp-json\/wp\/v2\/pages\/2764\/revisions"}],"predecessor-version":[{"id":4492,"href":"https:\/\/yeshuaschool.com\/de\/wp-json\/wp\/v2\/pages\/2764\/revisions\/4492"}],"wp:attachment":[{"href":"https:\/\/yeshuaschool.com\/de\/wp-json\/wp\/v2\/media?parent=2764"}],"curies":[{"name":"wp","href":"https:\/\/api.w.org\/{rel}","templated":true}]}}