{"id":155,"date":"2025-11-11T16:01:20","date_gmt":"2025-11-11T15:01:20","guid":{"rendered":"https:\/\/yeshuaschool.com\/contact\/"},"modified":"2026-04-02T21:18:02","modified_gmt":"2026-04-02T19:18:02","slug":"contact","status":"publish","type":"page","link":"https:\/\/yeshuaschool.com\/en\/contact\/","title":{"rendered":"Contact"},"content":{"rendered":"\t\t<div data-elementor-type=\"wp-page\" data-elementor-id=\"155\" class=\"elementor elementor-155\">\n\t\t\t\t<div class=\"elementor-element elementor-element-5eece08 e-flex e-con-boxed e-con e-parent\" data-id=\"5eece08\" data-element_type=\"container\" data-e-type=\"container\" data-settings=\"{&quot;background_background&quot;:&quot;classic&quot;}\">\n\t\t\t\t\t<div class=\"e-con-inner\">\n\t\t<div class=\"elementor-element elementor-element-e7784f0 e-con-full e-flex e-con e-child\" data-id=\"e7784f0\" data-element_type=\"container\" data-e-type=\"container\">\n\t\t\t\t<div class=\"elementor-element elementor-element-d91ccbb elementor-widget elementor-widget-hfe-infocard\" data-id=\"d91ccbb\" data-element_type=\"widget\" data-e-type=\"widget\" data-widget_type=\"hfe-infocard.default\">\n\t\t\t\t<div class=\"elementor-widget-container\">\n\t\t\t\t\t\n\t\t<div class=\"hfe-infocard\">\n\t\t\t\t\t\t\t\t\t<div class=\"hfe-infocard-title-wrap\">\n\t\t\t\t<h2 class=\"hfe-infocard-title elementor-inline-editing\" data-elementor-setting-key=\"infocard_title\" data-elementor-inline-editing-toolbar=\"basic\" >Contactez-nous<\/h2>\t\t\t<\/div>\n\t\t\t\t\t\t<div class=\"hfe-infocard-text-wrap\">\n\t\t\t\t<div class=\"hfe-infocard-text elementor-inline-editing\" data-elementor-setting-key=\"infocard_description\" data-elementor-inline-editing-toolbar=\"advanced\">\n\t\t\t\t\tSouhaitez-vous vous renseigner sur les admissions, le programme ou tout autre sujet ?\nVous pouvez vous pr\u00e9senter pendant les heures de bureau, nous appeler ou simplement remplir le formulaire ici.\t\t\t\t<\/div>\n\t\t\t\t\t\t\t<\/div>\n\t\t<\/div>\n\n\t\t\t\t\t\t<\/div>\n\t\t\t\t<\/div>\n\t\t\t\t<div class=\"elementor-element elementor-element-da185a0 elementor-position-inline-start elementor-view-default elementor-mobile-position-block-start elementor-widget elementor-widget-icon-box\" data-id=\"da185a0\" data-element_type=\"widget\" data-e-type=\"widget\" data-widget_type=\"icon-box.default\">\n\t\t\t\t\t\t\t<div class=\"elementor-icon-box-wrapper\">\n\n\t\t\t\t\t\t<div class=\"elementor-icon-box-icon\">\n\t\t\t\t<span  class=\"elementor-icon\">\n\t\t\t\t<svg aria-hidden=\"true\" class=\"e-font-icon-svg e-fas-map-marker-alt\" viewBox=\"0 0 384 512\" xmlns=\"http:\/\/www.w3.org\/2000\/svg\"><path d=\"M172.268 501.67C26.97 291.031 0 269.413 0 192 0 85.961 85.961 0 192 0s192 85.961 192 192c0 77.413-26.97 99.031-172.268 309.67-9.535 13.774-29.93 13.773-39.464 0zM192 272c44.183 0 80-35.817 80-80s-35.817-80-80-80-80 35.817-80 80 35.817 80 80 80z\"><\/path><\/svg>\t\t\t\t<\/span>\n\t\t\t<\/div>\n\t\t\t\n\t\t\t\t\t\t<div class=\"elementor-icon-box-content\">\n\n\t\t\t\t\t\t\t\t\t<h6 class=\"elementor-icon-box-title\">\n\t\t\t\t\t\t<span  >\n\t\t\t\t\t\t\tAdresse\t\t\t\t\t\t<\/span>\n\t\t\t\t\t<\/h6>\n\t\t\t\t\n\t\t\t\t\t\t\t\t\t<p class=\"elementor-icon-box-description\">\n\t\t\t\t\t\tBrabant flamand (Belgique). Adresse comp\u00e8te \u00e0 venir.\t\t\t\t\t<\/p>\n\t\t\t\t\n\t\t\t<\/div>\n\t\t\t\n\t\t<\/div>\n\t\t\t\t\t\t<\/div>\n\t\t\t\t<div class=\"elementor-element elementor-element-faefeec elementor-position-inline-start elementor-view-default elementor-mobile-position-block-start elementor-widget elementor-widget-icon-box\" data-id=\"faefeec\" data-element_type=\"widget\" data-e-type=\"widget\" data-widget_type=\"icon-box.default\">\n\t\t\t\t\t\t\t<div class=\"elementor-icon-box-wrapper\">\n\n\t\t\t\t\t\t<div class=\"elementor-icon-box-icon\">\n\t\t\t\t<span  class=\"elementor-icon\">\n\t\t\t\t<svg aria-hidden=\"true\" class=\"e-font-icon-svg e-fas-phone\" viewBox=\"0 0 512 512\" xmlns=\"http:\/\/www.w3.org\/2000\/svg\"><path d=\"M493.4 24.6l-104-24c-11.3-2.6-22.9 3.3-27.5 13.9l-48 112c-4.2 9.8-1.4 21.3 6.9 28l60.6 49.6c-36 76.7-98.9 140.5-177.2 177.2l-49.6-60.6c-6.8-8.3-18.2-11.1-28-6.9l-112 48C3.9 366.5-2 378.1.6 389.4l24 104C27.1 504.2 36.7 512 48 512c256.1 0 464-207.5 464-464 0-11.2-7.7-20.9-18.6-23.4z\"><\/path><\/svg>\t\t\t\t<\/span>\n\t\t\t<\/div>\n\t\t\t\n\t\t\t\t\t\t<div class=\"elementor-icon-box-content\">\n\n\t\t\t\t\t\t\t\t\t<h6 class=\"elementor-icon-box-title\">\n\t\t\t\t\t\t<span  >\n\t\t\t\t\t\t\tT\u00e9l\u00e9phone\t\t\t\t\t\t<\/span>\n\t\t\t\t\t<\/h6>\n\t\t\t\t\n\t\t\t\t\t\t\t\t\t<p class=\"elementor-icon-box-description\">\n\t\t\t\t\t\t+32 484 117 505\t\t\t\t\t<\/p>\n\t\t\t\t\n\t\t\t<\/div>\n\t\t\t\n\t\t<\/div>\n\t\t\t\t\t\t<\/div>\n\t\t\t\t<div class=\"elementor-element elementor-element-c4d5fda elementor-position-inline-start elementor-view-default elementor-mobile-position-block-start elementor-widget elementor-widget-icon-box\" data-id=\"c4d5fda\" data-element_type=\"widget\" data-e-type=\"widget\" data-widget_type=\"icon-box.default\">\n\t\t\t\t\t\t\t<div class=\"elementor-icon-box-wrapper\">\n\n\t\t\t\t\t\t<div class=\"elementor-icon-box-icon\">\n\t\t\t\t<span  class=\"elementor-icon\">\n\t\t\t\t<svg aria-hidden=\"true\" class=\"e-font-icon-svg e-fas-envelope\" viewBox=\"0 0 512 512\" xmlns=\"http:\/\/www.w3.org\/2000\/svg\"><path d=\"M502.3 190.8c3.9-3.1 9.7-.2 9.7 4.7V400c0 26.5-21.5 48-48 48H48c-26.5 0-48-21.5-48-48V195.6c0-5 5.7-7.8 9.7-4.7 22.4 17.4 52.1 39.5 154.1 113.6 21.1 15.4 56.7 47.8 92.2 47.6 35.7.3 72-32.8 92.3-47.6 102-74.1 131.6-96.3 154-113.7zM256 320c23.2.4 56.6-29.2 73.4-41.4 132.7-96.3 142.8-104.7 173.4-128.7 5.8-4.5 9.2-11.5 9.2-18.9v-19c0-26.5-21.5-48-48-48H48C21.5 64 0 85.5 0 112v19c0 7.4 3.4 14.3 9.2 18.9 30.6 23.9 40.7 32.4 173.4 128.7 16.8 12.2 50.2 41.8 73.4 41.4z\"><\/path><\/svg>\t\t\t\t<\/span>\n\t\t\t<\/div>\n\t\t\t\n\t\t\t\t\t\t<div class=\"elementor-icon-box-content\">\n\n\t\t\t\t\t\t\t\t\t<h6 class=\"elementor-icon-box-title\">\n\t\t\t\t\t\t<span  >\n\t\t\t\t\t\t\tEmail\t\t\t\t\t\t<\/span>\n\t\t\t\t\t<\/h6>\n\t\t\t\t\n\t\t\t\t\t\t\t\t\t<p class=\"elementor-icon-box-description\">\n\t\t\t\t\t\tinfo@yeshuaschool.com\t\t\t\t\t<\/p>\n\t\t\t\t\n\t\t\t<\/div>\n\t\t\t\n\t\t<\/div>\n\t\t\t\t\t\t<\/div>\n\t\t\t\t<\/div>\n\t\t<div class=\"elementor-element elementor-element-b66ecc2 e-con-full e-flex e-con e-child\" data-id=\"b66ecc2\" data-element_type=\"container\" data-e-type=\"container\">\n\t\t\t\t<div class=\"elementor-element elementor-element-38b157d elementor-widget__width-inherit elementor-widget-mobile__width-inherit elementor-widget elementor-widget-heading\" data-id=\"38b157d\" data-element_type=\"widget\" data-e-type=\"widget\" data-widget_type=\"heading.default\">\n\t\t\t\t\t<h6 class=\"elementor-heading-title elementor-size-default\">Envoyer un message<\/h6>\t\t\t\t<\/div>\n\t\t\t\t<div class=\"elementor-element elementor-element-10dc433 elementor-widget elementor-widget-wpforms\" data-id=\"10dc433\" data-element_type=\"widget\" data-e-type=\"widget\" data-widget_type=\"wpforms.default\">\n\t\t\t\t<div class=\"elementor-widget-container\">\n\t\t\t\t\t<div class=\"wpforms-container \" id=\"wpforms-22\"><form id=\"wpforms-form-22\" class=\"wpforms-validate wpforms-form\" data-formid=\"22\" method=\"post\" enctype=\"multipart\/form-data\" action=\"\/en\/wp-json\/wp\/v2\/pages\/155\" data-token=\"3b301b3715e9ed44f8ea23ace5d37b71\" data-token-time=\"1776517420\"><noscript class=\"wpforms-error-noscript\">Please enable JavaScript in your browser to complete this form.<\/noscript><div class=\"wpforms-field-container\"><div id=\"wpforms-22-field_0-container\" class=\"wpforms-field wpforms-field-name\" data-field-id=\"0\"><label class=\"wpforms-field-label wpforms-label-hide\" for=\"wpforms-22-field_0\">Nom et pr\u00e9nom <span class=\"wpforms-required-label\">*<\/span><\/label><input type=\"text\" id=\"wpforms-22-field_0\" class=\"wpforms-field-large wpforms-field-required\" name=\"wpforms[fields][0]\" placeholder=\"Nom \" required><\/div><div id=\"wpforms-22-field_3-container\" class=\"wpforms-field wpforms-field-text\" data-field-id=\"3\"><label class=\"wpforms-field-label wpforms-label-hide\" for=\"wpforms-22-field_3\">Sujet <span class=\"wpforms-required-label\">*<\/span><\/label><input type=\"text\" id=\"wpforms-22-field_3\" class=\"wpforms-field-large wpforms-field-required\" name=\"wpforms[fields][3]\" placeholder=\"Sujet\" required><\/div><div id=\"wpforms-22-field_2-container\" class=\"wpforms-field wpforms-field-textarea\" data-field-id=\"2\"><label class=\"wpforms-field-label wpforms-label-hide\" for=\"wpforms-22-field_2\">Message <span class=\"wpforms-required-label\">*<\/span><\/label><textarea id=\"wpforms-22-field_2\" class=\"wpforms-field-medium wpforms-field-required\" name=\"wpforms[fields][2]\" placeholder=\"Votre message\" required><\/textarea><\/div><div id=\"wpforms-22-field_4-container\" class=\"wpforms-field wpforms-field-email\" data-field-id=\"4\"><label class=\"wpforms-field-label\" for=\"wpforms-22-field_4\">E-mail <span class=\"wpforms-required-label\">*<\/span><\/label><input type=\"email\" id=\"wpforms-22-field_4\" class=\"wpforms-field-medium wpforms-field-required\" name=\"wpforms[fields][4]\" spellcheck=\"false\" required><\/div><\/div><!-- .wpforms-field-container --><div class=\"wpforms-submit-container\" ><input type=\"hidden\" name=\"wpforms[id]\" value=\"22\"><input type=\"hidden\" name=\"page_title\" value=\"\"><input type=\"hidden\" name=\"page_url\" value=\"https:\/\/yeshuaschool.com\/en\/wp-json\/wp\/v2\/pages\/155\"><input type=\"hidden\" name=\"url_referer\" value=\"\"><button type=\"submit\" name=\"wpforms[submit]\" id=\"wpforms-submit-22\" class=\"wpforms-submit\" data-alt-text=\"En cours d&#039;envoi...\" data-submit-text=\"Envoyer\" aria-live=\"assertive\" value=\"wpforms-submit\">Envoyer<\/button><\/div><\/form><\/div>  <!-- .wpforms-container -->\t\t\t\t<\/div>\n\t\t\t\t<\/div>\n\t\t\t\t<\/div>\n\t\t\t\t\t<\/div>\n\t\t\t\t<\/div>\n\t\t<div class=\"elementor-element elementor-element-eece5f4 e-flex e-con-boxed e-con e-parent\" data-id=\"eece5f4\" data-element_type=\"container\" data-e-type=\"container\">\n\t\t\t\t\t<div class=\"e-con-inner\">\n\t\t\t\t<div class=\"elementor-element elementor-element-d89cb62 elementor-widget elementor-widget-google_maps\" data-id=\"d89cb62\" data-element_type=\"widget\" data-e-type=\"widget\" data-widget_type=\"google_maps.default\">\n\t\t\t\t\t\t\t<div class=\"elementor-custom-embed\">\n\t\t\t<iframe loading=\"lazy\"\n\t\t\t\t\tsrc=\"https:\/\/maps.google.com\/maps?q=Wemmel%2C%20Brabant%20flamand%2C%20Belgique&#038;t=m&#038;z=10&#038;output=embed&#038;iwloc=near\"\n\t\t\t\t\ttitle=\"Wemmel, Brabant flamand, Belgique\"\n\t\t\t\t\taria-label=\"Wemmel, Brabant flamand, Belgique\"\n\t\t\t><\/iframe>\n\t\t<\/div>\n\t\t\t\t\t\t<\/div>\n\t\t\t\t\t<\/div>\n\t\t\t\t<\/div>\n\t\t\t\t<\/div>\n\t\t","protected":false},"excerpt":{"rendered":"<p>Contactez-nous Souhaitez-vous vous renseigner sur les admissions, le programme ou tout autre sujet ? Vous pouvez vous pr\u00e9senter pendant les heures de bureau, nous appeler ou simplement remplir le formulaire [&hellip;]<\/p>\n","protected":false},"author":1,"featured_media":0,"parent":0,"menu_order":0,"comment_status":"closed","ping_status":"closed","template":"","meta":{"_surecart_dashboard_logo_width":"180px","_surecart_dashboard_show_logo":true,"_surecart_dashboard_navigation_orders":true,"_surecart_dashboard_navigation_invoices":true,"_surecart_dashboard_navigation_subscriptions":true,"_surecart_dashboard_navigation_downloads":true,"_surecart_dashboard_navigation_billing":true,"_surecart_dashboard_navigation_account":true,"site-sidebar-layout":"no-sidebar","site-content-layout":"page-builder","ast-site-content-layout":"full-width-container","site-content-style":"unboxed","site-sidebar-style":"unboxed","ast-global-header-display":"","ast-banner-title-visibility":"","ast-main-header-display":"","ast-hfb-above-header-display":"","ast-hfb-below-header-display":"","ast-hfb-mobile-header-display":"","site-post-title":"disabled","ast-breadcrumbs-content":"disabled","ast-featured-img":"disabled","footer-sml-layout":"","ast-disable-related-posts":"","theme-transparent-header-meta":"default","adv-header-id-meta":"","stick-header-meta":"","header-above-stick-meta":"","header-main-stick-meta":"","header-below-stick-meta":"","astra-migrate-meta-layouts":"set","ast-page-background-enabled":"default","ast-page-background-meta":{"desktop":{"background-color":"","background-image":"","background-repeat":"repeat","background-position":"center center","background-size":"auto","background-attachment":"scroll","background-type":"","background-media":"","overlay-type":"","overlay-color":"","overlay-opacity":"","overlay-gradient":""},"tablet":{"background-color":"","background-image":"","background-repeat":"repeat","background-position":"center center","background-size":"auto","background-attachment":"scroll","background-type":"","background-media":"","overlay-type":"","overlay-color":"","overlay-opacity":"","overlay-gradient":""},"mobile":{"background-color":"","background-image":"","background-repeat":"repeat","background-position":"center center","background-size":"auto","background-attachment":"scroll","background-type":"","background-media":"","overlay-type":"","overlay-color":"","overlay-opacity":"","overlay-gradient":""}},"ast-content-background-meta":{"desktop":{"background-color":"var(--ast-global-color-5)","background-image":"","background-repeat":"repeat","background-position":"center center","background-size":"auto","background-attachment":"scroll","background-type":"","background-media":"","overlay-type":"","overlay-color":"","overlay-opacity":"","overlay-gradient":""},"tablet":{"background-color":"var(--ast-global-color-5)","background-image":"","background-repeat":"repeat","background-position":"center center","background-size":"auto","background-attachment":"scroll","background-type":"","background-media":"","overlay-type":"","overlay-color":"","overlay-opacity":"","overlay-gradient":""},"mobile":{"background-color":"var(--ast-global-color-5)","background-image":"","background-repeat":"repeat","background-position":"center center","background-size":"auto","background-attachment":"scroll","background-type":"","background-media":"","overlay-type":"","overlay-color":"","overlay-opacity":"","overlay-gradient":""}},"footnotes":""},"class_list":["post-155","page","type-page","status-publish","hentry"],"yoast_head":"<!-- This site is optimized with the Yoast SEO plugin v27.4 - https:\/\/yoast.com\/product\/yoast-seo-wordpress\/ -->\n<title>Contact - Yeshuaschool<\/title>\n<meta name=\"description\" content=\"D\u00e9couvrez Contact \u00e0 Yeshua School, une \u00e9cole chr\u00e9tienne \u00e0 Bruxelles offrant un enseignement de qualit\u00e9 en quatre langues : fran\u00e7ais, n\u00e9erlandais, anglais et syriaque. L&#039;\u00e9cole propose 30 activit\u00e9s sportives et artistiques, le petit-d\u00e9jeun et et le d\u00e9jeuner chaud \u00e0 tous les \u00e9l\u00e8ves, du lundi au vendredi. Des tournois sportifs sont organis\u00e9s les week-ends pour les familles. Une formation chr\u00e9tienne constitue la base de l&#039;enseignement \u00e0 Yeshua School. Neem contact op met Yeshua School in Vlaanderen. Wij beantwoorden al uw vragen over onze programma&#039;s en inschrijvingen. Get in touch with Yeshua School in Flanders. We answer all your questions about our programmes and enrolment. Kontaktieren Sie Yeshua School in Flandern. Wir beantworten alle Ihre Fragen zu unseren Programmen und Anmeldungen. Kontakta Yeshua School i Flandern. Vi svarar p\u00e5 alla dina fr\u00e5gor om v\u00e5ra program och anm\u00e4lningar.\" \/>\n<meta name=\"robots\" content=\"index, follow, max-snippet:-1, max-image-preview:large, max-video-preview:-1\" \/>\n<link rel=\"canonical\" href=\"https:\/\/yeshuaschool.com\/en\/contact\/\" \/>\n<meta property=\"og:locale\" content=\"en_GB\" \/>\n<meta property=\"og:type\" content=\"article\" \/>\n<meta property=\"og:title\" content=\"Contact - Yeshuaschool\" \/>\n<meta property=\"og:description\" content=\"D\u00e9couvrez Contact \u00e0 Yeshua School, une \u00e9cole chr\u00e9tienne \u00e0 Bruxelles offrant un enseignement de qualit\u00e9 en quatre langues : fran\u00e7ais, n\u00e9erlandais, anglais et syriaque. L&#039;\u00e9cole propose 30 activit\u00e9s sportives et artistiques, le petit-d\u00e9jeun et et le d\u00e9jeuner chaud \u00e0 tous les \u00e9l\u00e8ves, du lundi au vendredi. Des tournois sportifs sont organis\u00e9s les week-ends pour les familles. Une formation chr\u00e9tienne constitue la base de l&#039;enseignement \u00e0 Yeshua School. Neem contact op met Yeshua School in Vlaanderen. Wij beantwoorden al uw vragen over onze programma&#039;s en inschrijvingen. Get in touch with Yeshua School in Flanders. We answer all your questions about our programmes and enrolment. Kontaktieren Sie Yeshua School in Flandern. Wir beantworten alle Ihre Fragen zu unseren Programmen und Anmeldungen. Kontakta Yeshua School i Flandern. Vi svarar p\u00e5 alla dina fr\u00e5gor om v\u00e5ra program och anm\u00e4lningar.\" \/>\n<meta property=\"og:url\" content=\"https:\/\/yeshuaschool.com\/en\/contact\/\" \/>\n<meta property=\"og:site_name\" content=\"Yeshuaschool\" \/>\n<meta property=\"article:publisher\" content=\"https:\/\/www.facebook.com\/yeshuaschoolbe\" \/>\n<meta property=\"article:modified_time\" content=\"2026-04-02T19:18:02+00:00\" \/>\n<meta name=\"twitter:card\" content=\"summary_large_image\" \/>\n<meta name=\"twitter:site\" content=\"@school_yeshua\" \/>\n<meta name=\"twitter:label1\" content=\"Estimated reading time\" \/>\n\t<meta name=\"twitter:data1\" content=\"1 minute\" \/>\n<script type=\"application\/ld+json\" class=\"yoast-schema-graph\">{\"@context\":\"https:\\\/\\\/schema.org\",\"@graph\":[{\"@type\":\"WebPage\",\"@id\":\"https:\\\/\\\/yeshuaschool.com\\\/contact\\\/\",\"url\":\"https:\\\/\\\/yeshuaschool.com\\\/contact\\\/\",\"name\":\"Contact - Yeshuaschool\",\"isPartOf\":{\"@id\":\"https:\\\/\\\/yeshuaschool.com\\\/#website\"},\"datePublished\":\"2025-11-11T15:01:20+00:00\",\"dateModified\":\"2026-04-02T19:18:02+00:00\",\"description\":\"D\u00e9couvrez Contact \u00e0 Yeshua School, une \u00e9cole chr\u00e9tienne \u00e0 Bruxelles offrant un enseignement de qualit\u00e9 en quatre langues : fran\u00e7ais, n\u00e9erlandais, anglais et syriaque. L'\u00e9cole propose 30 activit\u00e9s sportives et artistiques, le petit-d\u00e9jeun et et le d\u00e9jeuner chaud \u00e0 tous les \u00e9l\u00e8ves, du lundi au vendredi. Des tournois sportifs sont organis\u00e9s les week-ends pour les familles. Une formation chr\u00e9tienne constitue la base de l'enseignement \u00e0 Yeshua School. Neem contact op met Yeshua School in Vlaanderen. Wij beantwoorden al uw vragen over onze programma's en inschrijvingen. Get in touch with Yeshua School in Flanders. We answer all your questions about our programmes and enrolment. Kontaktieren Sie Yeshua School in Flandern. Wir beantworten alle Ihre Fragen zu unseren Programmen und Anmeldungen. Kontakta Yeshua School i Flandern. Vi svarar p\u00e5 alla dina fr\u00e5gor om v\u00e5ra program och anm\u00e4lningar.\",\"breadcrumb\":{\"@id\":\"https:\\\/\\\/yeshuaschool.com\\\/contact\\\/#breadcrumb\"},\"inLanguage\":\"en-GB\",\"potentialAction\":[{\"@type\":\"ReadAction\",\"target\":[\"https:\\\/\\\/yeshuaschool.com\\\/contact\\\/\"]}]},{\"@type\":\"BreadcrumbList\",\"@id\":\"https:\\\/\\\/yeshuaschool.com\\\/contact\\\/#breadcrumb\",\"itemListElement\":[{\"@type\":\"ListItem\",\"position\":1,\"name\":\"Home\",\"item\":\"https:\\\/\\\/yeshuaschool.com\\\/\"},{\"@type\":\"ListItem\",\"position\":2,\"name\":\"Contact\"}]},{\"@type\":\"WebSite\",\"@id\":\"https:\\\/\\\/yeshuaschool.com\\\/#website\",\"url\":\"https:\\\/\\\/yeshuaschool.com\\\/\",\"name\":\"Yeshuaschool\",\"description\":\"&quot;Yeshua School \u2014 apprendre avec sens.&quot;\",\"publisher\":{\"@id\":\"https:\\\/\\\/yeshuaschool.com\\\/#organization\"},\"potentialAction\":[{\"@type\":\"SearchAction\",\"target\":{\"@type\":\"EntryPoint\",\"urlTemplate\":\"https:\\\/\\\/yeshuaschool.com\\\/?s={search_term_string}\"},\"query-input\":{\"@type\":\"PropertyValueSpecification\",\"valueRequired\":true,\"valueName\":\"search_term_string\"}}],\"inLanguage\":\"en-GB\"},{\"@type\":\"Organization\",\"@id\":\"https:\\\/\\\/yeshuaschool.com\\\/#organization\",\"name\":\"Yeshua School\",\"alternateName\":\"YS\",\"url\":\"https:\\\/\\\/yeshuaschool.com\\\/\",\"logo\":{\"@type\":\"ImageObject\",\"inLanguage\":\"en-GB\",\"@id\":\"https:\\\/\\\/yeshuaschool.com\\\/#\\\/schema\\\/logo\\\/image\\\/\",\"url\":\"https:\\\/\\\/yeshuaschool.com\\\/wp-content\\\/uploads\\\/2026\\\/03\\\/cropped-Logo-YS-2-1.jpg\",\"contentUrl\":\"https:\\\/\\\/yeshuaschool.com\\\/wp-content\\\/uploads\\\/2026\\\/03\\\/cropped-Logo-YS-2-1.jpg\",\"width\":1164,\"height\":905,\"caption\":\"Yeshua School\"},\"image\":{\"@id\":\"https:\\\/\\\/yeshuaschool.com\\\/#\\\/schema\\\/logo\\\/image\\\/\"},\"sameAs\":[\"https:\\\/\\\/www.facebook.com\\\/yeshuaschoolbe\",\"https:\\\/\\\/x.com\\\/school_yeshua\",\"https:\\\/\\\/www.instagram.com\\\/yeshuaschool\\\/\",\"https:\\\/\\\/www.linkedin.com\\\/in\\\/yeshuaschoolcom\\\/\"]}]}<\/script>\n<!-- \/ Yoast SEO plugin. -->","yoast_head_json":{"title":"Contact - Yeshuaschool","description":"Discover Contact at Yeshua School, a Christian school in Brussels offering quality teaching in four languages: French, Dutch, English and Syriac. The school offers 30 sports and arts activities, breakfast and hot lunch to all pupils, Monday to Friday. Sports tournaments are organised at weekends for families. Christian formation forms the basis of teaching at Yeshua School. Neem contact op met Yeshua School in Vlaanderen. Wij beantwoorden al uw vragen over onze programma's en inschrijvingen. Get in touch with Yeshua School in Flanders. We answer all your questions about our programmes and enrolment. Kontaktieren Sie Yeshua School in Flandern. Wir beantworten alle Ihre Fragen zu unseren Programmen und Anmeldungen. Contact Yeshua School in Flanders. Vi svarar p\u00e5 alla dina fr\u00e5gor om v\u00e5ra program och anm\u00e4lningar.","robots":{"index":"index","follow":"follow","max-snippet":"max-snippet:-1","max-image-preview":"max-image-preview:large","max-video-preview":"max-video-preview:-1"},"canonical":"https:\/\/yeshuaschool.com\/en\/contact\/","og_locale":"en_GB","og_type":"article","og_title":"Contact - Yeshuaschool","og_description":"D\u00e9couvrez Contact \u00e0 Yeshua School, une \u00e9cole chr\u00e9tienne \u00e0 Bruxelles offrant un enseignement de qualit\u00e9 en quatre langues : fran\u00e7ais, n\u00e9erlandais, anglais et syriaque. L'\u00e9cole propose 30 activit\u00e9s sportives et artistiques, le petit-d\u00e9jeun et et le d\u00e9jeuner chaud \u00e0 tous les \u00e9l\u00e8ves, du lundi au vendredi. Des tournois sportifs sont organis\u00e9s les week-ends pour les familles. Une formation chr\u00e9tienne constitue la base de l'enseignement \u00e0 Yeshua School. Neem contact op met Yeshua School in Vlaanderen. Wij beantwoorden al uw vragen over onze programma's en inschrijvingen. Get in touch with Yeshua School in Flanders. We answer all your questions about our programmes and enrolment. Kontaktieren Sie Yeshua School in Flandern. Wir beantworten alle Ihre Fragen zu unseren Programmen und Anmeldungen. Kontakta Yeshua School i Flandern. Vi svarar p\u00e5 alla dina fr\u00e5gor om v\u00e5ra program och anm\u00e4lningar.","og_url":"https:\/\/yeshuaschool.com\/en\/contact\/","og_site_name":"Yeshuaschool","article_publisher":"https:\/\/www.facebook.com\/yeshuaschoolbe","article_modified_time":"2026-04-02T19:18:02+00:00","twitter_card":"summary_large_image","twitter_site":"@school_yeshua","twitter_misc":{"Estimated reading time":"1 minute"},"schema":{"@context":"https:\/\/schema.org","@graph":[{"@type":"WebPage","@id":"https:\/\/yeshuaschool.com\/contact\/","url":"https:\/\/yeshuaschool.com\/contact\/","name":"Contact - Yeshuaschool","isPartOf":{"@id":"https:\/\/yeshuaschool.com\/#website"},"datePublished":"2025-11-11T15:01:20+00:00","dateModified":"2026-04-02T19:18:02+00:00","description":"Discover Contact at Yeshua School, a Christian school in Brussels offering quality teaching in four languages: French, Dutch, English and Syriac. The school offers 30 sports and arts activities, breakfast and hot lunch to all pupils, Monday to Friday. Sports tournaments are organised at weekends for families. Christian formation forms the basis of teaching at Yeshua School. Neem contact op met Yeshua School in Vlaanderen. Wij beantwoorden al uw vragen over onze programma's en inschrijvingen. Get in touch with Yeshua School in Flanders. We answer all your questions about our programmes and enrolment. Kontaktieren Sie Yeshua School in Flandern. Wir beantworten alle Ihre Fragen zu unseren Programmen und Anmeldungen. Contact Yeshua School in Flanders. Vi svarar p\u00e5 alla dina fr\u00e5gor om v\u00e5ra program och anm\u00e4lningar.","breadcrumb":{"@id":"https:\/\/yeshuaschool.com\/contact\/#breadcrumb"},"inLanguage":"en-GB","potentialAction":[{"@type":"ReadAction","target":["https:\/\/yeshuaschool.com\/contact\/"]}]},{"@type":"BreadcrumbList","@id":"https:\/\/yeshuaschool.com\/contact\/#breadcrumb","itemListElement":[{"@type":"ListItem","position":1,"name":"Home","item":"https:\/\/yeshuaschool.com\/"},{"@type":"ListItem","position":2,"name":"Contact"}]},{"@type":"WebSite","@id":"https:\/\/yeshuaschool.com\/#website","url":"https:\/\/yeshuaschool.com\/","name":"Yeshuaschool","description":"\"Yeshua School - learning with meaning.\"","publisher":{"@id":"https:\/\/yeshuaschool.com\/#organization"},"potentialAction":[{"@type":"SearchAction","target":{"@type":"EntryPoint","urlTemplate":"https:\/\/yeshuaschool.com\/?s={search_term_string}"},"query-input":{"@type":"PropertyValueSpecification","valueRequired":true,"valueName":"search_term_string"}}],"inLanguage":"en-GB"},{"@type":"Organization","@id":"https:\/\/yeshuaschool.com\/#organization","name":"Yeshua School","alternateName":"YS","url":"https:\/\/yeshuaschool.com\/","logo":{"@type":"ImageObject","inLanguage":"en-GB","@id":"https:\/\/yeshuaschool.com\/#\/schema\/logo\/image\/","url":"https:\/\/yeshuaschool.com\/wp-content\/uploads\/2026\/03\/cropped-Logo-YS-2-1.jpg","contentUrl":"https:\/\/yeshuaschool.com\/wp-content\/uploads\/2026\/03\/cropped-Logo-YS-2-1.jpg","width":1164,"height":905,"caption":"Yeshua School"},"image":{"@id":"https:\/\/yeshuaschool.com\/#\/schema\/logo\/image\/"},"sameAs":["https:\/\/www.facebook.com\/yeshuaschoolbe","https:\/\/x.com\/school_yeshua","https:\/\/www.instagram.com\/yeshuaschool\/","https:\/\/www.linkedin.com\/in\/yeshuaschoolcom\/"]}]}},"_links":{"self":[{"href":"https:\/\/yeshuaschool.com\/en\/wp-json\/wp\/v2\/pages\/155","targetHints":{"allow":["GET"]}}],"collection":[{"href":"https:\/\/yeshuaschool.com\/en\/wp-json\/wp\/v2\/pages"}],"about":[{"href":"https:\/\/yeshuaschool.com\/en\/wp-json\/wp\/v2\/types\/page"}],"author":[{"embeddable":true,"href":"https:\/\/yeshuaschool.com\/en\/wp-json\/wp\/v2\/users\/1"}],"replies":[{"embeddable":true,"href":"https:\/\/yeshuaschool.com\/en\/wp-json\/wp\/v2\/comments?post=155"}],"version-history":[{"count":33,"href":"https:\/\/yeshuaschool.com\/en\/wp-json\/wp\/v2\/pages\/155\/revisions"}],"predecessor-version":[{"id":2894,"href":"https:\/\/yeshuaschool.com\/en\/wp-json\/wp\/v2\/pages\/155\/revisions\/2894"}],"wp:attachment":[{"href":"https:\/\/yeshuaschool.com\/en\/wp-json\/wp\/v2\/media?parent=155"}],"curies":[{"name":"wp","href":"https:\/\/api.w.org\/{rel}","templated":true}]}}