{"id":1519,"date":"2026-02-03T22:40:35","date_gmt":"2026-02-03T21:40:35","guid":{"rendered":"https:\/\/yeshuaschool.com\/?page_id=1519"},"modified":"2026-03-04T00:55:07","modified_gmt":"2026-03-03T23:55:07","slug":"privacybeleid-2","status":"publish","type":"page","link":"https:\/\/yeshuaschool.com\/nl\/politiques-de-confidentialite\/","title":{"rendered":"Privacybeleid"},"content":{"rendered":"<div data-elementor-type=\"wp-page\" data-elementor-id=\"1519\" class=\"elementor elementor-1519\">\n\t\t\t\t<div class=\"elementor-element elementor-element-99a8c79 e-flex e-con-boxed e-con e-parent\" data-id=\"99a8c79\" data-element_type=\"container\" data-e-type=\"container\">\n\t\t\t\t\t<div class=\"e-con-inner\">\n\t\t\t\t<div class=\"elementor-element elementor-element-dcb6f5e elementor-widget elementor-widget-text-editor\" data-id=\"dcb6f5e\" data-element_type=\"widget\" data-e-type=\"widget\" data-widget_type=\"text-editor.default\">\n\t\t\t\t\t\t\t\t\t<p><strong>Yeshua School<\/strong><\/p><p>Laatste update : <strong>1 februari 2026<\/strong><\/p><ol><li><strong>Inleiding<\/strong><\/li><\/ol><p>De Yeshua School hecht bijzonder belang aan het beschermen van de persoonlijke gegevens en privacy van studenten, ouders, personeel, bezoekers en gebruikers van haar website.<\/p><p>Het doel van dit privacybeleid is om duidelijke en transparante informatie te geven over hoe persoonlijke gegevens worden verzameld, gebruikt en beschermd, in overeenstemming met de Richtlijn Gegevensbescherming. <strong>Algemene verordening gegevensbescherming (GDPR - EU 2016\/679)<\/strong> en de toepasselijke Belgische wetgeving.<\/p><ol start=\"2\"><li><strong>Gegevensbeheerder<\/strong><\/li><\/ol><p>De verantwoordelijke voor de verwerking van de gegevens is :<\/p><p><strong>Yeshua School<\/strong><br \/>Gen\u00e8vestraat 470a<br \/>1030 Schaarbeek<br \/>Belgi\u00eb<\/p><ol start=\"3\"><li><strong>Functionaris voor gegevensbescherming (DPO)<\/strong><\/li><\/ol><p>De functionaris voor gegevensbescherming is :<\/p><p><strong>Mevrouw ORs Lena<\/strong><br \/>E-mail: ors.lena@yeshuaschool.com<\/p><p>Alle vragen met betrekking tot de verwerking van persoonsgegevens kunnen aan hem worden gericht.<\/p><ol start=\"4\"><li><strong>Verzamelde persoonlijke gegevens<\/strong><\/li><\/ol><p>Yeshua School kan de volgende categorie\u00ebn gegevens verzamelen en verwerken:<\/p><ol><li><strong>a) Studenten<\/strong><\/li><\/ol><ul><li>Achternaam, voornaam<\/li><li>Geboortedatum en -plaats<\/li><li>Adres<\/li><li>Gegevens van ouders of wettelijke voogden<\/li><li>School- en onderwijsgegevens<\/li><li>Administratieve gegevens met betrekking tot registratie<\/li><li>Strikt noodzakelijke medische gegevens (allergie\u00ebn, specifieke behoeften), met uitdrukkelijke toestemming<\/li><\/ul><ol><li><strong>b) Ouders \/ wettelijke voogden<\/strong><\/li><\/ol><ul><li>Achternaam, voornaam<\/li><li>Adres<\/li><li>Telefoonnummer<\/li><li>E-mailadres<\/li><li>Administratieve en financi\u00eble informatie<\/li><\/ul><ol><li><strong>c) Personeel en kandidaten<\/strong><\/li><\/ol><ul><li>Identificatiegegevens<\/li><li>CV, diploma's, beroepservaring<\/li><li>Administratieve en contractuele gegevens<\/li><\/ul><ol><li><strong>d) Websitegebruikers<\/strong><\/li><\/ol><ul><li>Contactgegevens (formulier)<\/li><li>IP-adres<\/li><li>Browsergegevens (cookies)<\/li><\/ul><ol start=\"5\"><li><strong>Doeleinden van verwerking<\/strong><\/li><\/ol><p>Persoonlijke gegevens worden uitsluitend verwerkt voor de volgende doeleinden:<\/p><ul><li>Administratief en pedagogisch beheer van de school<\/li><li>Leerlingen inschrijven en volgen<\/li><li>Communicatie met ouders en voogden<\/li><li>Personeels- en applicatiebeheer<\/li><li>Voldoen aan wettelijke en reglementaire verplichtingen<\/li><li>Beheer van de website en verbetering van de gebruikerservaring<\/li><li>Organisatie van schoolevenementen<\/li><\/ul><ol start=\"6\"><li><strong>Rechtsgrondslag voor verwerking<\/strong><\/li><\/ol><p>De gegevensverwerking is gebaseerd op :<\/p><ul><li>De uitvoering van een opdracht van algemeen belang of een contract<\/li><li>Naleving van wettelijke verplichtingen<\/li><li>De uitdrukkelijke toestemming van de betrokkenen (indien van toepassing)<\/li><li>De legitieme belangen van de instelling, met inachtneming van fundamentele rechten en vrijheden<\/li><\/ul><ol start=\"7\"><li><strong>Ontvangers van gegevens<\/strong><\/li><\/ol><p>Persoonsgegevens mogen alleen worden doorgegeven :<\/p><ul><li>Geautoriseerde personeelsleden<\/li><li>Aan de bevoegde autoriteiten indien wettelijk vereist<\/li><li>Dienstverleners (IT, hosting, boekhouding), gebonden door een geheimhoudingsplicht<\/li><\/ul><p>Persoonlijke gegevens worden niet verkocht of doorgegeven aan derden voor commerci\u00eble doeleinden.<\/p><ol start=\"8\"><li><strong>Houdbaarheid<\/strong><\/li><\/ol><p>Gegevens worden niet langer bewaard dan nodig is voor de doeleinden waarvoor ze zijn verzameld en in overeenstemming met de geldende wettelijke verplichtingen.<\/p><p>De instandhoudingscriteria houden rekening met :<\/p><ul><li>De lengte van de cursus<\/li><li>Administratieve en fiscale verplichtingen<\/li><li>Wettelijke verjaringstermijnen<\/li><\/ul><ol start=\"9\"><li><strong>Rechten van de betrokken personen<\/strong><\/li><\/ol><p>In overeenstemming met de RGPD hebben alle personen de volgende rechten:<\/p><ul><li>Recht op toegang<\/li><li>Recht op correctie<\/li><li>Recht op wissen (recht om vergeten te worden)<\/li><li>Recht op beperking van de verwerking<\/li><li>Recht op bezwaar<\/li><li>Recht op gegevensoverdraagbaarheid<\/li><li>Recht om toestemming op elk moment in te trekken<\/li><\/ul><p>Verzoeken kunnen schriftelijk worden ingediend bij de DPO van de Yeshua School.<\/p><ol start=\"10\"><li><strong>Schade<\/strong><\/li><\/ol><p>Als u van mening bent dat uw rechten niet zijn gerespecteerd, kunt u een klacht indienen bij de bevoegde toezichthoudende autoriteit:<\/p><p><strong>Gegevensbeschermingsautoriteit (DPA)<\/strong><br \/>Pressestraat 35<br \/>1000 Brussel<br \/>\ud83d\udce7 <a href=\"mailto:contact@apd-gba.be\">contact@apd-gba.be<\/a><br \/>\ud83c\udf10 <a href=\"https:\/\/www.autoriteprotectiondonnees.be\/\">https:\/\/www.autoriteprotectiondonnees.be<\/a><\/p><ol start=\"11\"><li><strong>Gegevensbeveiliging<\/strong><\/li><\/ol><p>Yeshua School implementeert passende technische en organisatorische maatregelen om de veiligheid, vertrouwelijkheid en integriteit van persoonsgegevens te waarborgen.<\/p><ol start=\"12\"><li><strong>Cookies<\/strong><\/li><\/ol><p>De Yeshua School website gebruikt cookies die strikt noodzakelijk zijn voor de goede werking en, indien van toepassing, analytische cookies.<br \/>Een apart cookiebeleid kan worden geraadpleegd op de site.<\/p><ol start=\"13\"><li><strong>Wijzigingen in het beleid<\/strong><\/li><\/ol><p>Dit privacybeleid kan te allen tijde worden gewijzigd om te voldoen aan wettelijke of organisatorische ontwikkelingen. De meest recente versie is altijd beschikbaar op de website van de Yeshua School.<\/p><p><strong>Yeshua School<\/strong><br \/>Gen\u00e8vestraat 470a<br \/>1030 Schaarbeek<\/p>\t\t\t\t\t\t\t\t<\/div>\n\t\t\t\t\t<\/div>\n\t\t\t\t<\/div>\n\t\t\t\t<\/div>","protected":false},"excerpt":{"rendered":"<p>Yeshua School Derni\u00e8re mise \u00e0 jour : 1er f\u00e9vrier 2026 Introduction Yeshua School accorde une importance particuli\u00e8re \u00e0 la protection des donn\u00e9es \u00e0 caract\u00e8re personnel et au respect de la [&hellip;]<\/p>\n","protected":false},"author":1,"featured_media":0,"parent":0,"menu_order":0,"comment_status":"closed","ping_status":"closed","template":"","meta":{"_surecart_dashboard_logo_width":"180px","_surecart_dashboard_show_logo":true,"_surecart_dashboard_navigation_orders":true,"_surecart_dashboard_navigation_invoices":true,"_surecart_dashboard_navigation_subscriptions":true,"_surecart_dashboard_navigation_downloads":true,"_surecart_dashboard_navigation_billing":true,"_surecart_dashboard_navigation_account":true,"site-sidebar-layout":"no-sidebar","site-content-layout":"page-builder","ast-site-content-layout":"full-width-container","site-content-style":"default","site-sidebar-style":"default","ast-global-header-display":"","ast-banner-title-visibility":"","ast-main-header-display":"","ast-hfb-above-header-display":"","ast-hfb-below-header-display":"","ast-hfb-mobile-header-display":"","site-post-title":"","ast-breadcrumbs-content":"","ast-featured-img":"disabled","footer-sml-layout":"","ast-disable-related-posts":"","theme-transparent-header-meta":"","adv-header-id-meta":"","stick-header-meta":"","header-above-stick-meta":"","header-main-stick-meta":"","header-below-stick-meta":"","astra-migrate-meta-layouts":"set","ast-page-background-enabled":"default","ast-page-background-meta":{"desktop":{"background-color":"","background-image":"","background-repeat":"repeat","background-position":"center center","background-size":"auto","background-attachment":"scroll","background-type":"","background-media":"","overlay-type":"","overlay-color":"","overlay-opacity":"","overlay-gradient":""},"tablet":{"background-color":"","background-image":"","background-repeat":"repeat","background-position":"center center","background-size":"auto","background-attachment":"scroll","background-type":"","background-media":"","overlay-type":"","overlay-color":"","overlay-opacity":"","overlay-gradient":""},"mobile":{"background-color":"","background-image":"","background-repeat":"repeat","background-position":"center center","background-size":"auto","background-attachment":"scroll","background-type":"","background-media":"","overlay-type":"","overlay-color":"","overlay-opacity":"","overlay-gradient":""}},"ast-content-background-meta":{"desktop":{"background-color":"var(--ast-global-color-5)","background-image":"","background-repeat":"repeat","background-position":"center center","background-size":"auto","background-attachment":"scroll","background-type":"","background-media":"","overlay-type":"","overlay-color":"","overlay-opacity":"","overlay-gradient":""},"tablet":{"background-color":"var(--ast-global-color-5)","background-image":"","background-repeat":"repeat","background-position":"center center","background-size":"auto","background-attachment":"scroll","background-type":"","background-media":"","overlay-type":"","overlay-color":"","overlay-opacity":"","overlay-gradient":""},"mobile":{"background-color":"var(--ast-global-color-5)","background-image":"","background-repeat":"repeat","background-position":"center center","background-size":"auto","background-attachment":"scroll","background-type":"","background-media":"","overlay-type":"","overlay-color":"","overlay-opacity":"","overlay-gradient":""}},"footnotes":""},"class_list":["post-1519","page","type-page","status-publish","hentry"],"yoast_head":"<!-- This site is optimized with the Yoast SEO plugin v27.4 - https:\/\/yoast.com\/product\/yoast-seo-wordpress\/ -->\n<title>Politiques de confidentialit\u00e9 - Yeshuaschool<\/title>\n<meta name=\"description\" content=\"D\u00e9couvrez Politiques de confidentialit\u00e9 \u00e0 Yeshua School, une \u00e9cole chr\u00e9tienne \u00e0 Bruxelles offrant un enseignement de qualit\u00e9 en quatre langues : fran\u00e7ais, n\u00e9erlandais, anglais et syriaque. L&#039;\u00e9cole propose 30 activit\u00e9s sportives et artistiques, le petit-d\u00e9jeunet et le d\u00e9jeuner chaud \u00e0 tous les \u00e9l\u00e8ves, du lundi au vendredi. Des tournois sportifs sont organis\u00e9s les week-ends pour les familles. Une formation chr\u00e9tienne constitue la base de l&#039;enseignement \u00e0 Yeshua School.\" \/>\n<meta name=\"robots\" content=\"index, follow, max-snippet:-1, max-image-preview:large, max-video-preview:-1\" \/>\n<link rel=\"canonical\" href=\"https:\/\/yeshuaschool.com\/nl\/privacybeleid-2\/\" \/>\n<meta property=\"og:locale\" content=\"nl_NL\" \/>\n<meta property=\"og:type\" content=\"article\" \/>\n<meta property=\"og:title\" content=\"Politiques de confidentialit\u00e9 - Yeshuaschool\" \/>\n<meta property=\"og:description\" content=\"D\u00e9couvrez Politiques de confidentialit\u00e9 \u00e0 Yeshua School, une \u00e9cole chr\u00e9tienne \u00e0 Bruxelles offrant un enseignement de qualit\u00e9 en quatre langues : fran\u00e7ais, n\u00e9erlandais, anglais et syriaque. L&#039;\u00e9cole propose 30 activit\u00e9s sportives et artistiques, le petit-d\u00e9jeunet et le d\u00e9jeuner chaud \u00e0 tous les \u00e9l\u00e8ves, du lundi au vendredi. Des tournois sportifs sont organis\u00e9s les week-ends pour les familles. Une formation chr\u00e9tienne constitue la base de l&#039;enseignement \u00e0 Yeshua School.\" \/>\n<meta property=\"og:url\" content=\"https:\/\/yeshuaschool.com\/nl\/privacybeleid-2\/\" \/>\n<meta property=\"og:site_name\" content=\"Yeshuaschool\" \/>\n<meta property=\"article:publisher\" content=\"https:\/\/www.facebook.com\/yeshuaschoolbe\" \/>\n<meta property=\"article:modified_time\" content=\"2026-03-03T23:55:07+00:00\" \/>\n<meta name=\"twitter:card\" content=\"summary_large_image\" \/>\n<meta name=\"twitter:site\" content=\"@school_yeshua\" \/>\n<meta name=\"twitter:label1\" content=\"Geschatte leestijd\" \/>\n\t<meta name=\"twitter:data1\" content=\"4 minuten\" \/>\n<script type=\"application\/ld+json\" class=\"yoast-schema-graph\">{\"@context\":\"https:\\\/\\\/schema.org\",\"@graph\":[{\"@type\":\"WebPage\",\"@id\":\"https:\\\/\\\/yeshuaschool.com\\\/politiques-de-confidentialite\\\/\",\"url\":\"https:\\\/\\\/yeshuaschool.com\\\/politiques-de-confidentialite\\\/\",\"name\":\"Politiques de confidentialit\u00e9 - Yeshuaschool\",\"isPartOf\":{\"@id\":\"https:\\\/\\\/yeshuaschool.com\\\/#website\"},\"datePublished\":\"2026-02-03T21:40:35+00:00\",\"dateModified\":\"2026-03-03T23:55:07+00:00\",\"description\":\"D\u00e9couvrez Politiques de confidentialit\u00e9 \u00e0 Yeshua School, une \u00e9cole chr\u00e9tienne \u00e0 Bruxelles offrant un enseignement de qualit\u00e9 en quatre langues : fran\u00e7ais, n\u00e9erlandais, anglais et syriaque. L'\u00e9cole propose 30 activit\u00e9s sportives et artistiques, le petit-d\u00e9jeunet et le d\u00e9jeuner chaud \u00e0 tous les \u00e9l\u00e8ves, du lundi au vendredi. Des tournois sportifs sont organis\u00e9s les week-ends pour les familles. Une formation chr\u00e9tienne constitue la base de l'enseignement \u00e0 Yeshua School.\",\"breadcrumb\":{\"@id\":\"https:\\\/\\\/yeshuaschool.com\\\/politiques-de-confidentialite\\\/#breadcrumb\"},\"inLanguage\":\"nl-NL\",\"potentialAction\":[{\"@type\":\"ReadAction\",\"target\":[\"https:\\\/\\\/yeshuaschool.com\\\/politiques-de-confidentialite\\\/\"]}]},{\"@type\":\"BreadcrumbList\",\"@id\":\"https:\\\/\\\/yeshuaschool.com\\\/politiques-de-confidentialite\\\/#breadcrumb\",\"itemListElement\":[{\"@type\":\"ListItem\",\"position\":1,\"name\":\"Home\",\"item\":\"https:\\\/\\\/yeshuaschool.com\\\/\"},{\"@type\":\"ListItem\",\"position\":2,\"name\":\"Politiques de confidentialit\u00e9\"}]},{\"@type\":\"WebSite\",\"@id\":\"https:\\\/\\\/yeshuaschool.com\\\/#website\",\"url\":\"https:\\\/\\\/yeshuaschool.com\\\/\",\"name\":\"Yeshuaschool\",\"description\":\"&quot;Yeshua School \u2014 apprendre avec sens.&quot;\",\"publisher\":{\"@id\":\"https:\\\/\\\/yeshuaschool.com\\\/#organization\"},\"potentialAction\":[{\"@type\":\"SearchAction\",\"target\":{\"@type\":\"EntryPoint\",\"urlTemplate\":\"https:\\\/\\\/yeshuaschool.com\\\/?s={search_term_string}\"},\"query-input\":{\"@type\":\"PropertyValueSpecification\",\"valueRequired\":true,\"valueName\":\"search_term_string\"}}],\"inLanguage\":\"nl-NL\"},{\"@type\":\"Organization\",\"@id\":\"https:\\\/\\\/yeshuaschool.com\\\/#organization\",\"name\":\"Yeshua School\",\"alternateName\":\"YS\",\"url\":\"https:\\\/\\\/yeshuaschool.com\\\/\",\"logo\":{\"@type\":\"ImageObject\",\"inLanguage\":\"nl-NL\",\"@id\":\"https:\\\/\\\/yeshuaschool.com\\\/#\\\/schema\\\/logo\\\/image\\\/\",\"url\":\"https:\\\/\\\/yeshuaschool.com\\\/wp-content\\\/uploads\\\/2026\\\/03\\\/cropped-Logo-YS-2-1.jpg\",\"contentUrl\":\"https:\\\/\\\/yeshuaschool.com\\\/wp-content\\\/uploads\\\/2026\\\/03\\\/cropped-Logo-YS-2-1.jpg\",\"width\":1164,\"height\":905,\"caption\":\"Yeshua School\"},\"image\":{\"@id\":\"https:\\\/\\\/yeshuaschool.com\\\/#\\\/schema\\\/logo\\\/image\\\/\"},\"sameAs\":[\"https:\\\/\\\/www.facebook.com\\\/yeshuaschoolbe\",\"https:\\\/\\\/x.com\\\/school_yeshua\",\"https:\\\/\\\/www.instagram.com\\\/yeshuaschool\\\/\",\"https:\\\/\\\/www.linkedin.com\\\/in\\\/yeshuaschoolcom\\\/\"]}]}<\/script>\n<!-- \/ Yoast SEO plugin. -->","yoast_head_json":{"title":"Privacybeleid - Yeshuaschool","description":"Ontdek het privacybeleid van Yeshua School, een christelijke school in Brussel die kwaliteitsonderwijs aanbiedt in vier talen: Frans, Nederlands, Engels en Syrisch. De school biedt 30 sport- en kunstactiviteiten, ontbijt en warme lunch voor alle studenten, van maandag tot vrijdag. In het weekend worden er sporttoernooien georganiseerd voor gezinnen. Christelijke vorming vormt de basis van het onderwijs op de Yeshua School.","robots":{"index":"index","follow":"follow","max-snippet":"max-snippet:-1","max-image-preview":"max-image-preview:large","max-video-preview":"max-video-preview:-1"},"canonical":"https:\/\/yeshuaschool.com\/nl\/privacybeleid-2\/","og_locale":"nl_NL","og_type":"article","og_title":"Politiques de confidentialit\u00e9 - Yeshuaschool","og_description":"D\u00e9couvrez Politiques de confidentialit\u00e9 \u00e0 Yeshua School, une \u00e9cole chr\u00e9tienne \u00e0 Bruxelles offrant un enseignement de qualit\u00e9 en quatre langues : fran\u00e7ais, n\u00e9erlandais, anglais et syriaque. L'\u00e9cole propose 30 activit\u00e9s sportives et artistiques, le petit-d\u00e9jeunet et le d\u00e9jeuner chaud \u00e0 tous les \u00e9l\u00e8ves, du lundi au vendredi. Des tournois sportifs sont organis\u00e9s les week-ends pour les familles. Une formation chr\u00e9tienne constitue la base de l'enseignement \u00e0 Yeshua School.","og_url":"https:\/\/yeshuaschool.com\/nl\/privacybeleid-2\/","og_site_name":"Yeshuaschool","article_publisher":"https:\/\/www.facebook.com\/yeshuaschoolbe","article_modified_time":"2026-03-03T23:55:07+00:00","twitter_card":"summary_large_image","twitter_site":"@school_yeshua","twitter_misc":{"Geschatte leestijd":"4 minuten"},"schema":{"@context":"https:\/\/schema.org","@graph":[{"@type":"WebPage","@id":"https:\/\/yeshuaschool.com\/politiques-de-confidentialite\/","url":"https:\/\/yeshuaschool.com\/politiques-de-confidentialite\/","name":"Privacybeleid - Yeshuaschool","isPartOf":{"@id":"https:\/\/yeshuaschool.com\/#website"},"datePublished":"2026-02-03T21:40:35+00:00","dateModified":"2026-03-03T23:55:07+00:00","description":"Ontdek het privacybeleid van Yeshua School, een christelijke school in Brussel die kwaliteitsonderwijs aanbiedt in vier talen: Frans, Nederlands, Engels en Syrisch. De school biedt 30 sport- en kunstactiviteiten, ontbijt en warme lunch voor alle studenten, van maandag tot vrijdag. In het weekend worden er sporttoernooien georganiseerd voor gezinnen. Christelijke vorming vormt de basis van het onderwijs op de Yeshua School.","breadcrumb":{"@id":"https:\/\/yeshuaschool.com\/politiques-de-confidentialite\/#breadcrumb"},"inLanguage":"nl-NL","potentialAction":[{"@type":"ReadAction","target":["https:\/\/yeshuaschool.com\/politiques-de-confidentialite\/"]}]},{"@type":"BreadcrumbList","@id":"https:\/\/yeshuaschool.com\/politiques-de-confidentialite\/#breadcrumb","itemListElement":[{"@type":"ListItem","position":1,"name":"Home","item":"https:\/\/yeshuaschool.com\/"},{"@type":"ListItem","position":2,"name":"Politiques de confidentialit\u00e9"}]},{"@type":"WebSite","@id":"https:\/\/yeshuaschool.com\/#website","url":"https:\/\/yeshuaschool.com\/","name":"Yeshuaschool","description":"\"Yeshua School - leren met betekenis.\"","publisher":{"@id":"https:\/\/yeshuaschool.com\/#organization"},"potentialAction":[{"@type":"SearchAction","target":{"@type":"EntryPoint","urlTemplate":"https:\/\/yeshuaschool.com\/?s={search_term_string}"},"query-input":{"@type":"PropertyValueSpecification","valueRequired":true,"valueName":"search_term_string"}}],"inLanguage":"nl-NL"},{"@type":"Organization","@id":"https:\/\/yeshuaschool.com\/#organization","name":"Yeshua School","alternateName":"YS","url":"https:\/\/yeshuaschool.com\/","logo":{"@type":"ImageObject","inLanguage":"nl-NL","@id":"https:\/\/yeshuaschool.com\/#\/schema\/logo\/image\/","url":"https:\/\/yeshuaschool.com\/wp-content\/uploads\/2026\/03\/cropped-Logo-YS-2-1.jpg","contentUrl":"https:\/\/yeshuaschool.com\/wp-content\/uploads\/2026\/03\/cropped-Logo-YS-2-1.jpg","width":1164,"height":905,"caption":"Yeshua School"},"image":{"@id":"https:\/\/yeshuaschool.com\/#\/schema\/logo\/image\/"},"sameAs":["https:\/\/www.facebook.com\/yeshuaschoolbe","https:\/\/x.com\/school_yeshua","https:\/\/www.instagram.com\/yeshuaschool\/","https:\/\/www.linkedin.com\/in\/yeshuaschoolcom\/"]}]}},"_links":{"self":[{"href":"https:\/\/yeshuaschool.com\/nl\/wp-json\/wp\/v2\/pages\/1519","targetHints":{"allow":["GET"]}}],"collection":[{"href":"https:\/\/yeshuaschool.com\/nl\/wp-json\/wp\/v2\/pages"}],"about":[{"href":"https:\/\/yeshuaschool.com\/nl\/wp-json\/wp\/v2\/types\/page"}],"author":[{"embeddable":true,"href":"https:\/\/yeshuaschool.com\/nl\/wp-json\/wp\/v2\/users\/1"}],"replies":[{"embeddable":true,"href":"https:\/\/yeshuaschool.com\/nl\/wp-json\/wp\/v2\/comments?post=1519"}],"version-history":[{"count":13,"href":"https:\/\/yeshuaschool.com\/nl\/wp-json\/wp\/v2\/pages\/1519\/revisions"}],"predecessor-version":[{"id":3510,"href":"https:\/\/yeshuaschool.com\/nl\/wp-json\/wp\/v2\/pages\/1519\/revisions\/3510"}],"wp:attachment":[{"href":"https:\/\/yeshuaschool.com\/nl\/wp-json\/wp\/v2\/media?parent=1519"}],"curies":[{"name":"wp","href":"https:\/\/api.w.org\/{rel}","templated":true}]}}