{"id":2764,"date":"2026-02-23T23:16:28","date_gmt":"2026-02-23T22:16:28","guid":{"rendered":"https:\/\/yeshuaschool.com\/?page_id=2764"},"modified":"2026-04-02T21:34:58","modified_gmt":"2026-04-02T19:34:58","slug":"voorschriften","status":"publish","type":"page","link":"https:\/\/yeshuaschool.com\/nl\/reglement\/","title":{"rendered":"Tombola Regels"},"content":{"rendered":"<div data-elementor-type=\"wp-page\" data-elementor-id=\"2764\" class=\"elementor elementor-2764\">\n\t\t\t\t<div class=\"elementor-element elementor-element-3ddddf3 e-flex e-con-boxed e-con e-parent\" data-id=\"3ddddf3\" data-element_type=\"container\" data-e-type=\"container\">\n\t\t\t\t\t<div class=\"e-con-inner\">\n\t\t\t\t<div class=\"elementor-element elementor-element-c409a87 elementor-widget elementor-widget-spacer\" data-id=\"c409a87\" data-element_type=\"widget\" data-e-type=\"widget\" data-widget_type=\"spacer.default\">\n\t\t\t\t\t\t\t<div class=\"elementor-spacer\">\n\t\t\t<div class=\"elementor-spacer-inner\"><\/div>\n\t\t<\/div>\n\t\t\t\t\t\t<\/div>\n\t\t\t\t<div class=\"elementor-element elementor-element-0763be0 elementor-widget elementor-widget-heading\" data-id=\"0763be0\" data-element_type=\"widget\" data-e-type=\"widget\" data-widget_type=\"heading.default\">\n\t\t\t\t\t<h5 class=\"elementor-heading-title elementor-size-default\">Regels voor de wedstrijd \u00abAudi Q3 - Yeshua School 2026\u00bb Creatieve inzending met bijbehorende verkoop\u00bb<\/h5>\t\t\t\t<\/div>\n\t\t\t\t<div class=\"elementor-element elementor-element-0becbb6 elementor-widget elementor-widget-text-editor\" data-id=\"0becbb6\" data-element_type=\"widget\" data-e-type=\"widget\" data-widget_type=\"text-editor.default\">\n\t\t\t\t\t\t\t\t\t<p><strong>PREAMBLE<\/strong><\/p>\n<p>Deze creatieve loterij wordt georganiseerd door de<strong>VZW: Office de Rassemblement des Suryoye (Bureau voor Verzameling van Suryoye)<\/strong> (hierna \u00abde Organisator\u00bb), met maatschappelijke zetel te Gen\u00e8vestraat 470a, 1030 Schaarbeek, Belgi\u00eb, ingeschreven bij de Kruispuntbank van Ondernemingen onder nummer <strong>BE<\/strong><strong>0784.275.187<\/strong>. Alle opbrengsten zullen worden gebruikt voor de financiering van de oprichting en inrichting van de Yeshua School in Belgi\u00eb, een project van openbaar nut in de zin van artikel 7, 3\u00b0 van de wet van 31 december 1851 op de loterijen.<\/p>\n<p>Dit reglement bepaalt de voorwaarden voor deelname, de trekking en de toekenning van de hoofdprijs (een Audi Q3 auto), in overeenstemming met de Belgische wetgeving - in het bijzonder :<\/p>\n<ul>\n<li><strong>Wet van 31<\/strong><strong>d<\/strong><strong>December<\/strong><strong>1851 over loterijen<\/strong>, art. 3 en 7 (3\u00b0).<\/li>\n<li><strong>Koninklijk Besluit van 18<\/strong><strong>d<\/strong><strong>December<\/strong><strong>2023<\/strong> tot vaststelling van de algemene regels voor het toestaan van tombola voor een goed doel.<\/li>\n<li><strong>Boek<\/strong><strong>VI van de Code of <\/strong><strong>economisch<\/strong> (marktpraktijken en consumentenbescherming).<\/li>\n<li><strong>Verordening (EU) 2016\/679 (RGPD)<\/strong> - bescherming van persoonlijke gegevens.<\/li>\n<\/ul>\n<p>De Organisator vraagt de voorafgaande toestemming aan de Minister van Justitie \/ SPF Financi\u00ebn, zoals bepaald in artikel 7, 3\u00b0 van de voornoemde wet, voordat de tickets in de verkoop worden gebracht.<\/p>\n<p><strong>Artikel<\/strong><strong>1<\/strong><strong>&nbsp;- Doel<\/strong><\/p>\n<p>Organiseer een creatieve tombola met kaartverkoop om geld in te zamelen voor de bouw en opening van de Yeshua School. De hoofdprijs is <strong>een nieuwe Audi<\/strong><strong>Q3<\/strong> (indicatieve waarde \u20ac 50.000). In geen geval kan de waarde van de prijzen worden geclaimd.<\/p>\n<p><strong>Artikel<\/strong><strong>2<\/strong><strong>&nbsp;- P<\/strong><strong>periode<\/strong><\/p>\n<p>Tickets zijn te koop vanaf <strong>15<\/strong><strong> Februari 2026<\/strong> (00:00) naar <strong>30 juni 2026<\/strong> (23:59). De trekking vindt plaats op <strong>1 juli 2026<\/strong> en geproduceerd door de organisatoren.<\/p>\n<p><strong>Artikel<\/strong><strong>3<\/strong><strong>&nbsp;- Voorwaarden voor deelname<\/strong><\/p>\n<ol>\n<li>Een natuurlijk persoon van wettelijke leeftijd zijn (\u2265 18 jaar) en woonachtig in de Europese Economische Ruimte.&nbsp;<\/li>\n<li>Koop minstens \u00e9\u00e9n ticket (eenheidsprijs : <strong>6<\/strong><strong>\u202f<\/strong><strong>\u20ac<\/strong>), zonder limiet op de hoeveelheid per deelnemer.<\/li>\n<li>Correct reageren op de <strong>selectievraag<\/strong> wanneer je je ticket koopt.<\/li>\n<li>Accepteer deze regels en het gegevensbeschermingsbeleid zonder voorbehoud.<\/li>\n<\/ol>\n<p><strong>Artikel<\/strong><strong>4<\/strong><strong>&nbsp;- Kaartverkoop<\/strong><\/p>\n<ul>\n<li>De tickets zijn genummerd en bevatten: een uniek nummer, een verwijzing naar de VZW, de prijs, een selectievraag, QR-codes naar de reglementen en het beleid van de RGPD.<\/li>\n<li>Betaling uitsluitend per bankoverschrijving naar <strong>BE05 9735 0941 9075<\/strong> (naam: Office de rassemblement des Suryoye VZW) of via erkende verkooppunten\/leden.<\/li>\n<li>Tickets zijn pas geldig nadat de volledige betaling is bevestigd.<\/li>\n<\/ul>\n<p><strong>Artikel<\/strong><strong>5<\/strong><strong>&nbsp;- Minimum tickets<\/strong><strong>&nbsp;- opschortingsclausule<\/strong><\/p>\n<p>De werkelijke loting is <strong>afhankelijk van de verkoop van minimaal 50<\/strong><strong>000 tickets<\/strong> (d.w.z. \u20ac 300.000 bruto omzet).<\/p>\n<ul>\n<li>Als deze drempel op 30 juni 2026 wordt bereikt of overschreden, vindt de loting plaats overeenkomstig artikel<\/li>\n<li>Als de drempel niet <strong>niet<\/strong> bereikt :\n<ul>\n<li>zullen er <strong>niet<\/strong> toewijzing auto ;<\/li>\n<li>een trekking onder de biljetten die de vraag correct beantwoorden zal \u00e9\u00e9n winnaar aanwijzen die ontvangt <strong>40<\/strong><strong>% van netto-inkomsten<\/strong> (bruto-inkomsten minus ticketingkosten) in de vorm van een eenmalige betaling ;<\/li>\n<li>de resterende 60 % zullen worden toegewezen aan de financiering van het goede doel in overeenstemming met AR18 december 2023 (\u2265 60 % verplicht).<\/li>\n<\/ul>\n<\/li>\n<\/ul>\n<p><strong>Artikel<\/strong><strong>6<\/strong><strong>&nbsp;- Proc<\/strong><strong>trekkingsprocedure<\/strong><\/p>\n<ol>\n<li>Checklist: alleen tickets die v\u00f3\u00f3r 30 juni 2026 zijn betaald en een correct antwoord hebben, worden opgenomen in de offici\u00eble lijst die door de organisatoren wordt verzegeld.<\/li>\n<li>Handmatige of elektronische afdruk gecertificeerd in aanwezigheid van twee getuigen.<\/li>\n<li>Er worden een winnend nummer en twee vervangende nummers getrokken. Plaatsvervanger 1 wordt tot winnaar uitgeroepen als de winnaar binnen 30 dagen opgeeft of niet kan worden gecontacteerd. Plaatsvervanger 2 wordt tot winnaar uitgeroepen als de winnaar en plaatsvervanger 1 niet binnen 2 maanden gecontacteerd kunnen worden.<\/li>\n<\/ol>\n<p><strong>Artikel<\/strong><strong>7<\/strong><strong>&nbsp;- Prijslijst<\/strong><\/p>\n<p>De winnaar (of genomineerde plaatsvervanger) wint :<\/p>\n<ul>\n<li><strong>Optie A: Audi<\/strong><strong>Nieuw Q3<\/strong> (als de drempel van 50.000 verkopen is bereikt).<\/li>\n<li><strong>Optie B: 40<\/strong><strong>% van netto-inkomsten<\/strong> (als de drempel niet wordt bereikt).<\/li>\n<\/ul>\n<p>Registratie-, verzekerings- en afleveringskosten binnen Europa zijn voor rekening van de winnaar. Het voertuig wordt binnen 90 dagen na bevestiging van de winnaar geleverd.<\/p>\n<p><strong>Artikel<\/strong><strong>8<\/strong><strong>&nbsp;- Publicatie en prijsuitreiking<\/strong><\/p>\n<p>De uitslag wordt binnen 48 uur gepubliceerd op de offici\u00eble website van de VZW en persoonlijk aan de winnaar medegedeeld. Er kan een openbare ceremonie worden georganiseerd.<\/p>\n<p><strong>Artikel<\/strong><strong>9<\/strong><strong>&nbsp;- Verantwoordelijkheid<\/strong><strong>\u00e9<\/strong><\/p>\n<p>De organisatoren kunnen niet verantwoordelijk worden gesteld als de wedstrijd moet worden opgeschort, gewijzigd of geannuleerd in geval van overmacht of omstandigheden buiten hun controle.<\/p>\n<p><strong>Artikel<\/strong><strong>10<\/strong><strong>&nbsp;- Donn<\/strong><strong>s persoonlijke gegevens<\/strong><\/p>\n<p>De verzamelde gegevens worden door de VZW verwerkt ten behoeve van het beheer van de competitie en het uitvoeren van haar activiteiten. Deelnemers hebben recht op toegang, rectificatie, verzet en verwijdering door te schrijven naar info@yeshuaschool.com.<\/p>\n<p><strong>Artikel<\/strong><strong>11<\/strong><strong>&nbsp;- Aanvaarding van de r<\/strong><strong>uilen<\/strong><\/p>\n<p>Deelname impliceert volledige acceptatie van deze regels. Ze worden gepubliceerd op www.yeshuaschool.com en zijn beschikbaar op schriftelijk verzoek aan info@yeshuaschool.com.<\/p>\n<p><strong>Artikel<\/strong><strong>12<\/strong><strong>&nbsp;- Toepasselijk recht en bevoegde rechtbanken<\/strong><strong>etents<\/strong><\/p>\n<p>Op de wedstrijd is Belgisch recht van toepassing. Alle geschillen vallen onder de exclusieve bevoegdheid van de rechtbanken van het gerechtelijk arrondissement Brussel.<\/p>\n<p><em>Ondertekend te Schaarbeek, op 30\/1\/2026<\/em><\/p>\n<p>Voor de VZW Bureau de Rassemblement des Suryoye<\/p>\n<p>ORS Lena - Directeur<\/p>\t\t\t\t\t\t\t\t<\/div>\n\t\t\t\t\t<\/div>\n\t\t\t\t<\/div>\n\t\t\t\t<\/div>","protected":false},"excerpt":{"rendered":"<p>R\u00e8glement Du Concours \u00c0 Participation Cr\u00e9ative Avec Vente Associ\u00e9e \u00ab Audi\u202fQ3\u202f\u2013 Yeshua School\u202f2026 \u00bb PR\u00c9AMBULE La pr\u00e9sente tombola \u00e0 participation cr\u00e9ative est organis\u00e9e par l\u2019ASBL Office de rassemblement des Suryoye [&hellip;]<\/p>\n","protected":false},"author":1,"featured_media":0,"parent":0,"menu_order":0,"comment_status":"closed","ping_status":"closed","template":"","meta":{"_surecart_dashboard_logo_width":"180px","_surecart_dashboard_show_logo":true,"_surecart_dashboard_navigation_orders":true,"_surecart_dashboard_navigation_invoices":true,"_surecart_dashboard_navigation_subscriptions":true,"_surecart_dashboard_navigation_downloads":true,"_surecart_dashboard_navigation_billing":true,"_surecart_dashboard_navigation_account":true,"site-sidebar-layout":"no-sidebar","site-content-layout":"page-builder","ast-site-content-layout":"full-width-container","site-content-style":"unboxed","site-sidebar-style":"unboxed","ast-global-header-display":"","ast-banner-title-visibility":"","ast-main-header-display":"","ast-hfb-above-header-display":"","ast-hfb-below-header-display":"","ast-hfb-mobile-header-display":"","site-post-title":"disabled","ast-breadcrumbs-content":"","ast-featured-img":"disabled","footer-sml-layout":"","ast-disable-related-posts":"","theme-transparent-header-meta":"","adv-header-id-meta":"","stick-header-meta":"","header-above-stick-meta":"","header-main-stick-meta":"","header-below-stick-meta":"","astra-migrate-meta-layouts":"set","ast-page-background-enabled":"default","ast-page-background-meta":{"desktop":{"background-color":"","background-image":"","background-repeat":"repeat","background-position":"center center","background-size":"auto","background-attachment":"scroll","background-type":"","background-media":"","overlay-type":"","overlay-color":"","overlay-opacity":"","overlay-gradient":""},"tablet":{"background-color":"","background-image":"","background-repeat":"repeat","background-position":"center center","background-size":"auto","background-attachment":"scroll","background-type":"","background-media":"","overlay-type":"","overlay-color":"","overlay-opacity":"","overlay-gradient":""},"mobile":{"background-color":"","background-image":"","background-repeat":"repeat","background-position":"center center","background-size":"auto","background-attachment":"scroll","background-type":"","background-media":"","overlay-type":"","overlay-color":"","overlay-opacity":"","overlay-gradient":""}},"ast-content-background-meta":{"desktop":{"background-color":"var(--ast-global-color-5)","background-image":"","background-repeat":"repeat","background-position":"center center","background-size":"auto","background-attachment":"scroll","background-type":"","background-media":"","overlay-type":"","overlay-color":"","overlay-opacity":"","overlay-gradient":""},"tablet":{"background-color":"var(--ast-global-color-5)","background-image":"","background-repeat":"repeat","background-position":"center center","background-size":"auto","background-attachment":"scroll","background-type":"","background-media":"","overlay-type":"","overlay-color":"","overlay-opacity":"","overlay-gradient":""},"mobile":{"background-color":"var(--ast-global-color-5)","background-image":"","background-repeat":"repeat","background-position":"center center","background-size":"auto","background-attachment":"scroll","background-type":"","background-media":"","overlay-type":"","overlay-color":"","overlay-opacity":"","overlay-gradient":""}},"footnotes":""},"class_list":["post-2764","page","type-page","status-publish","hentry"],"yoast_head":"<!-- This site is optimized with the Yoast SEO plugin v27.4 - https:\/\/yoast.com\/product\/yoast-seo-wordpress\/ -->\n<title>R\u00e8glement de la tombola - Yeshuaschool<\/title>\n<meta name=\"description\" content=\"D\u00e9couvrez R\u00e8glement de la tombola \u00e0 Yeshua School, une \u00e9cole chr\u00e9tienne \u00e0 Bruxelles offrant un enseignement de qualit\u00e9 en quatre langues : fran\u00e7ais, n\u00e9erlandais, anglais et syriaque. L&#039;\u00e9cole propose 30 activit\u00e9s sportives et artistiques, le petit-d\u00e9jeunet et le d\u00e9jeuner chaud \u00e0 tous les \u00e9l\u00e8ves, du lundi au vendredi. Des tournois sportifs sont organis\u00e9s les week-ends pour les familles. Une formation chr\u00e9tienne constitue la base de l&#039;enseignement \u00e0 Yeshua School.\" \/>\n<meta name=\"robots\" content=\"index, follow, max-snippet:-1, max-image-preview:large, max-video-preview:-1\" \/>\n<link rel=\"canonical\" href=\"https:\/\/yeshuaschool.com\/nl\/voorschriften\/\" \/>\n<meta property=\"og:locale\" content=\"nl_NL\" \/>\n<meta property=\"og:type\" content=\"article\" \/>\n<meta property=\"og:title\" content=\"R\u00e8glement de la tombola - Yeshuaschool\" \/>\n<meta property=\"og:description\" content=\"D\u00e9couvrez R\u00e8glement de la tombola \u00e0 Yeshua School, une \u00e9cole chr\u00e9tienne \u00e0 Bruxelles offrant un enseignement de qualit\u00e9 en quatre langues : fran\u00e7ais, n\u00e9erlandais, anglais et syriaque. L&#039;\u00e9cole propose 30 activit\u00e9s sportives et artistiques, le petit-d\u00e9jeunet et le d\u00e9jeuner chaud \u00e0 tous les \u00e9l\u00e8ves, du lundi au vendredi. Des tournois sportifs sont organis\u00e9s les week-ends pour les familles. Une formation chr\u00e9tienne constitue la base de l&#039;enseignement \u00e0 Yeshua School.\" \/>\n<meta property=\"og:url\" content=\"https:\/\/yeshuaschool.com\/nl\/voorschriften\/\" \/>\n<meta property=\"og:site_name\" content=\"Yeshuaschool\" \/>\n<meta property=\"article:publisher\" content=\"https:\/\/www.facebook.com\/yeshuaschoolbe\" \/>\n<meta property=\"article:modified_time\" content=\"2026-04-02T19:34:58+00:00\" \/>\n<meta name=\"twitter:card\" content=\"summary_large_image\" \/>\n<meta name=\"twitter:site\" content=\"@school_yeshua\" \/>\n<meta name=\"twitter:label1\" content=\"Geschatte leestijd\" \/>\n\t<meta name=\"twitter:data1\" content=\"5 minuten\" \/>\n<script type=\"application\/ld+json\" class=\"yoast-schema-graph\">{\"@context\":\"https:\\\/\\\/schema.org\",\"@graph\":[{\"@type\":\"WebPage\",\"@id\":\"https:\\\/\\\/yeshuaschool.com\\\/reglement\\\/\",\"url\":\"https:\\\/\\\/yeshuaschool.com\\\/reglement\\\/\",\"name\":\"R\u00e8glement de la tombola - Yeshuaschool\",\"isPartOf\":{\"@id\":\"https:\\\/\\\/yeshuaschool.com\\\/#website\"},\"datePublished\":\"2026-02-23T22:16:28+00:00\",\"dateModified\":\"2026-04-02T19:34:58+00:00\",\"description\":\"D\u00e9couvrez R\u00e8glement de la tombola \u00e0 Yeshua School, une \u00e9cole chr\u00e9tienne \u00e0 Bruxelles offrant un enseignement de qualit\u00e9 en quatre langues : fran\u00e7ais, n\u00e9erlandais, anglais et syriaque. L'\u00e9cole propose 30 activit\u00e9s sportives et artistiques, le petit-d\u00e9jeunet et le d\u00e9jeuner chaud \u00e0 tous les \u00e9l\u00e8ves, du lundi au vendredi. Des tournois sportifs sont organis\u00e9s les week-ends pour les familles. Une formation chr\u00e9tienne constitue la base de l'enseignement \u00e0 Yeshua School.\",\"breadcrumb\":{\"@id\":\"https:\\\/\\\/yeshuaschool.com\\\/reglement\\\/#breadcrumb\"},\"inLanguage\":\"nl-NL\",\"potentialAction\":[{\"@type\":\"ReadAction\",\"target\":[\"https:\\\/\\\/yeshuaschool.com\\\/reglement\\\/\"]}]},{\"@type\":\"BreadcrumbList\",\"@id\":\"https:\\\/\\\/yeshuaschool.com\\\/reglement\\\/#breadcrumb\",\"itemListElement\":[{\"@type\":\"ListItem\",\"position\":1,\"name\":\"Home\",\"item\":\"https:\\\/\\\/yeshuaschool.com\\\/\"},{\"@type\":\"ListItem\",\"position\":2,\"name\":\"R\u00e8glement de la tombola\"}]},{\"@type\":\"WebSite\",\"@id\":\"https:\\\/\\\/yeshuaschool.com\\\/#website\",\"url\":\"https:\\\/\\\/yeshuaschool.com\\\/\",\"name\":\"Yeshuaschool\",\"description\":\"&quot;Yeshua School \u2014 apprendre avec sens.&quot;\",\"publisher\":{\"@id\":\"https:\\\/\\\/yeshuaschool.com\\\/#organization\"},\"potentialAction\":[{\"@type\":\"SearchAction\",\"target\":{\"@type\":\"EntryPoint\",\"urlTemplate\":\"https:\\\/\\\/yeshuaschool.com\\\/?s={search_term_string}\"},\"query-input\":{\"@type\":\"PropertyValueSpecification\",\"valueRequired\":true,\"valueName\":\"search_term_string\"}}],\"inLanguage\":\"nl-NL\"},{\"@type\":\"Organization\",\"@id\":\"https:\\\/\\\/yeshuaschool.com\\\/#organization\",\"name\":\"Yeshua School\",\"alternateName\":\"YS\",\"url\":\"https:\\\/\\\/yeshuaschool.com\\\/\",\"logo\":{\"@type\":\"ImageObject\",\"inLanguage\":\"nl-NL\",\"@id\":\"https:\\\/\\\/yeshuaschool.com\\\/#\\\/schema\\\/logo\\\/image\\\/\",\"url\":\"https:\\\/\\\/yeshuaschool.com\\\/wp-content\\\/uploads\\\/2026\\\/03\\\/cropped-Logo-YS-2-1.jpg\",\"contentUrl\":\"https:\\\/\\\/yeshuaschool.com\\\/wp-content\\\/uploads\\\/2026\\\/03\\\/cropped-Logo-YS-2-1.jpg\",\"width\":1164,\"height\":905,\"caption\":\"Yeshua School\"},\"image\":{\"@id\":\"https:\\\/\\\/yeshuaschool.com\\\/#\\\/schema\\\/logo\\\/image\\\/\"},\"sameAs\":[\"https:\\\/\\\/www.facebook.com\\\/yeshuaschoolbe\",\"https:\\\/\\\/x.com\\\/school_yeshua\",\"https:\\\/\\\/www.instagram.com\\\/yeshuaschool\\\/\",\"https:\\\/\\\/www.linkedin.com\\\/in\\\/yeshuaschoolcom\\\/\"]}]}<\/script>\n<!-- \/ Yoast SEO plugin. -->","yoast_head_json":{"title":"Regels voor de tombola - Yeshuaschool","description":"Lees meer over de loterijregels op Yeshua School, een christelijke school in Brussel die kwaliteitsonderwijs aanbiedt in vier talen: Frans, Nederlands, Engels en Syrisch. De school biedt 30 sport- en kunstactiviteiten, ontbijt en een warme lunch voor alle leerlingen van maandag tot vrijdag. In het weekend worden er sporttoernooien georganiseerd voor gezinnen. Christelijke vorming vormt de basis van het onderwijs op de Yeshua School.","robots":{"index":"index","follow":"follow","max-snippet":"max-snippet:-1","max-image-preview":"max-image-preview:large","max-video-preview":"max-video-preview:-1"},"canonical":"https:\/\/yeshuaschool.com\/nl\/voorschriften\/","og_locale":"nl_NL","og_type":"article","og_title":"R\u00e8glement de la tombola - Yeshuaschool","og_description":"D\u00e9couvrez R\u00e8glement de la tombola \u00e0 Yeshua School, une \u00e9cole chr\u00e9tienne \u00e0 Bruxelles offrant un enseignement de qualit\u00e9 en quatre langues : fran\u00e7ais, n\u00e9erlandais, anglais et syriaque. L'\u00e9cole propose 30 activit\u00e9s sportives et artistiques, le petit-d\u00e9jeunet et le d\u00e9jeuner chaud \u00e0 tous les \u00e9l\u00e8ves, du lundi au vendredi. Des tournois sportifs sont organis\u00e9s les week-ends pour les familles. Une formation chr\u00e9tienne constitue la base de l'enseignement \u00e0 Yeshua School.","og_url":"https:\/\/yeshuaschool.com\/nl\/voorschriften\/","og_site_name":"Yeshuaschool","article_publisher":"https:\/\/www.facebook.com\/yeshuaschoolbe","article_modified_time":"2026-04-02T19:34:58+00:00","twitter_card":"summary_large_image","twitter_site":"@school_yeshua","twitter_misc":{"Geschatte leestijd":"5 minuten"},"schema":{"@context":"https:\/\/schema.org","@graph":[{"@type":"WebPage","@id":"https:\/\/yeshuaschool.com\/reglement\/","url":"https:\/\/yeshuaschool.com\/reglement\/","name":"Regels voor de tombola - Yeshuaschool","isPartOf":{"@id":"https:\/\/yeshuaschool.com\/#website"},"datePublished":"2026-02-23T22:16:28+00:00","dateModified":"2026-04-02T19:34:58+00:00","description":"Lees meer over de loterijregels op Yeshua School, een christelijke school in Brussel die kwaliteitsonderwijs aanbiedt in vier talen: Frans, Nederlands, Engels en Syrisch. De school biedt 30 sport- en kunstactiviteiten, ontbijt en een warme lunch voor alle leerlingen van maandag tot vrijdag. In het weekend worden er sporttoernooien georganiseerd voor gezinnen. Christelijke vorming vormt de basis van het onderwijs op de Yeshua School.","breadcrumb":{"@id":"https:\/\/yeshuaschool.com\/reglement\/#breadcrumb"},"inLanguage":"nl-NL","potentialAction":[{"@type":"ReadAction","target":["https:\/\/yeshuaschool.com\/reglement\/"]}]},{"@type":"BreadcrumbList","@id":"https:\/\/yeshuaschool.com\/reglement\/#breadcrumb","itemListElement":[{"@type":"ListItem","position":1,"name":"Home","item":"https:\/\/yeshuaschool.com\/"},{"@type":"ListItem","position":2,"name":"R\u00e8glement de la tombola"}]},{"@type":"WebSite","@id":"https:\/\/yeshuaschool.com\/#website","url":"https:\/\/yeshuaschool.com\/","name":"Yeshuaschool","description":"\"Yeshua School - leren met betekenis.\"","publisher":{"@id":"https:\/\/yeshuaschool.com\/#organization"},"potentialAction":[{"@type":"SearchAction","target":{"@type":"EntryPoint","urlTemplate":"https:\/\/yeshuaschool.com\/?s={search_term_string}"},"query-input":{"@type":"PropertyValueSpecification","valueRequired":true,"valueName":"search_term_string"}}],"inLanguage":"nl-NL"},{"@type":"Organization","@id":"https:\/\/yeshuaschool.com\/#organization","name":"Yeshua School","alternateName":"YS","url":"https:\/\/yeshuaschool.com\/","logo":{"@type":"ImageObject","inLanguage":"nl-NL","@id":"https:\/\/yeshuaschool.com\/#\/schema\/logo\/image\/","url":"https:\/\/yeshuaschool.com\/wp-content\/uploads\/2026\/03\/cropped-Logo-YS-2-1.jpg","contentUrl":"https:\/\/yeshuaschool.com\/wp-content\/uploads\/2026\/03\/cropped-Logo-YS-2-1.jpg","width":1164,"height":905,"caption":"Yeshua School"},"image":{"@id":"https:\/\/yeshuaschool.com\/#\/schema\/logo\/image\/"},"sameAs":["https:\/\/www.facebook.com\/yeshuaschoolbe","https:\/\/x.com\/school_yeshua","https:\/\/www.instagram.com\/yeshuaschool\/","https:\/\/www.linkedin.com\/in\/yeshuaschoolcom\/"]}]}},"_links":{"self":[{"href":"https:\/\/yeshuaschool.com\/nl\/wp-json\/wp\/v2\/pages\/2764","targetHints":{"allow":["GET"]}}],"collection":[{"href":"https:\/\/yeshuaschool.com\/nl\/wp-json\/wp\/v2\/pages"}],"about":[{"href":"https:\/\/yeshuaschool.com\/nl\/wp-json\/wp\/v2\/types\/page"}],"author":[{"embeddable":true,"href":"https:\/\/yeshuaschool.com\/nl\/wp-json\/wp\/v2\/users\/1"}],"replies":[{"embeddable":true,"href":"https:\/\/yeshuaschool.com\/nl\/wp-json\/wp\/v2\/comments?post=2764"}],"version-history":[{"count":99,"href":"https:\/\/yeshuaschool.com\/nl\/wp-json\/wp\/v2\/pages\/2764\/revisions"}],"predecessor-version":[{"id":4492,"href":"https:\/\/yeshuaschool.com\/nl\/wp-json\/wp\/v2\/pages\/2764\/revisions\/4492"}],"wp:attachment":[{"href":"https:\/\/yeshuaschool.com\/nl\/wp-json\/wp\/v2\/media?parent=2764"}],"curies":[{"name":"wp","href":"https:\/\/api.w.org\/{rel}","templated":true}]}}