{"id":3626,"date":"2026-03-18T21:32:21","date_gmt":"2026-03-18T20:32:21","guid":{"rendered":"https:\/\/yeshuaschool.com\/?page_id=3626"},"modified":"2026-03-18T21:32:21","modified_gmt":"2026-03-18T20:32:21","slug":"kassa","status":"publish","type":"page","link":"https:\/\/yeshuaschool.com\/nl\/checkout\/","title":{"rendered":"Kassa"},"content":{"rendered":"<div class=\"wp-block-surecart-checkout-form\"><sc-checkout\n\tclass=\"checkout\"\n\tid=\"sc-checkout-16\"\n\tstyle=\"text-align: left;--sc-form-row-spacing: 25px;\"\n\tmodified=\"2025-11-11 15:00:52\"\n\talignment=\"\"\n\tsuccess-url=\"\"\n>\n\t<sc-form>\n\t\t\t\t\t<sc-checkbox name=\"get_feedback\" value=\"Feedback\" style=\"display: none !important;\"><\/sc-checkbox>\n\t\t\t\t\n\t<sc-columns is-stacked-on-mobile=\"1\" is-full-height=\"1\" is-reversed-on-mobile=\"1\" class=\"wp-block-surecart-columns has-background is-layout-flex wp-container-surecart-columns-is-layout-6516cd2e wp-block-surecart-columns-is-layout-flex\" style=\"background-color:#f3f4f6;gap:0px 0px\">\n\t<sc-column class=\"wp-block-surecart-column is-layout-constrained is-horizontally-aligned-right has-white-background-color has-background\" style=\"padding-top:60px;padding-right:60px;padding-bottom:60px;padding-left:60px;--sc-column-content-width:450px;--sc-form-row-spacing:30px\">\n\n\t\n\t<sc-checkout-form-errors><\/sc-checkout-form-errors>\n\t\n\n\t\n\t\t<sc-customer-email\n\t\t\tclass=\"\"\n\t\t\tlabel=\"Email\"\n\t\t\tplaceholder=\"your@email.com\"\t\t\t\t\t\t\t\t\t\t\t\trequired\n\t\t\tautocomplete='email'\n\t\t\tinputmode='email'\n\t\t>\n\t\t<\/sc-customer-email>\n\n\t\t\n\n\t\n\t<sc-customer-name label=\"Name\" placeholder=\"Your Full Name\" required class=\"wp-block-surecart-name\"><\/sc-customer-name>\n\t\n\n\t\n\t\t<sc-payment\n\t\t\tid=\"sc-payment-0\"\n\t\t\tclass=\"\"\n\t\t>\n\t\t\t\t\t\t\t<sc-stripe-payment-element slot=\"stripe\"><\/sc-stripe-payment-element>\n\t\t\t\n\t\t\t\t\t\t\t\t\t\t\t\t<sc-tag slot=\"label-end\" type=\"warning\" size=\"small\" exportparts=\"base:test-badge__base, content:test-badge__content\">\n\t\t\t\t\t\tTestmodus\t\t\t\t\t<\/sc-tag>\n\t\t\t\t\t\t\t\t\t<\/sc-payment>\n\t\t\n\n\t\t\t<sc-order-submit\n\t\t\ttype=\"primary\"\n\t\t\tfull=\"true\"\n\t\t\tsize=\"large\"\n\t\t\ticon=\"lock\"\t\t\tshow-total=\"true\"\n\t\t\tsecure-notice=\"true\"\n\t\t\tsecure-notice-text=\"This is a secure, encrypted payment.\"\n\t\t\t\t\t\t\t\t\tclass=\"wp-block-surecart-submit\"\n\t\t>Koop<\/sc-order-submit>\n\t\t<\/sc-column>\n\t\n\n\t\n\t<sc-column class=\"wp-block-surecart-column is-sticky is-layout-constrained is-horizontally-aligned-left\" style=\"padding-top:60px;padding-right:60px;padding-bottom:60px;padding-left:60px;--sc-column-content-width:450px;--sc-form-row-spacing:30px\">\n\t<sc-order-summary collapsible=\"1\" closed-text=\"\" open-text=\"\" collapsed-on-mobile=\"1\" class=\"wp-block-surecart-totals\">\n\t<sc-divider><\/sc-divider>\n\t\n\n\t\n\t<sc-line-items removable=\"1\" editable=\"1\" class=\"wp-block-surecart-line-items\"><\/sc-line-items>\n\t\n\n\t\n\t<sc-divider><\/sc-divider>\n\t\n\n\t\n\t<sc-line-item-total total=\"subtotal\" class=\"wp-block-surecart-subtotal\"><span slot=\"description\">Subtotaal<\/span><\/sc-line-item-total>\n\t\n\n\t<sc-line-item-trial class=\"wp-block-surecart-trial-line-item\" label=\"Trial\"><\/sc-line-item-trial>\n\n\t\t\t<sc-order-coupon-form\n\t\t\tlabel=\"\"\n\t\t\tplaceholder=\"Enter coupon code\"\n\t\t\tbutton-text=\"\"\n\t\t\tcollapsed>\n\t\t<\/sc-order-coupon-form>\n\t\t\n\n\t\n\t<sc-line-item-tax class=\"wp-block-surecart-tax-line-item\"><\/sc-line-item-tax>\n\t\n\n\t\n\t<sc-divider><\/sc-divider>\n\t\n\n\t\n\t<sc-line-item-total total=\"total\" size=\"large\" show-currency=\"1\" class=\"wp-block-surecart-total\"><span slot=\"title\">Totaal<\/span><span slot=\"subscription-title\">Totaal vandaag verschuldigd<\/span><\/sc-line-item-total>\n\t<\/sc-order-summary>\n\t<\/sc-column>\n\t<\/sc-columns>\n\t\t<\/sc-form>\n<\/sc-checkout>\n<\/div>","protected":false},"excerpt":{"rendered":"","protected":false},"author":1,"featured_media":0,"parent":0,"menu_order":0,"comment_status":"closed","ping_status":"closed","template":"pages\/template-surecart-blank.php","meta":{"_surecart_dashboard_logo_width":"180px","_surecart_dashboard_show_logo":true,"_surecart_dashboard_navigation_orders":true,"_surecart_dashboard_navigation_invoices":true,"_surecart_dashboard_navigation_subscriptions":true,"_surecart_dashboard_navigation_downloads":true,"_surecart_dashboard_navigation_billing":true,"_surecart_dashboard_navigation_account":true,"site-sidebar-layout":"default","site-content-layout":"","ast-site-content-layout":"default","site-content-style":"default","site-sidebar-style":"default","ast-global-header-display":"","ast-banner-title-visibility":"","ast-main-header-display":"","ast-hfb-above-header-display":"","ast-hfb-below-header-display":"","ast-hfb-mobile-header-display":"","site-post-title":"","ast-breadcrumbs-content":"","ast-featured-img":"","footer-sml-layout":"","ast-disable-related-posts":"","theme-transparent-header-meta":"","adv-header-id-meta":"","stick-header-meta":"","header-above-stick-meta":"","header-main-stick-meta":"","header-below-stick-meta":"","astra-migrate-meta-layouts":"default","ast-page-background-enabled":"default","ast-page-background-meta":{"desktop":{"background-color":"","background-image":"","background-repeat":"repeat","background-position":"center center","background-size":"auto","background-attachment":"scroll","background-type":"","background-media":"","overlay-type":"","overlay-color":"","overlay-opacity":"","overlay-gradient":""},"tablet":{"background-color":"","background-image":"","background-repeat":"repeat","background-position":"center center","background-size":"auto","background-attachment":"scroll","background-type":"","background-media":"","overlay-type":"","overlay-color":"","overlay-opacity":"","overlay-gradient":""},"mobile":{"background-color":"","background-image":"","background-repeat":"repeat","background-position":"center center","background-size":"auto","background-attachment":"scroll","background-type":"","background-media":"","overlay-type":"","overlay-color":"","overlay-opacity":"","overlay-gradient":""}},"ast-content-background-meta":{"desktop":{"background-color":"var(--ast-global-color-5)","background-image":"","background-repeat":"repeat","background-position":"center center","background-size":"auto","background-attachment":"scroll","background-type":"","background-media":"","overlay-type":"","overlay-color":"","overlay-opacity":"","overlay-gradient":""},"tablet":{"background-color":"var(--ast-global-color-5)","background-image":"","background-repeat":"repeat","background-position":"center center","background-size":"auto","background-attachment":"scroll","background-type":"","background-media":"","overlay-type":"","overlay-color":"","overlay-opacity":"","overlay-gradient":""},"mobile":{"background-color":"var(--ast-global-color-5)","background-image":"","background-repeat":"repeat","background-position":"center center","background-size":"auto","background-attachment":"scroll","background-type":"","background-media":"","overlay-type":"","overlay-color":"","overlay-opacity":"","overlay-gradient":""}},"footnotes":""},"class_list":["post-3626","page","type-page","status-publish","hentry"],"yoast_head":"<!-- This site is optimized with the Yoast SEO plugin v27.4 - https:\/\/yoast.com\/product\/yoast-seo-wordpress\/ -->\n<title>Checkout - Yeshuaschool<\/title>\n<meta name=\"description\" content=\"D\u00e9couvrez Checkout \u00e0 Yeshua School, une \u00e9cole chr\u00e9tienne \u00e0 Bruxelles offrant un enseignement de qualit\u00e9 en quatre langues : fran\u00e7ais, n\u00e9erlandais, anglais et syriaque. L&#039;\u00e9cole propose 30 activit\u00e9s sportives et artistiques, le petit-d\u00e9jeunet et le d\u00e9jeuner chaud \u00e0 tous les \u00e9l\u00e8ves, du lundi au vendredi. Des tournois sportifs sont organis\u00e9s les week-ends pour les familles. Une formation chr\u00e9tienne constitue la base de l&#039;enseignement \u00e0 Yeshua School.\" \/>\n<meta name=\"robots\" content=\"index, follow, max-snippet:-1, max-image-preview:large, max-video-preview:-1\" \/>\n<link rel=\"canonical\" href=\"https:\/\/yeshuaschool.com\/nl\/kassa\/\" \/>\n<meta property=\"og:locale\" content=\"nl_NL\" \/>\n<meta property=\"og:type\" content=\"article\" \/>\n<meta property=\"og:title\" content=\"Checkout - Yeshuaschool\" \/>\n<meta property=\"og:description\" content=\"D\u00e9couvrez Checkout \u00e0 Yeshua School, une \u00e9cole chr\u00e9tienne \u00e0 Bruxelles offrant un enseignement de qualit\u00e9 en quatre langues : fran\u00e7ais, n\u00e9erlandais, anglais et syriaque. L&#039;\u00e9cole propose 30 activit\u00e9s sportives et artistiques, le petit-d\u00e9jeunet et le d\u00e9jeuner chaud \u00e0 tous les \u00e9l\u00e8ves, du lundi au vendredi. Des tournois sportifs sont organis\u00e9s les week-ends pour les familles. Une formation chr\u00e9tienne constitue la base de l&#039;enseignement \u00e0 Yeshua School.\" \/>\n<meta property=\"og:url\" content=\"https:\/\/yeshuaschool.com\/nl\/kassa\/\" \/>\n<meta property=\"og:site_name\" content=\"Yeshuaschool\" \/>\n<meta property=\"article:publisher\" content=\"https:\/\/www.facebook.com\/yeshuaschoolbe\" \/>\n<meta name=\"twitter:card\" content=\"summary_large_image\" \/>\n<meta name=\"twitter:site\" content=\"@school_yeshua\" \/>\n<script type=\"application\/ld+json\" class=\"yoast-schema-graph\">{\"@context\":\"https:\\\/\\\/schema.org\",\"@graph\":[{\"@type\":\"WebPage\",\"@id\":\"https:\\\/\\\/yeshuaschool.com\\\/checkout\\\/\",\"url\":\"https:\\\/\\\/yeshuaschool.com\\\/checkout\\\/\",\"name\":\"Checkout - Yeshuaschool\",\"isPartOf\":{\"@id\":\"https:\\\/\\\/yeshuaschool.com\\\/#website\"},\"datePublished\":\"2026-03-18T20:32:21+00:00\",\"description\":\"D\u00e9couvrez Checkout \u00e0 Yeshua School, une \u00e9cole chr\u00e9tienne \u00e0 Bruxelles offrant un enseignement de qualit\u00e9 en quatre langues : fran\u00e7ais, n\u00e9erlandais, anglais et syriaque. L'\u00e9cole propose 30 activit\u00e9s sportives et artistiques, le petit-d\u00e9jeunet et le d\u00e9jeuner chaud \u00e0 tous les \u00e9l\u00e8ves, du lundi au vendredi. Des tournois sportifs sont organis\u00e9s les week-ends pour les familles. Une formation chr\u00e9tienne constitue la base de l'enseignement \u00e0 Yeshua School.\",\"breadcrumb\":{\"@id\":\"https:\\\/\\\/yeshuaschool.com\\\/checkout\\\/#breadcrumb\"},\"inLanguage\":\"nl-NL\",\"potentialAction\":[{\"@type\":\"ReadAction\",\"target\":[\"https:\\\/\\\/yeshuaschool.com\\\/checkout\\\/\"]}]},{\"@type\":\"BreadcrumbList\",\"@id\":\"https:\\\/\\\/yeshuaschool.com\\\/checkout\\\/#breadcrumb\",\"itemListElement\":[{\"@type\":\"ListItem\",\"position\":1,\"name\":\"Home\",\"item\":\"https:\\\/\\\/yeshuaschool.com\\\/\"},{\"@type\":\"ListItem\",\"position\":2,\"name\":\"Checkout\"}]},{\"@type\":\"WebSite\",\"@id\":\"https:\\\/\\\/yeshuaschool.com\\\/#website\",\"url\":\"https:\\\/\\\/yeshuaschool.com\\\/\",\"name\":\"Yeshuaschool\",\"description\":\"&quot;Yeshua School \u2014 apprendre avec sens.&quot;\",\"publisher\":{\"@id\":\"https:\\\/\\\/yeshuaschool.com\\\/#organization\"},\"potentialAction\":[{\"@type\":\"SearchAction\",\"target\":{\"@type\":\"EntryPoint\",\"urlTemplate\":\"https:\\\/\\\/yeshuaschool.com\\\/?s={search_term_string}\"},\"query-input\":{\"@type\":\"PropertyValueSpecification\",\"valueRequired\":true,\"valueName\":\"search_term_string\"}}],\"inLanguage\":\"nl-NL\"},{\"@type\":\"Organization\",\"@id\":\"https:\\\/\\\/yeshuaschool.com\\\/#organization\",\"name\":\"Yeshua School\",\"alternateName\":\"YS\",\"url\":\"https:\\\/\\\/yeshuaschool.com\\\/\",\"logo\":{\"@type\":\"ImageObject\",\"inLanguage\":\"nl-NL\",\"@id\":\"https:\\\/\\\/yeshuaschool.com\\\/#\\\/schema\\\/logo\\\/image\\\/\",\"url\":\"https:\\\/\\\/yeshuaschool.com\\\/wp-content\\\/uploads\\\/2026\\\/03\\\/cropped-Logo-YS-2-1.jpg\",\"contentUrl\":\"https:\\\/\\\/yeshuaschool.com\\\/wp-content\\\/uploads\\\/2026\\\/03\\\/cropped-Logo-YS-2-1.jpg\",\"width\":1164,\"height\":905,\"caption\":\"Yeshua School\"},\"image\":{\"@id\":\"https:\\\/\\\/yeshuaschool.com\\\/#\\\/schema\\\/logo\\\/image\\\/\"},\"sameAs\":[\"https:\\\/\\\/www.facebook.com\\\/yeshuaschoolbe\",\"https:\\\/\\\/x.com\\\/school_yeshua\",\"https:\\\/\\\/www.instagram.com\\\/yeshuaschool\\\/\",\"https:\\\/\\\/www.linkedin.com\\\/in\\\/yeshuaschoolcom\\\/\"]}]}<\/script>\n<!-- \/ Yoast SEO plugin. -->","yoast_head_json":{"title":"Afrekenen - Yeshuaschool","description":"Ontdek Checkout op Yeshua School, een christelijke school in Brussel die kwaliteitsonderwijs aanbiedt in vier talen: Frans, Nederlands, Engels en Syrisch. De school biedt 30 sport- en kunstactiviteiten, ontbijt en een warme lunch voor alle leerlingen van maandag tot vrijdag. In het weekend worden er sporttoernooien georganiseerd voor gezinnen. Christelijke vorming vormt de basis van het onderwijs op de Yeshua School.","robots":{"index":"index","follow":"follow","max-snippet":"max-snippet:-1","max-image-preview":"max-image-preview:large","max-video-preview":"max-video-preview:-1"},"canonical":"https:\/\/yeshuaschool.com\/nl\/kassa\/","og_locale":"nl_NL","og_type":"article","og_title":"Checkout - Yeshuaschool","og_description":"D\u00e9couvrez Checkout \u00e0 Yeshua School, une \u00e9cole chr\u00e9tienne \u00e0 Bruxelles offrant un enseignement de qualit\u00e9 en quatre langues : fran\u00e7ais, n\u00e9erlandais, anglais et syriaque. L'\u00e9cole propose 30 activit\u00e9s sportives et artistiques, le petit-d\u00e9jeunet et le d\u00e9jeuner chaud \u00e0 tous les \u00e9l\u00e8ves, du lundi au vendredi. Des tournois sportifs sont organis\u00e9s les week-ends pour les familles. Une formation chr\u00e9tienne constitue la base de l'enseignement \u00e0 Yeshua School.","og_url":"https:\/\/yeshuaschool.com\/nl\/kassa\/","og_site_name":"Yeshuaschool","article_publisher":"https:\/\/www.facebook.com\/yeshuaschoolbe","twitter_card":"summary_large_image","twitter_site":"@school_yeshua","schema":{"@context":"https:\/\/schema.org","@graph":[{"@type":"WebPage","@id":"https:\/\/yeshuaschool.com\/checkout\/","url":"https:\/\/yeshuaschool.com\/checkout\/","name":"Afrekenen - Yeshuaschool","isPartOf":{"@id":"https:\/\/yeshuaschool.com\/#website"},"datePublished":"2026-03-18T20:32:21+00:00","description":"Ontdek Checkout op Yeshua School, een christelijke school in Brussel die kwaliteitsonderwijs aanbiedt in vier talen: Frans, Nederlands, Engels en Syrisch. De school biedt 30 sport- en kunstactiviteiten, ontbijt en een warme lunch voor alle leerlingen van maandag tot vrijdag. In het weekend worden er sporttoernooien georganiseerd voor gezinnen. Christelijke vorming vormt de basis van het onderwijs op de Yeshua School.","breadcrumb":{"@id":"https:\/\/yeshuaschool.com\/checkout\/#breadcrumb"},"inLanguage":"nl-NL","potentialAction":[{"@type":"ReadAction","target":["https:\/\/yeshuaschool.com\/checkout\/"]}]},{"@type":"BreadcrumbList","@id":"https:\/\/yeshuaschool.com\/checkout\/#breadcrumb","itemListElement":[{"@type":"ListItem","position":1,"name":"Home","item":"https:\/\/yeshuaschool.com\/"},{"@type":"ListItem","position":2,"name":"Checkout"}]},{"@type":"WebSite","@id":"https:\/\/yeshuaschool.com\/#website","url":"https:\/\/yeshuaschool.com\/","name":"Yeshuaschool","description":"\"Yeshua School - leren met betekenis.\"","publisher":{"@id":"https:\/\/yeshuaschool.com\/#organization"},"potentialAction":[{"@type":"SearchAction","target":{"@type":"EntryPoint","urlTemplate":"https:\/\/yeshuaschool.com\/?s={search_term_string}"},"query-input":{"@type":"PropertyValueSpecification","valueRequired":true,"valueName":"search_term_string"}}],"inLanguage":"nl-NL"},{"@type":"Organization","@id":"https:\/\/yeshuaschool.com\/#organization","name":"Yeshua School","alternateName":"YS","url":"https:\/\/yeshuaschool.com\/","logo":{"@type":"ImageObject","inLanguage":"nl-NL","@id":"https:\/\/yeshuaschool.com\/#\/schema\/logo\/image\/","url":"https:\/\/yeshuaschool.com\/wp-content\/uploads\/2026\/03\/cropped-Logo-YS-2-1.jpg","contentUrl":"https:\/\/yeshuaschool.com\/wp-content\/uploads\/2026\/03\/cropped-Logo-YS-2-1.jpg","width":1164,"height":905,"caption":"Yeshua School"},"image":{"@id":"https:\/\/yeshuaschool.com\/#\/schema\/logo\/image\/"},"sameAs":["https:\/\/www.facebook.com\/yeshuaschoolbe","https:\/\/x.com\/school_yeshua","https:\/\/www.instagram.com\/yeshuaschool\/","https:\/\/www.linkedin.com\/in\/yeshuaschoolcom\/"]}]}},"_links":{"self":[{"href":"https:\/\/yeshuaschool.com\/nl\/wp-json\/wp\/v2\/pages\/3626","targetHints":{"allow":["GET"]}}],"collection":[{"href":"https:\/\/yeshuaschool.com\/nl\/wp-json\/wp\/v2\/pages"}],"about":[{"href":"https:\/\/yeshuaschool.com\/nl\/wp-json\/wp\/v2\/types\/page"}],"author":[{"embeddable":true,"href":"https:\/\/yeshuaschool.com\/nl\/wp-json\/wp\/v2\/users\/1"}],"replies":[{"embeddable":true,"href":"https:\/\/yeshuaschool.com\/nl\/wp-json\/wp\/v2\/comments?post=3626"}],"version-history":[{"count":0,"href":"https:\/\/yeshuaschool.com\/nl\/wp-json\/wp\/v2\/pages\/3626\/revisions"}],"wp:attachment":[{"href":"https:\/\/yeshuaschool.com\/nl\/wp-json\/wp\/v2\/media?parent=3626"}],"curies":[{"name":"wp","href":"https:\/\/api.w.org\/{rel}","templated":true}]}}