{"id":4085,"date":"2026-03-25T00:16:05","date_gmt":"2026-03-24T23:16:05","guid":{"rendered":"https:\/\/yeshuaschool.com\/?page_id=4085"},"modified":"2026-03-25T00:22:10","modified_gmt":"2026-03-24T23:22:10","slug":"assyriologisch-centrum","status":"publish","type":"page","link":"https:\/\/yeshuaschool.com\/nl\/centre-assyriologique\/","title":{"rendered":"Assyrisch Centrum"},"content":{"rendered":"<div data-elementor-type=\"wp-page\" data-elementor-id=\"4085\" class=\"elementor elementor-4085\">\n\t\t\t\t<div class=\"elementor-element elementor-element-1646ff0 e-flex e-con-boxed e-con e-parent\" data-id=\"1646ff0\" data-element_type=\"container\" data-e-type=\"container\">\n\t\t\t\t\t<div class=\"e-con-inner\">\n\t\t\t\t<div class=\"elementor-element elementor-element-c566074 elementor-widget elementor-widget-heading\" data-id=\"c566074\" data-element_type=\"widget\" data-e-type=\"widget\" data-widget_type=\"heading.default\">\n\t\t\t\t\t<h2 class=\"elementor-heading-title elementor-size-default\">IN AANBOUW!<\/h2>\t\t\t\t<\/div>\n\t\t\t\t\t<\/div>\n\t\t\t\t<\/div>\n\t\t<div class=\"elementor-element elementor-element-6d9754e e-flex e-con-boxed e-con e-parent\" data-id=\"6d9754e\" data-element_type=\"container\" data-e-type=\"container\">\n\t\t\t\t\t<div class=\"e-con-inner\">\n\t\t\t\t<div class=\"elementor-element elementor-element-08ab9ce elementor-widget elementor-widget-image\" data-id=\"08ab9ce\" data-element_type=\"widget\" data-e-type=\"widget\" data-widget_type=\"image.default\">\n\t\t\t\t\t\t\t\t\t\t\t\t\t\t\t<img fetchpriority=\"high\" width=\"1024\" height=\"670\"  class=\"attachment-large size-large wp-image-4091 lws-optimize-lazyload\" alt=\"\" srcset=\"https:\/\/yeshuaschool.com\/wp-content\/uploads\/2026\/03\/il_fullxfull.1367784764_3o8w-1024x670.webp 1024w, https:\/\/yeshuaschool.com\/wp-content\/uploads\/2026\/03\/il_fullxfull.1367784764_3o8w-300x196.webp 300w, https:\/\/yeshuaschool.com\/wp-content\/uploads\/2026\/03\/il_fullxfull.1367784764_3o8w-768x503.webp 768w, https:\/\/yeshuaschool.com\/wp-content\/uploads\/2026\/03\/il_fullxfull.1367784764_3o8w-1536x1005.webp 1536w, https:\/\/yeshuaschool.com\/wp-content\/uploads\/2026\/03\/il_fullxfull.1367784764_3o8w-2048x1340.webp 2048w, https:\/\/yeshuaschool.com\/wp-content\/uploads\/2026\/03\/il_fullxfull.1367784764_3o8w-18x12.webp 18w\" sizes=\"(max-width: 1024px) 100vw, 1024px\" >\t\t\t\t\t\t\t\t\t\t\t\t\t\t\t<\/div>\n\t\t\t\t\t<\/div>\n\t\t\t\t<\/div>\n\t\t\t\t<\/div>","protected":false},"excerpt":{"rendered":"<p>IN AANBOUW!<\/p>","protected":false},"author":1,"featured_media":0,"parent":0,"menu_order":0,"comment_status":"closed","ping_status":"closed","template":"","meta":{"_surecart_dashboard_logo_width":"180px","_surecart_dashboard_show_logo":true,"_surecart_dashboard_navigation_orders":true,"_surecart_dashboard_navigation_invoices":true,"_surecart_dashboard_navigation_subscriptions":true,"_surecart_dashboard_navigation_downloads":true,"_surecart_dashboard_navigation_billing":true,"_surecart_dashboard_navigation_account":true,"site-sidebar-layout":"no-sidebar","site-content-layout":"page-builder","ast-site-content-layout":"full-width-container","site-content-style":"default","site-sidebar-style":"default","ast-global-header-display":"","ast-banner-title-visibility":"","ast-main-header-display":"","ast-hfb-above-header-display":"","ast-hfb-below-header-display":"","ast-hfb-mobile-header-display":"","site-post-title":"disabled","ast-breadcrumbs-content":"","ast-featured-img":"disabled","footer-sml-layout":"","ast-disable-related-posts":"","theme-transparent-header-meta":"","adv-header-id-meta":"","stick-header-meta":"","header-above-stick-meta":"","header-main-stick-meta":"","header-below-stick-meta":"","astra-migrate-meta-layouts":"set","ast-page-background-enabled":"default","ast-page-background-meta":{"desktop":{"background-color":"","background-image":"","background-repeat":"repeat","background-position":"center center","background-size":"auto","background-attachment":"scroll","background-type":"","background-media":"","overlay-type":"","overlay-color":"","overlay-opacity":"","overlay-gradient":""},"tablet":{"background-color":"","background-image":"","background-repeat":"repeat","background-position":"center center","background-size":"auto","background-attachment":"scroll","background-type":"","background-media":"","overlay-type":"","overlay-color":"","overlay-opacity":"","overlay-gradient":""},"mobile":{"background-color":"","background-image":"","background-repeat":"repeat","background-position":"center center","background-size":"auto","background-attachment":"scroll","background-type":"","background-media":"","overlay-type":"","overlay-color":"","overlay-opacity":"","overlay-gradient":""}},"ast-content-background-meta":{"desktop":{"background-color":"var(--ast-global-color-5)","background-image":"","background-repeat":"repeat","background-position":"center center","background-size":"auto","background-attachment":"scroll","background-type":"","background-media":"","overlay-type":"","overlay-color":"","overlay-opacity":"","overlay-gradient":""},"tablet":{"background-color":"var(--ast-global-color-5)","background-image":"","background-repeat":"repeat","background-position":"center center","background-size":"auto","background-attachment":"scroll","background-type":"","background-media":"","overlay-type":"","overlay-color":"","overlay-opacity":"","overlay-gradient":""},"mobile":{"background-color":"var(--ast-global-color-5)","background-image":"","background-repeat":"repeat","background-position":"center center","background-size":"auto","background-attachment":"scroll","background-type":"","background-media":"","overlay-type":"","overlay-color":"","overlay-opacity":"","overlay-gradient":""}},"footnotes":""},"class_list":["post-4085","page","type-page","status-publish","hentry"],"yoast_head":"<!-- This site is optimized with the Yoast SEO plugin v27.4 - https:\/\/yoast.com\/product\/yoast-seo-wordpress\/ -->\n<title>Centre assyriologique - Yeshuaschool<\/title>\n<meta name=\"description\" content=\"D\u00e9couvrez Centre assyriologique \u00e0 Yeshua School, une \u00e9cole chr\u00e9tienne \u00e0 Bruxelles offrant un enseignement de qualit\u00e9 en quatre langues : fran\u00e7ais, n\u00e9erlandais, anglais et syriaque. L&#039;\u00e9cole propose 30 activit\u00e9s sportives et artistiques, le petit-d\u00e9jeunet et le d\u00e9jeuner chaud \u00e0 tous les \u00e9l\u00e8ves, du lundi au vendredi. Des tournois sportifs sont organis\u00e9s les week-ends pour les familles. Une formation chr\u00e9tienne constitue la base de l&#039;enseignement \u00e0 Yeshua School.\" \/>\n<meta name=\"robots\" content=\"index, follow, max-snippet:-1, max-image-preview:large, max-video-preview:-1\" \/>\n<link rel=\"canonical\" href=\"https:\/\/yeshuaschool.com\/nl\/assyriologisch-centrum\/\" \/>\n<meta property=\"og:locale\" content=\"nl_NL\" \/>\n<meta property=\"og:type\" content=\"article\" \/>\n<meta property=\"og:title\" content=\"Centre assyriologique - Yeshuaschool\" \/>\n<meta property=\"og:description\" content=\"D\u00e9couvrez Centre assyriologique \u00e0 Yeshua School, une \u00e9cole chr\u00e9tienne \u00e0 Bruxelles offrant un enseignement de qualit\u00e9 en quatre langues : fran\u00e7ais, n\u00e9erlandais, anglais et syriaque. L&#039;\u00e9cole propose 30 activit\u00e9s sportives et artistiques, le petit-d\u00e9jeunet et le d\u00e9jeuner chaud \u00e0 tous les \u00e9l\u00e8ves, du lundi au vendredi. Des tournois sportifs sont organis\u00e9s les week-ends pour les familles. Une formation chr\u00e9tienne constitue la base de l&#039;enseignement \u00e0 Yeshua School.\" \/>\n<meta property=\"og:url\" content=\"https:\/\/yeshuaschool.com\/nl\/assyriologisch-centrum\/\" \/>\n<meta property=\"og:site_name\" content=\"Yeshuaschool\" \/>\n<meta property=\"article:publisher\" content=\"https:\/\/www.facebook.com\/yeshuaschoolbe\" \/>\n<meta property=\"article:modified_time\" content=\"2026-03-24T23:22:10+00:00\" \/>\n<meta property=\"og:image\" content=\"https:\/\/yeshuaschool.com\/wp-content\/uploads\/2026\/03\/il_fullxfull.1367784764_3o8w-scaled.webp\" \/>\n\t<meta property=\"og:image:width\" content=\"2560\" \/>\n\t<meta property=\"og:image:height\" content=\"1675\" \/>\n\t<meta property=\"og:image:type\" content=\"image\/webp\" \/>\n<meta name=\"twitter:card\" content=\"summary_large_image\" \/>\n<meta name=\"twitter:site\" content=\"@school_yeshua\" \/>\n<meta name=\"twitter:label1\" content=\"Geschatte leestijd\" \/>\n\t<meta name=\"twitter:data1\" content=\"1 minuut\" \/>\n<script type=\"application\/ld+json\" class=\"yoast-schema-graph\">{\"@context\":\"https:\\\/\\\/schema.org\",\"@graph\":[{\"@type\":\"WebPage\",\"@id\":\"https:\\\/\\\/yeshuaschool.com\\\/centre-assyriologique\\\/\",\"url\":\"https:\\\/\\\/yeshuaschool.com\\\/centre-assyriologique\\\/\",\"name\":\"Centre assyriologique - Yeshuaschool\",\"isPartOf\":{\"@id\":\"https:\\\/\\\/yeshuaschool.com\\\/#website\"},\"primaryImageOfPage\":{\"@id\":\"https:\\\/\\\/yeshuaschool.com\\\/centre-assyriologique\\\/#primaryimage\"},\"image\":{\"@id\":\"https:\\\/\\\/yeshuaschool.com\\\/centre-assyriologique\\\/#primaryimage\"},\"thumbnailUrl\":\"https:\\\/\\\/yeshuaschool.com\\\/wp-content\\\/uploads\\\/2026\\\/03\\\/il_fullxfull.1367784764_3o8w-1024x670.webp\",\"datePublished\":\"2026-03-24T23:16:05+00:00\",\"dateModified\":\"2026-03-24T23:22:10+00:00\",\"description\":\"D\u00e9couvrez Centre assyriologique \u00e0 Yeshua School, une \u00e9cole chr\u00e9tienne \u00e0 Bruxelles offrant un enseignement de qualit\u00e9 en quatre langues : fran\u00e7ais, n\u00e9erlandais, anglais et syriaque. L'\u00e9cole propose 30 activit\u00e9s sportives et artistiques, le petit-d\u00e9jeunet et le d\u00e9jeuner chaud \u00e0 tous les \u00e9l\u00e8ves, du lundi au vendredi. Des tournois sportifs sont organis\u00e9s les week-ends pour les familles. Une formation chr\u00e9tienne constitue la base de l'enseignement \u00e0 Yeshua School.\",\"breadcrumb\":{\"@id\":\"https:\\\/\\\/yeshuaschool.com\\\/centre-assyriologique\\\/#breadcrumb\"},\"inLanguage\":\"nl-NL\",\"potentialAction\":[{\"@type\":\"ReadAction\",\"target\":[\"https:\\\/\\\/yeshuaschool.com\\\/centre-assyriologique\\\/\"]}]},{\"@type\":\"ImageObject\",\"inLanguage\":\"nl-NL\",\"@id\":\"https:\\\/\\\/yeshuaschool.com\\\/centre-assyriologique\\\/#primaryimage\",\"url\":\"https:\\\/\\\/yeshuaschool.com\\\/wp-content\\\/uploads\\\/2026\\\/03\\\/il_fullxfull.1367784764_3o8w-1024x670.webp\",\"contentUrl\":\"https:\\\/\\\/yeshuaschool.com\\\/wp-content\\\/uploads\\\/2026\\\/03\\\/il_fullxfull.1367784764_3o8w-1024x670.webp\"},{\"@type\":\"BreadcrumbList\",\"@id\":\"https:\\\/\\\/yeshuaschool.com\\\/centre-assyriologique\\\/#breadcrumb\",\"itemListElement\":[{\"@type\":\"ListItem\",\"position\":1,\"name\":\"Home\",\"item\":\"https:\\\/\\\/yeshuaschool.com\\\/\"},{\"@type\":\"ListItem\",\"position\":2,\"name\":\"Centre assyriologique\"}]},{\"@type\":\"WebSite\",\"@id\":\"https:\\\/\\\/yeshuaschool.com\\\/#website\",\"url\":\"https:\\\/\\\/yeshuaschool.com\\\/\",\"name\":\"Yeshuaschool\",\"description\":\"&quot;Yeshua School \u2014 apprendre avec sens.&quot;\",\"publisher\":{\"@id\":\"https:\\\/\\\/yeshuaschool.com\\\/#organization\"},\"potentialAction\":[{\"@type\":\"SearchAction\",\"target\":{\"@type\":\"EntryPoint\",\"urlTemplate\":\"https:\\\/\\\/yeshuaschool.com\\\/?s={search_term_string}\"},\"query-input\":{\"@type\":\"PropertyValueSpecification\",\"valueRequired\":true,\"valueName\":\"search_term_string\"}}],\"inLanguage\":\"nl-NL\"},{\"@type\":\"Organization\",\"@id\":\"https:\\\/\\\/yeshuaschool.com\\\/#organization\",\"name\":\"Yeshua School\",\"alternateName\":\"YS\",\"url\":\"https:\\\/\\\/yeshuaschool.com\\\/\",\"logo\":{\"@type\":\"ImageObject\",\"inLanguage\":\"nl-NL\",\"@id\":\"https:\\\/\\\/yeshuaschool.com\\\/#\\\/schema\\\/logo\\\/image\\\/\",\"url\":\"https:\\\/\\\/yeshuaschool.com\\\/wp-content\\\/uploads\\\/2026\\\/03\\\/cropped-Logo-YS-2-1.jpg\",\"contentUrl\":\"https:\\\/\\\/yeshuaschool.com\\\/wp-content\\\/uploads\\\/2026\\\/03\\\/cropped-Logo-YS-2-1.jpg\",\"width\":1164,\"height\":905,\"caption\":\"Yeshua School\"},\"image\":{\"@id\":\"https:\\\/\\\/yeshuaschool.com\\\/#\\\/schema\\\/logo\\\/image\\\/\"},\"sameAs\":[\"https:\\\/\\\/www.facebook.com\\\/yeshuaschoolbe\",\"https:\\\/\\\/x.com\\\/school_yeshua\",\"https:\\\/\\\/www.instagram.com\\\/yeshuaschool\\\/\",\"https:\\\/\\\/www.linkedin.com\\\/in\\\/yeshuaschoolcom\\\/\"]}]}<\/script>\n<!-- \/ Yoast SEO plugin. -->","yoast_head_json":{"title":"Assyriologisch Centrum - Yeshuaschool","description":"Ontdek het Assyriologisch Centrum van de Yeshua School, een christelijke school in Brussel die kwaliteitsonderwijs aanbiedt in vier talen: Frans, Nederlands, Engels en Syrisch. De school biedt 30 sport- en kunstactiviteiten, ontbijt en een warme lunch voor alle leerlingen van maandag tot vrijdag. In het weekend worden er sporttoernooien georganiseerd voor gezinnen. Christelijke vorming vormt de basis van het onderwijs op de Yeshua School.","robots":{"index":"index","follow":"follow","max-snippet":"max-snippet:-1","max-image-preview":"max-image-preview:large","max-video-preview":"max-video-preview:-1"},"canonical":"https:\/\/yeshuaschool.com\/nl\/assyriologisch-centrum\/","og_locale":"nl_NL","og_type":"article","og_title":"Centre assyriologique - Yeshuaschool","og_description":"D\u00e9couvrez Centre assyriologique \u00e0 Yeshua School, une \u00e9cole chr\u00e9tienne \u00e0 Bruxelles offrant un enseignement de qualit\u00e9 en quatre langues : fran\u00e7ais, n\u00e9erlandais, anglais et syriaque. L'\u00e9cole propose 30 activit\u00e9s sportives et artistiques, le petit-d\u00e9jeunet et le d\u00e9jeuner chaud \u00e0 tous les \u00e9l\u00e8ves, du lundi au vendredi. Des tournois sportifs sont organis\u00e9s les week-ends pour les familles. Une formation chr\u00e9tienne constitue la base de l'enseignement \u00e0 Yeshua School.","og_url":"https:\/\/yeshuaschool.com\/nl\/assyriologisch-centrum\/","og_site_name":"Yeshuaschool","article_publisher":"https:\/\/www.facebook.com\/yeshuaschoolbe","article_modified_time":"2026-03-24T23:22:10+00:00","og_image":[{"width":2560,"height":1675,"url":"https:\/\/yeshuaschool.com\/wp-content\/uploads\/2026\/03\/il_fullxfull.1367784764_3o8w-scaled.webp","type":"image\/webp"}],"twitter_card":"summary_large_image","twitter_site":"@school_yeshua","twitter_misc":{"Geschatte leestijd":"1 minuut"},"schema":{"@context":"https:\/\/schema.org","@graph":[{"@type":"WebPage","@id":"https:\/\/yeshuaschool.com\/centre-assyriologique\/","url":"https:\/\/yeshuaschool.com\/centre-assyriologique\/","name":"Assyriologisch Centrum - Yeshuaschool","isPartOf":{"@id":"https:\/\/yeshuaschool.com\/#website"},"primaryImageOfPage":{"@id":"https:\/\/yeshuaschool.com\/centre-assyriologique\/#primaryimage"},"image":{"@id":"https:\/\/yeshuaschool.com\/centre-assyriologique\/#primaryimage"},"thumbnailUrl":"https:\/\/yeshuaschool.com\/wp-content\/uploads\/2026\/03\/il_fullxfull.1367784764_3o8w-1024x670.webp","datePublished":"2026-03-24T23:16:05+00:00","dateModified":"2026-03-24T23:22:10+00:00","description":"Ontdek het Assyriologisch Centrum van de Yeshua School, een christelijke school in Brussel die kwaliteitsonderwijs aanbiedt in vier talen: Frans, Nederlands, Engels en Syrisch. De school biedt 30 sport- en kunstactiviteiten, ontbijt en een warme lunch voor alle leerlingen van maandag tot vrijdag. In het weekend worden er sporttoernooien georganiseerd voor gezinnen. Christelijke vorming vormt de basis van het onderwijs op de Yeshua School.","breadcrumb":{"@id":"https:\/\/yeshuaschool.com\/centre-assyriologique\/#breadcrumb"},"inLanguage":"nl-NL","potentialAction":[{"@type":"ReadAction","target":["https:\/\/yeshuaschool.com\/centre-assyriologique\/"]}]},{"@type":"ImageObject","inLanguage":"nl-NL","@id":"https:\/\/yeshuaschool.com\/centre-assyriologique\/#primaryimage","url":"https:\/\/yeshuaschool.com\/wp-content\/uploads\/2026\/03\/il_fullxfull.1367784764_3o8w-1024x670.webp","contentUrl":"https:\/\/yeshuaschool.com\/wp-content\/uploads\/2026\/03\/il_fullxfull.1367784764_3o8w-1024x670.webp"},{"@type":"BreadcrumbList","@id":"https:\/\/yeshuaschool.com\/centre-assyriologique\/#breadcrumb","itemListElement":[{"@type":"ListItem","position":1,"name":"Home","item":"https:\/\/yeshuaschool.com\/"},{"@type":"ListItem","position":2,"name":"Centre assyriologique"}]},{"@type":"WebSite","@id":"https:\/\/yeshuaschool.com\/#website","url":"https:\/\/yeshuaschool.com\/","name":"Yeshuaschool","description":"\"Yeshua School - leren met betekenis.\"","publisher":{"@id":"https:\/\/yeshuaschool.com\/#organization"},"potentialAction":[{"@type":"SearchAction","target":{"@type":"EntryPoint","urlTemplate":"https:\/\/yeshuaschool.com\/?s={search_term_string}"},"query-input":{"@type":"PropertyValueSpecification","valueRequired":true,"valueName":"search_term_string"}}],"inLanguage":"nl-NL"},{"@type":"Organization","@id":"https:\/\/yeshuaschool.com\/#organization","name":"Yeshua School","alternateName":"YS","url":"https:\/\/yeshuaschool.com\/","logo":{"@type":"ImageObject","inLanguage":"nl-NL","@id":"https:\/\/yeshuaschool.com\/#\/schema\/logo\/image\/","url":"https:\/\/yeshuaschool.com\/wp-content\/uploads\/2026\/03\/cropped-Logo-YS-2-1.jpg","contentUrl":"https:\/\/yeshuaschool.com\/wp-content\/uploads\/2026\/03\/cropped-Logo-YS-2-1.jpg","width":1164,"height":905,"caption":"Yeshua School"},"image":{"@id":"https:\/\/yeshuaschool.com\/#\/schema\/logo\/image\/"},"sameAs":["https:\/\/www.facebook.com\/yeshuaschoolbe","https:\/\/x.com\/school_yeshua","https:\/\/www.instagram.com\/yeshuaschool\/","https:\/\/www.linkedin.com\/in\/yeshuaschoolcom\/"]}]}},"_links":{"self":[{"href":"https:\/\/yeshuaschool.com\/nl\/wp-json\/wp\/v2\/pages\/4085","targetHints":{"allow":["GET"]}}],"collection":[{"href":"https:\/\/yeshuaschool.com\/nl\/wp-json\/wp\/v2\/pages"}],"about":[{"href":"https:\/\/yeshuaschool.com\/nl\/wp-json\/wp\/v2\/types\/page"}],"author":[{"embeddable":true,"href":"https:\/\/yeshuaschool.com\/nl\/wp-json\/wp\/v2\/users\/1"}],"replies":[{"embeddable":true,"href":"https:\/\/yeshuaschool.com\/nl\/wp-json\/wp\/v2\/comments?post=4085"}],"version-history":[{"count":7,"href":"https:\/\/yeshuaschool.com\/nl\/wp-json\/wp\/v2\/pages\/4085\/revisions"}],"predecessor-version":[{"id":4094,"href":"https:\/\/yeshuaschool.com\/nl\/wp-json\/wp\/v2\/pages\/4085\/revisions\/4094"}],"wp:attachment":[{"href":"https:\/\/yeshuaschool.com\/nl\/wp-json\/wp\/v2\/media?parent=4085"}],"curies":[{"name":"wp","href":"https:\/\/api.w.org\/{rel}","templated":true}]}}