{"id":1519,"date":"2026-02-03T22:40:35","date_gmt":"2026-02-03T21:40:35","guid":{"rendered":"https:\/\/yeshuaschool.com\/?page_id=1519"},"modified":"2026-03-04T00:55:07","modified_gmt":"2026-03-03T23:55:07","slug":"integritetspolicy-2","status":"publish","type":"page","link":"https:\/\/yeshuaschool.com\/sv\/politiques-de-confidentialite\/","title":{"rendered":"Integritetspolicy"},"content":{"rendered":"<div data-elementor-type=\"wp-page\" data-elementor-id=\"1519\" class=\"elementor elementor-1519\">\n\t\t\t\t<div class=\"elementor-element elementor-element-99a8c79 e-flex e-con-boxed e-con e-parent\" data-id=\"99a8c79\" data-element_type=\"container\" data-e-type=\"container\">\n\t\t\t\t\t<div class=\"e-con-inner\">\n\t\t\t\t<div class=\"elementor-element elementor-element-dcb6f5e elementor-widget elementor-widget-text-editor\" data-id=\"dcb6f5e\" data-element_type=\"widget\" data-e-type=\"widget\" data-widget_type=\"text-editor.default\">\n\t\t\t\t\t\t\t\t\t<p><strong>Yeshua-skolan<\/strong><\/p><p>Senaste uppdatering : <strong>1 februari 2026<\/strong><\/p><ol><li><strong>Inledning<\/strong><\/li><\/ol><p>Yeshua School f\u00e4ster s\u00e4rskild vikt vid att skydda personuppgifter och integritet f\u00f6r elever, f\u00f6r\u00e4ldrar, personal, bes\u00f6kare och anv\u00e4ndare av dess webbplats.<\/p><p>Syftet med denna integritetspolicy \u00e4r att ge tydlig och transparent information om hur personuppgifter samlas in, anv\u00e4nds och skyddas, i enlighet med dataskyddsdirektivet. <strong>Allm\u00e4n dataskyddsf\u00f6rordning (GDPR - EU 2016\/679)<\/strong> och till\u00e4mplig belgisk lagstiftning.<\/p><ol start=\"2\"><li><strong>Personuppgiftsansvarig<\/strong><\/li><\/ol><p>Personuppgiftsansvarig \u00e4r :<\/p><p><strong>Yeshua-skolan<\/strong><br \/>Rue de Gen\u00e8ve 470a<br \/>1030 Schaerbeek<br \/>Belgien<\/p><ol start=\"3\"><li><strong>Dataskyddsombud (DPO)<\/strong><\/li><\/ol><p>Dataskyddsombudet \u00e4r :<\/p><p><strong>Fru ORs Lena<\/strong><br \/>\ud83d\udce7 E-post: ors.lena@yeshuaschool.com<\/p><p>Alla fr\u00e5gor som r\u00f6r behandlingen av personuppgifter kan st\u00e4llas till honom.<\/p><ol start=\"4\"><li><strong>Insamlade personuppgifter<\/strong><\/li><\/ol><p>Yeshua School kan samla in och behandla f\u00f6ljande kategorier av uppgifter:<\/p><ol><li><strong>a) Studenter<\/strong><\/li><\/ol><ul><li>Efternamn, f\u00f6rnamn<\/li><li>F\u00f6delsedatum och f\u00f6delseort<\/li><li>Adress<\/li><li>Uppgifter om f\u00f6r\u00e4ldrar eller v\u00e5rdnadshavare<\/li><li>Skol- och utbildningsdata<\/li><li>Administrativa uppgifter som r\u00f6r registrering<\/li><li>Strikt n\u00f6dv\u00e4ndiga medicinska uppgifter (allergier, s\u00e4rskilda behov), med uttryckligt samtycke<\/li><\/ul><ol><li><strong>b) F\u00f6r\u00e4ldrar\/v\u00e5rdnadshavare<\/strong><\/li><\/ol><ul><li>Efternamn, f\u00f6rnamn<\/li><li>Adress<\/li><li>Telefonnummer<\/li><li>E-postadress<\/li><li>Administrativ och finansiell information<\/li><\/ul><ol><li><strong>c) Personal och kandidater<\/strong><\/li><\/ol><ul><li>Identifieringsuppgifter<\/li><li>CV, examensbevis, yrkeserfarenhet<\/li><li>Administrativa och avtalsenliga uppgifter<\/li><\/ul><ol><li><strong>d) Webbplatsanv\u00e4ndare<\/strong><\/li><\/ol><ul><li>Kontaktuppgifter (formul\u00e4r)<\/li><li>IP-adress<\/li><li>Webbl\u00e4sningsdata (cookies)<\/li><\/ul><ol start=\"5\"><li><strong>\u00c4ndam\u00e5l med behandlingen<\/strong><\/li><\/ol><p>Personuppgifterna behandlas endast f\u00f6r f\u00f6ljande \u00e4ndam\u00e5l:<\/p><ul><li>Administrativ och pedagogisk ledning av skolan<\/li><li>Inskrivning och uppf\u00f6ljning av elever<\/li><li>Kommunikation med f\u00f6r\u00e4ldrar och v\u00e5rdnadshavare<\/li><li>Personal- och applikationshantering<\/li><li>Efterlevnad av r\u00e4ttsliga och regulatoriska skyldigheter<\/li><li>Hantering av webbplatsen och f\u00f6rb\u00e4ttring av anv\u00e4ndarupplevelsen<\/li><li>Organisation av skolevenemang<\/li><\/ul><ol start=\"6\"><li><strong>R\u00e4ttslig grund f\u00f6r behandling<\/strong><\/li><\/ol><p>Databehandlingen \u00e4r baserad p\u00e5 :<\/p><ul><li>Utf\u00f6randet av ett uppdrag av allm\u00e4nt intresse eller ett kontrakt<\/li><li>Uppfyllande av r\u00e4ttsliga skyldigheter<\/li><li>De registrerades uttryckliga samtycke (i till\u00e4mpliga fall)<\/li><li>Etableringens legitima intressen, samtidigt som grundl\u00e4ggande r\u00e4ttigheter och friheter respekteras.<\/li><\/ul><ol start=\"7\"><li><strong>Mottagare av data<\/strong><\/li><\/ol><p>Personuppgifter f\u00e5r endast \u00f6verf\u00f6ras :<\/p><ul><li>Auktoriserad personal<\/li><li>Till beh\u00f6riga myndigheter om s\u00e5 kr\u00e4vs enligt lag<\/li><li>Tj\u00e4nsteleverant\u00f6rer (IT, hosting, redovisning) som \u00e4r bundna av sekretess<\/li><\/ul><p>Inga personuppgifter s\u00e4ljs eller \u00f6verf\u00f6rs till tredje part f\u00f6r kommersiella \u00e4ndam\u00e5l.<\/p><ol start=\"8\"><li><strong>H\u00e5llbarhetstid<\/strong><\/li><\/ol><p>Uppgifterna sparas endast s\u00e5 l\u00e4nge som det \u00e4r n\u00f6dv\u00e4ndigt f\u00f6r de \u00e4ndam\u00e5l f\u00f6r vilka de samlades in och i enlighet med g\u00e4llande r\u00e4ttsliga f\u00f6rpliktelser.<\/p><p>Bevarandekriterierna tar h\u00e4nsyn till :<\/p><ul><li>Kursens l\u00e4ngd<\/li><li>Administrativa och skattem\u00e4ssiga skyldigheter<\/li><li>Lagstadgade preskriptionstider<\/li><\/ul><ol start=\"9\"><li><strong>R\u00e4ttigheter f\u00f6r de ber\u00f6rda personerna<\/strong><\/li><\/ol><p>I enlighet med RGPD har alla individer f\u00f6ljande r\u00e4ttigheter:<\/p><ul><li>R\u00e4tt till tillg\u00e5ng<\/li><li>R\u00e4tt till r\u00e4ttelse<\/li><li>R\u00e4tt till radering (r\u00e4tten att bli bortgl\u00f6md)<\/li><li>R\u00e4tt till begr\u00e4nsning av behandling<\/li><li>R\u00e4tt att g\u00f6ra inv\u00e4ndningar<\/li><li>R\u00e4tt till dataportabilitet<\/li><li>R\u00e4tt att n\u00e4r som helst \u00e5terkalla samtycke<\/li><\/ul><p>Beg\u00e4ran kan g\u00f6ras skriftligen till Yeshua Schools dataskyddsombud.<\/p><ol start=\"10\"><li><strong>Fordringar<\/strong><\/li><\/ol><p>Om du anser att dina r\u00e4ttigheter inte har respekterats kan du l\u00e4mna in ett klagom\u00e5l till den beh\u00f6riga tillsynsmyndigheten:<\/p><p><strong>Dataskyddsmyndigheten (DPA)<\/strong><br \/>Rue de la Presse 35<br \/>1000 Bryssel<br \/>\ud83d\udce7 <a href=\"mailto:contact@apd-gba.be\">contact@apd-gba.be<\/a><br \/>\ud83c\udf10 <a href=\"https:\/\/www.autoriteprotectiondonnees.be\/\">https:\/\/www.autoriteprotectiondonnees.be<\/a><\/p><ol start=\"11\"><li><strong>Datas\u00e4kerhet<\/strong><\/li><\/ol><p>Yeshua School genomf\u00f6r l\u00e4mpliga tekniska och organisatoriska \u00e5tg\u00e4rder f\u00f6r att garantera s\u00e4kerheten, konfidentialiteten och integriteten f\u00f6r personuppgifter.<\/p><ol start=\"12\"><li><strong>Kakor<\/strong><\/li><\/ol><p>Yeshua Schools webbplats anv\u00e4nder cookies som \u00e4r absolut n\u00f6dv\u00e4ndiga f\u00f6r att den ska fungera korrekt och, i till\u00e4mpliga fall, analytiska cookies.<br \/>En separat cookiepolicy finns tillg\u00e4nglig p\u00e5 webbplatsen.<\/p><ol start=\"13\"><li><strong>\u00c4ndringar av policyn<\/strong><\/li><\/ol><p>Denna integritetspolicy kan komma att \u00e4ndras n\u00e4r som helst f\u00f6r att f\u00f6lja juridisk eller organisatorisk utveckling. Den senaste versionen finns alltid tillg\u00e4nglig p\u00e5 Yeshua Schools webbplats.<\/p><p><strong>Yeshua-skolan<\/strong><br \/>Rue de Gen\u00e8ve 470a<br \/>1030 Schaerbeek<\/p>\t\t\t\t\t\t\t\t<\/div>\n\t\t\t\t\t<\/div>\n\t\t\t\t<\/div>\n\t\t\t\t<\/div>","protected":false},"excerpt":{"rendered":"<p>Yeshua School Derni\u00e8re mise \u00e0 jour : 1er f\u00e9vrier 2026 Introduction Yeshua School accorde une importance particuli\u00e8re \u00e0 la protection des donn\u00e9es \u00e0 caract\u00e8re personnel et au respect de la [&hellip;]<\/p>\n","protected":false},"author":1,"featured_media":0,"parent":0,"menu_order":0,"comment_status":"closed","ping_status":"closed","template":"","meta":{"_surecart_dashboard_logo_width":"180px","_surecart_dashboard_show_logo":true,"_surecart_dashboard_navigation_orders":true,"_surecart_dashboard_navigation_invoices":true,"_surecart_dashboard_navigation_subscriptions":true,"_surecart_dashboard_navigation_downloads":true,"_surecart_dashboard_navigation_billing":true,"_surecart_dashboard_navigation_account":true,"site-sidebar-layout":"no-sidebar","site-content-layout":"page-builder","ast-site-content-layout":"full-width-container","site-content-style":"default","site-sidebar-style":"default","ast-global-header-display":"","ast-banner-title-visibility":"","ast-main-header-display":"","ast-hfb-above-header-display":"","ast-hfb-below-header-display":"","ast-hfb-mobile-header-display":"","site-post-title":"","ast-breadcrumbs-content":"","ast-featured-img":"disabled","footer-sml-layout":"","ast-disable-related-posts":"","theme-transparent-header-meta":"","adv-header-id-meta":"","stick-header-meta":"","header-above-stick-meta":"","header-main-stick-meta":"","header-below-stick-meta":"","astra-migrate-meta-layouts":"set","ast-page-background-enabled":"default","ast-page-background-meta":{"desktop":{"background-color":"","background-image":"","background-repeat":"repeat","background-position":"center center","background-size":"auto","background-attachment":"scroll","background-type":"","background-media":"","overlay-type":"","overlay-color":"","overlay-opacity":"","overlay-gradient":""},"tablet":{"background-color":"","background-image":"","background-repeat":"repeat","background-position":"center center","background-size":"auto","background-attachment":"scroll","background-type":"","background-media":"","overlay-type":"","overlay-color":"","overlay-opacity":"","overlay-gradient":""},"mobile":{"background-color":"","background-image":"","background-repeat":"repeat","background-position":"center center","background-size":"auto","background-attachment":"scroll","background-type":"","background-media":"","overlay-type":"","overlay-color":"","overlay-opacity":"","overlay-gradient":""}},"ast-content-background-meta":{"desktop":{"background-color":"var(--ast-global-color-5)","background-image":"","background-repeat":"repeat","background-position":"center center","background-size":"auto","background-attachment":"scroll","background-type":"","background-media":"","overlay-type":"","overlay-color":"","overlay-opacity":"","overlay-gradient":""},"tablet":{"background-color":"var(--ast-global-color-5)","background-image":"","background-repeat":"repeat","background-position":"center center","background-size":"auto","background-attachment":"scroll","background-type":"","background-media":"","overlay-type":"","overlay-color":"","overlay-opacity":"","overlay-gradient":""},"mobile":{"background-color":"var(--ast-global-color-5)","background-image":"","background-repeat":"repeat","background-position":"center center","background-size":"auto","background-attachment":"scroll","background-type":"","background-media":"","overlay-type":"","overlay-color":"","overlay-opacity":"","overlay-gradient":""}},"footnotes":""},"class_list":["post-1519","page","type-page","status-publish","hentry"],"yoast_head":"<!-- This site is optimized with the Yoast SEO plugin v27.4 - https:\/\/yoast.com\/product\/yoast-seo-wordpress\/ -->\n<title>Politiques de confidentialit\u00e9 - Yeshuaschool<\/title>\n<meta name=\"description\" content=\"D\u00e9couvrez Politiques de confidentialit\u00e9 \u00e0 Yeshua School, une \u00e9cole chr\u00e9tienne \u00e0 Bruxelles offrant un enseignement de qualit\u00e9 en quatre langues : fran\u00e7ais, n\u00e9erlandais, anglais et syriaque. L&#039;\u00e9cole propose 30 activit\u00e9s sportives et artistiques, le petit-d\u00e9jeunet et le d\u00e9jeuner chaud \u00e0 tous les \u00e9l\u00e8ves, du lundi au vendredi. Des tournois sportifs sont organis\u00e9s les week-ends pour les familles. Une formation chr\u00e9tienne constitue la base de l&#039;enseignement \u00e0 Yeshua School.\" \/>\n<meta name=\"robots\" content=\"index, follow, max-snippet:-1, max-image-preview:large, max-video-preview:-1\" \/>\n<link rel=\"canonical\" href=\"https:\/\/yeshuaschool.com\/sv\/integritetspolicy-2\/\" \/>\n<meta property=\"og:locale\" content=\"sv_SE\" \/>\n<meta property=\"og:type\" content=\"article\" \/>\n<meta property=\"og:title\" content=\"Politiques de confidentialit\u00e9 - Yeshuaschool\" \/>\n<meta property=\"og:description\" content=\"D\u00e9couvrez Politiques de confidentialit\u00e9 \u00e0 Yeshua School, une \u00e9cole chr\u00e9tienne \u00e0 Bruxelles offrant un enseignement de qualit\u00e9 en quatre langues : fran\u00e7ais, n\u00e9erlandais, anglais et syriaque. L&#039;\u00e9cole propose 30 activit\u00e9s sportives et artistiques, le petit-d\u00e9jeunet et le d\u00e9jeuner chaud \u00e0 tous les \u00e9l\u00e8ves, du lundi au vendredi. Des tournois sportifs sont organis\u00e9s les week-ends pour les familles. Une formation chr\u00e9tienne constitue la base de l&#039;enseignement \u00e0 Yeshua School.\" \/>\n<meta property=\"og:url\" content=\"https:\/\/yeshuaschool.com\/sv\/integritetspolicy-2\/\" \/>\n<meta property=\"og:site_name\" content=\"Yeshuaschool\" \/>\n<meta property=\"article:publisher\" content=\"https:\/\/www.facebook.com\/yeshuaschoolbe\" \/>\n<meta property=\"article:modified_time\" content=\"2026-03-03T23:55:07+00:00\" \/>\n<meta name=\"twitter:card\" content=\"summary_large_image\" \/>\n<meta name=\"twitter:site\" content=\"@school_yeshua\" \/>\n<meta name=\"twitter:label1\" content=\"Ber\u00e4knad l\u00e4stid\" \/>\n\t<meta name=\"twitter:data1\" content=\"4 minuter\" \/>\n<script type=\"application\/ld+json\" class=\"yoast-schema-graph\">{\"@context\":\"https:\\\/\\\/schema.org\",\"@graph\":[{\"@type\":\"WebPage\",\"@id\":\"https:\\\/\\\/yeshuaschool.com\\\/politiques-de-confidentialite\\\/\",\"url\":\"https:\\\/\\\/yeshuaschool.com\\\/politiques-de-confidentialite\\\/\",\"name\":\"Politiques de confidentialit\u00e9 - Yeshuaschool\",\"isPartOf\":{\"@id\":\"https:\\\/\\\/yeshuaschool.com\\\/#website\"},\"datePublished\":\"2026-02-03T21:40:35+00:00\",\"dateModified\":\"2026-03-03T23:55:07+00:00\",\"description\":\"D\u00e9couvrez Politiques de confidentialit\u00e9 \u00e0 Yeshua School, une \u00e9cole chr\u00e9tienne \u00e0 Bruxelles offrant un enseignement de qualit\u00e9 en quatre langues : fran\u00e7ais, n\u00e9erlandais, anglais et syriaque. L'\u00e9cole propose 30 activit\u00e9s sportives et artistiques, le petit-d\u00e9jeunet et le d\u00e9jeuner chaud \u00e0 tous les \u00e9l\u00e8ves, du lundi au vendredi. Des tournois sportifs sont organis\u00e9s les week-ends pour les familles. Une formation chr\u00e9tienne constitue la base de l'enseignement \u00e0 Yeshua School.\",\"breadcrumb\":{\"@id\":\"https:\\\/\\\/yeshuaschool.com\\\/politiques-de-confidentialite\\\/#breadcrumb\"},\"inLanguage\":\"sv-SE\",\"potentialAction\":[{\"@type\":\"ReadAction\",\"target\":[\"https:\\\/\\\/yeshuaschool.com\\\/politiques-de-confidentialite\\\/\"]}]},{\"@type\":\"BreadcrumbList\",\"@id\":\"https:\\\/\\\/yeshuaschool.com\\\/politiques-de-confidentialite\\\/#breadcrumb\",\"itemListElement\":[{\"@type\":\"ListItem\",\"position\":1,\"name\":\"Home\",\"item\":\"https:\\\/\\\/yeshuaschool.com\\\/\"},{\"@type\":\"ListItem\",\"position\":2,\"name\":\"Politiques de confidentialit\u00e9\"}]},{\"@type\":\"WebSite\",\"@id\":\"https:\\\/\\\/yeshuaschool.com\\\/#website\",\"url\":\"https:\\\/\\\/yeshuaschool.com\\\/\",\"name\":\"Yeshuaschool\",\"description\":\"&quot;Yeshua School \u2014 apprendre avec sens.&quot;\",\"publisher\":{\"@id\":\"https:\\\/\\\/yeshuaschool.com\\\/#organization\"},\"potentialAction\":[{\"@type\":\"SearchAction\",\"target\":{\"@type\":\"EntryPoint\",\"urlTemplate\":\"https:\\\/\\\/yeshuaschool.com\\\/?s={search_term_string}\"},\"query-input\":{\"@type\":\"PropertyValueSpecification\",\"valueRequired\":true,\"valueName\":\"search_term_string\"}}],\"inLanguage\":\"sv-SE\"},{\"@type\":\"Organization\",\"@id\":\"https:\\\/\\\/yeshuaschool.com\\\/#organization\",\"name\":\"Yeshua School\",\"alternateName\":\"YS\",\"url\":\"https:\\\/\\\/yeshuaschool.com\\\/\",\"logo\":{\"@type\":\"ImageObject\",\"inLanguage\":\"sv-SE\",\"@id\":\"https:\\\/\\\/yeshuaschool.com\\\/#\\\/schema\\\/logo\\\/image\\\/\",\"url\":\"https:\\\/\\\/yeshuaschool.com\\\/wp-content\\\/uploads\\\/2026\\\/03\\\/cropped-Logo-YS-2-1.jpg\",\"contentUrl\":\"https:\\\/\\\/yeshuaschool.com\\\/wp-content\\\/uploads\\\/2026\\\/03\\\/cropped-Logo-YS-2-1.jpg\",\"width\":1164,\"height\":905,\"caption\":\"Yeshua School\"},\"image\":{\"@id\":\"https:\\\/\\\/yeshuaschool.com\\\/#\\\/schema\\\/logo\\\/image\\\/\"},\"sameAs\":[\"https:\\\/\\\/www.facebook.com\\\/yeshuaschoolbe\",\"https:\\\/\\\/x.com\\\/school_yeshua\",\"https:\\\/\\\/www.instagram.com\\\/yeshuaschool\\\/\",\"https:\\\/\\\/www.linkedin.com\\\/in\\\/yeshuaschoolcom\\\/\"]}]}<\/script>\n<!-- \/ Yoast SEO plugin. -->","yoast_head_json":{"title":"Integritetspolicy - Yeshuaschool","description":"Uppt\u00e4ck integritetspolicyn f\u00f6r Yeshua School, en kristen skola i Bryssel som erbjuder kvalitetsutbildning p\u00e5 fyra spr\u00e5k: franska, nederl\u00e4ndska, engelska och syriska. Skolan erbjuder 30 sport- och konstaktiviteter, frukost och varm lunch till alla elever, m\u00e5ndag till fredag. P\u00e5 helgerna anordnas idrottsturneringar f\u00f6r familjer. Kristen fostran utg\u00f6r grunden f\u00f6r undervisningen p\u00e5 Yeshua School.","robots":{"index":"index","follow":"follow","max-snippet":"max-snippet:-1","max-image-preview":"max-image-preview:large","max-video-preview":"max-video-preview:-1"},"canonical":"https:\/\/yeshuaschool.com\/sv\/integritetspolicy-2\/","og_locale":"sv_SE","og_type":"article","og_title":"Politiques de confidentialit\u00e9 - Yeshuaschool","og_description":"D\u00e9couvrez Politiques de confidentialit\u00e9 \u00e0 Yeshua School, une \u00e9cole chr\u00e9tienne \u00e0 Bruxelles offrant un enseignement de qualit\u00e9 en quatre langues : fran\u00e7ais, n\u00e9erlandais, anglais et syriaque. L'\u00e9cole propose 30 activit\u00e9s sportives et artistiques, le petit-d\u00e9jeunet et le d\u00e9jeuner chaud \u00e0 tous les \u00e9l\u00e8ves, du lundi au vendredi. Des tournois sportifs sont organis\u00e9s les week-ends pour les familles. Une formation chr\u00e9tienne constitue la base de l'enseignement \u00e0 Yeshua School.","og_url":"https:\/\/yeshuaschool.com\/sv\/integritetspolicy-2\/","og_site_name":"Yeshuaschool","article_publisher":"https:\/\/www.facebook.com\/yeshuaschoolbe","article_modified_time":"2026-03-03T23:55:07+00:00","twitter_card":"summary_large_image","twitter_site":"@school_yeshua","twitter_misc":{"Ber\u00e4knad l\u00e4stid":"4 minuter"},"schema":{"@context":"https:\/\/schema.org","@graph":[{"@type":"WebPage","@id":"https:\/\/yeshuaschool.com\/politiques-de-confidentialite\/","url":"https:\/\/yeshuaschool.com\/politiques-de-confidentialite\/","name":"Integritetspolicy - Yeshuaschool","isPartOf":{"@id":"https:\/\/yeshuaschool.com\/#website"},"datePublished":"2026-02-03T21:40:35+00:00","dateModified":"2026-03-03T23:55:07+00:00","description":"Uppt\u00e4ck integritetspolicyn f\u00f6r Yeshua School, en kristen skola i Bryssel som erbjuder kvalitetsutbildning p\u00e5 fyra spr\u00e5k: franska, nederl\u00e4ndska, engelska och syriska. Skolan erbjuder 30 sport- och konstaktiviteter, frukost och varm lunch till alla elever, m\u00e5ndag till fredag. P\u00e5 helgerna anordnas idrottsturneringar f\u00f6r familjer. Kristen fostran utg\u00f6r grunden f\u00f6r undervisningen p\u00e5 Yeshua School.","breadcrumb":{"@id":"https:\/\/yeshuaschool.com\/politiques-de-confidentialite\/#breadcrumb"},"inLanguage":"sv-SE","potentialAction":[{"@type":"ReadAction","target":["https:\/\/yeshuaschool.com\/politiques-de-confidentialite\/"]}]},{"@type":"BreadcrumbList","@id":"https:\/\/yeshuaschool.com\/politiques-de-confidentialite\/#breadcrumb","itemListElement":[{"@type":"ListItem","position":1,"name":"Home","item":"https:\/\/yeshuaschool.com\/"},{"@type":"ListItem","position":2,"name":"Politiques de confidentialit\u00e9"}]},{"@type":"WebSite","@id":"https:\/\/yeshuaschool.com\/#website","url":"https:\/\/yeshuaschool.com\/","name":"Yeshuaskolan","description":"\"Yeshua School - l\u00e4rande med mening.\"","publisher":{"@id":"https:\/\/yeshuaschool.com\/#organization"},"potentialAction":[{"@type":"SearchAction","target":{"@type":"EntryPoint","urlTemplate":"https:\/\/yeshuaschool.com\/?s={search_term_string}"},"query-input":{"@type":"PropertyValueSpecification","valueRequired":true,"valueName":"search_term_string"}}],"inLanguage":"sv-SE"},{"@type":"Organization","@id":"https:\/\/yeshuaschool.com\/#organization","name":"Yeshua-skolan","alternateName":"YS","url":"https:\/\/yeshuaschool.com\/","logo":{"@type":"ImageObject","inLanguage":"sv-SE","@id":"https:\/\/yeshuaschool.com\/#\/schema\/logo\/image\/","url":"https:\/\/yeshuaschool.com\/wp-content\/uploads\/2026\/03\/cropped-Logo-YS-2-1.jpg","contentUrl":"https:\/\/yeshuaschool.com\/wp-content\/uploads\/2026\/03\/cropped-Logo-YS-2-1.jpg","width":1164,"height":905,"caption":"Yeshua School"},"image":{"@id":"https:\/\/yeshuaschool.com\/#\/schema\/logo\/image\/"},"sameAs":["https:\/\/www.facebook.com\/yeshuaschoolbe","https:\/\/x.com\/school_yeshua","https:\/\/www.instagram.com\/yeshuaschool\/","https:\/\/www.linkedin.com\/in\/yeshuaschoolcom\/"]}]}},"_links":{"self":[{"href":"https:\/\/yeshuaschool.com\/sv\/wp-json\/wp\/v2\/pages\/1519","targetHints":{"allow":["GET"]}}],"collection":[{"href":"https:\/\/yeshuaschool.com\/sv\/wp-json\/wp\/v2\/pages"}],"about":[{"href":"https:\/\/yeshuaschool.com\/sv\/wp-json\/wp\/v2\/types\/page"}],"author":[{"embeddable":true,"href":"https:\/\/yeshuaschool.com\/sv\/wp-json\/wp\/v2\/users\/1"}],"replies":[{"embeddable":true,"href":"https:\/\/yeshuaschool.com\/sv\/wp-json\/wp\/v2\/comments?post=1519"}],"version-history":[{"count":13,"href":"https:\/\/yeshuaschool.com\/sv\/wp-json\/wp\/v2\/pages\/1519\/revisions"}],"predecessor-version":[{"id":3510,"href":"https:\/\/yeshuaschool.com\/sv\/wp-json\/wp\/v2\/pages\/1519\/revisions\/3510"}],"wp:attachment":[{"href":"https:\/\/yeshuaschool.com\/sv\/wp-json\/wp\/v2\/media?parent=1519"}],"curies":[{"name":"wp","href":"https:\/\/api.w.org\/{rel}","templated":true}]}}