{"id":2764,"date":"2026-02-23T23:16:28","date_gmt":"2026-02-23T22:16:28","guid":{"rendered":"https:\/\/yeshuaschool.com\/?page_id=2764"},"modified":"2026-04-02T21:34:58","modified_gmt":"2026-04-02T19:34:58","slug":"foreskrifter","status":"publish","type":"page","link":"https:\/\/yeshuaschool.com\/sv\/reglement\/","title":{"rendered":"Lotteriregler"},"content":{"rendered":"<div data-elementor-type=\"wp-page\" data-elementor-id=\"2764\" class=\"elementor elementor-2764\">\n\t\t\t\t<div class=\"elementor-element elementor-element-3ddddf3 e-flex e-con-boxed e-con e-parent\" data-id=\"3ddddf3\" data-element_type=\"container\" data-e-type=\"container\">\n\t\t\t\t\t<div class=\"e-con-inner\">\n\t\t\t\t<div class=\"elementor-element elementor-element-c409a87 elementor-widget elementor-widget-spacer\" data-id=\"c409a87\" data-element_type=\"widget\" data-e-type=\"widget\" data-widget_type=\"spacer.default\">\n\t\t\t\t\t\t\t<div class=\"elementor-spacer\">\n\t\t\t<div class=\"elementor-spacer-inner\"><\/div>\n\t\t<\/div>\n\t\t\t\t\t\t<\/div>\n\t\t\t\t<div class=\"elementor-element elementor-element-0763be0 elementor-widget elementor-widget-heading\" data-id=\"0763be0\" data-element_type=\"widget\" data-e-type=\"widget\" data-widget_type=\"heading.default\">\n\t\t\t\t\t<h5 class=\"elementor-heading-title elementor-size-default\">Regler f\u00f6r t\u00e4vlingen \u00abAudi Q3 - Yeshua School 2026\u00bb f\u00f6r kreativa bidrag med Associated Sales\u00bb<\/h5>\t\t\t\t<\/div>\n\t\t\t\t<div class=\"elementor-element elementor-element-0becbb6 elementor-widget elementor-widget-text-editor\" data-id=\"0becbb6\" data-element_type=\"widget\" data-e-type=\"widget\" data-widget_type=\"text-editor.default\">\n\t\t\t\t\t\t\t\t\t<p><strong>PREAMBLE<\/strong><\/p>\n<p>Detta kreativa lotteri anordnas av<strong>ASBL Office de rassemblement des Suryoye<\/strong> (nedan kallad \u00aborganisat\u00f6ren\u00bb), med s\u00e4te p\u00e5 rue de Gen\u00e8ve 470a, 1030 Schaerbeek, Belgien, registrerad hos Crossroads Bank for Enterprises under nummer <strong>BE<\/strong><strong>0784.275.187<\/strong>. Alla int\u00e4kter kommer att anv\u00e4ndas f\u00f6r att finansiera inr\u00e4ttandet och utrustningen av Yeshua-skolan i Belgien, ett allm\u00e4nnyttigt projekt i den mening som avses i artikel 7, 3\u00b0 i lagen av den 31 december 1851 om lotterier.<\/p>\n<p>Dessa regler anger villkoren f\u00f6r deltagande, dragning och tilldelning av huvudpriset (en Audi Q3-bil), i enlighet med belgisk lagstiftning - i synnerhet :<\/p>\n<ul>\n<li><strong>Lagen om 31<\/strong><strong>d<\/strong><strong>December<\/strong><strong>1851 om lotterier<\/strong>, art. 3 och 7 (3\u00b0).<\/li>\n<li><strong>Kunglig f\u00f6rordning av den 18<\/strong><strong>d<\/strong><strong>December<\/strong><strong>2023<\/strong> om fastst\u00e4llande av allm\u00e4nna regler f\u00f6r tillst\u00e5nd att anordna tombola till f\u00f6rm\u00e5n f\u00f6r ett gott \u00e4ndam\u00e5l.<\/li>\n<li><strong>Bok<\/strong><strong>VI i den internationella koden f\u00f6r <\/strong><strong>Ekonomisk<\/strong> (marknadspraxis och konsumentskydd).<\/li>\n<li><strong>F\u00f6rordning (EU) 2016\/679 (RGPD)<\/strong> - Skydd av personuppgifter.<\/li>\n<\/ul>\n<p>Arrang\u00f6ren kommer att beg\u00e4ra f\u00f6rhandsgodk\u00e4nnande fr\u00e5n justitieministeriet \/ SPF Finances i enlighet med artikel 7, 3\u00b0 i ovann\u00e4mnda lag innan n\u00e5gra biljetter l\u00e4ggs ut till f\u00f6rs\u00e4ljning.<\/p>\n<p><strong>Artikel<\/strong><strong>1<\/strong><strong>&nbsp;- Syfte<\/strong><\/p>\n<p>Anordna en kreativ tombola med biljettf\u00f6rs\u00e4ljning f\u00f6r att samla in pengar till byggandet och \u00f6ppnandet av Yeshua School. Huvudpriset \u00e4r <strong>en ny Audi<\/strong><strong>Q3<\/strong> (v\u00e4gledande v\u00e4rde 50 000 euro). Prisernas v\u00e4rde kan under inga omst\u00e4ndigheter tas i anspr\u00e5k.<\/p>\n<p><strong>Artikel<\/strong><strong>2<\/strong><strong>&nbsp;- P<\/strong><strong>period<\/strong><\/p>\n<p>Biljetter kommer att finnas till f\u00f6rs\u00e4ljning fr\u00e5n <strong>15<\/strong><strong> februari 2026<\/strong> (00:00) till <strong>30 juni 2026<\/strong> (23:59). Dragningen kommer att \u00e4ga rum den <strong>1 juli 2026<\/strong> och produceras av arrang\u00f6rerna.<\/p>\n<p><strong>Artikel<\/strong><strong>3<\/strong><strong>&nbsp;- Villkor f\u00f6r deltagande<\/strong><\/p>\n<ol>\n<li>vara en fysisk person som \u00e4r myndig (\u2265 18 \u00e5r) och bosatt inom Europeiska ekonomiska samarbetsomr\u00e5det.&nbsp;<\/li>\n<li>K\u00f6p minst en biljett (enhetspris : <strong>6<\/strong><strong>\u202f<\/strong><strong>\u20ac<\/strong>), utan begr\u00e4nsning av antalet per deltagare.<\/li>\n<li>Svara korrekt p\u00e5 fr\u00e5gorna <strong>urvalsfr\u00e5ga<\/strong> n\u00e4r du k\u00f6per din biljett.<\/li>\n<li>Utan f\u00f6rbeh\u00e5ll godk\u00e4nna dessa regler och dataskyddspolicyn.<\/li>\n<\/ol>\n<p><strong>Artikel<\/strong><strong>4<\/strong><strong>&nbsp;- Biljettf\u00f6rs\u00e4ljning<\/strong><\/p>\n<ul>\n<li>Biljetterna \u00e4r numrerade och inneh\u00e5ller: ett unikt nummer, en h\u00e4nvisning till ASBL, priset, en urvalsfr\u00e5ga, QR-koder till regelverket och RGPD-policyn.<\/li>\n<li>Betalning uteslutande via bank\u00f6verf\u00f6ring till <strong>BE05 9735 0941 9075<\/strong> (namn: Office de rassemblement des Suryoye ASBL) eller via auktoriserade f\u00f6rs\u00e4ljningsst\u00e4llen\/medlemmar.<\/li>\n<li>Biljetterna \u00e4r giltiga f\u00f6rst n\u00e4r full betalning har bekr\u00e4ftats.<\/li>\n<\/ul>\n<p><strong>Artikel<\/strong><strong>5<\/strong><strong>&nbsp;- Minsta antal biljetter<\/strong><strong>&nbsp;- suspensionsbest\u00e4mmelse<\/strong><\/p>\n<p>Den faktiska dragningen \u00e4r <strong>villkorat av f\u00f6rs\u00e4ljning av minst 50<\/strong><strong>000 biljetter<\/strong> (dvs. 300.000 euro i bruttoint\u00e4kter).<\/p>\n<ul>\n<li>Om detta tr\u00f6skelv\u00e4rde uppn\u00e5s eller \u00f6verskrids den 30 juni 2026 kommer dragningen att \u00e4ga rum i enlighet med artikel<\/li>\n<li>Om tr\u00f6skelv\u00e4rdet inte \u00e4r <strong>inte<\/strong> n\u00e5s :\n<ul>\n<li>det kommer att finnas <strong>inte<\/strong> biltilldelning ;<\/li>\n<li>en dragning bland de biljetter som korrekt besvarar fr\u00e5gan kommer att utse en enda vinnare som kommer att f\u00e5 <strong>40<\/strong><strong>% av nettooms\u00e4ttningen<\/strong> (bruttoint\u00e4kter minus kostnader f\u00f6r biljettf\u00f6rs\u00e4ljning) i form av en eng\u00e5ngsbetalning ;<\/li>\n<li>de \u00e5terst\u00e5ende 60 % kommer att tilldelas f\u00f6r att finansiera det goda sk\u00e4let i enlighet med AR18 december 2023 (\u2265 60 % obligatoriskt).<\/li>\n<\/ul>\n<\/li>\n<\/ul>\n<p><strong>Artikel<\/strong><strong>6<\/strong><strong>&nbsp;- Proc<\/strong><strong>dragningsf\u00f6rfarande<\/strong><\/p>\n<ol>\n<li>Checklista: Endast biljetter som betalats f\u00f6re den 30 juni 2026 och som har ett korrekt svar kommer att tas med p\u00e5 den officiella listan som f\u00f6rseglas av arrang\u00f6rerna.<\/li>\n<li>Manuell eller elektronisk utskrift certifierad i n\u00e4rvaro av tv\u00e5 vittnen.<\/li>\n<li>Ett vinnande nummer och tv\u00e5 ers\u00e4ttningsnummer dras. Alternativ 1 f\u00f6rklaras som vinnare om vinnaren ger upp eller inte kan kontaktas inom 30 dagar. Alternativ 2 f\u00f6rklaras som vinnare om vinnaren och alternativ 1 inte kan kontaktas inom 2 m\u00e5nader.<\/li>\n<\/ol>\n<p><strong>Artikel<\/strong><strong>7<\/strong><strong>&nbsp;- Prislista<\/strong><\/p>\n<p>Vinnaren (eller den nominerade suppleanten) vinner :<\/p>\n<ul>\n<li><strong>Alternativ A: Audi<\/strong><strong>Nya Q3<\/strong> (om tr\u00f6skeln p\u00e5 50.000 s\u00e5lda exemplar uppn\u00e5s).<\/li>\n<li><strong>Alternativ B: 40<\/strong><strong>% av nettooms\u00e4ttningen<\/strong> (om tr\u00f6skelv\u00e4rdet inte n\u00e5s).<\/li>\n<\/ul>\n<p>Registrerings-, f\u00f6rs\u00e4krings- och leveranskostnader inom Europa \u00e4r p\u00e5 vinnarens bekostnad. Fordonet kommer att levereras inom 90 dagar efter vinnarens bekr\u00e4ftelse.<\/p>\n<p><strong>Artikel<\/strong><strong>8<\/strong><strong>&nbsp;- Publikation och prisceremoni<\/strong><\/p>\n<p>Resultatet kommer att publiceras inom 48 timmar p\u00e5 ASBL:s officiella webbplats och vinnaren kommer att meddelas personligen. En offentlig ceremoni kan komma att anordnas.<\/p>\n<p><strong>Artikel<\/strong><strong>9<\/strong><strong>&nbsp;- Ansvarsfullhet<\/strong><strong>\u00e9<\/strong><\/p>\n<p>Arrang\u00f6rerna kan inte h\u00e5llas ansvariga om t\u00e4vlingen, i h\u00e4ndelse av force majeure eller omst\u00e4ndigheter utanf\u00f6r deras kontroll, m\u00e5ste avbrytas, \u00e4ndras eller st\u00e4llas in.<\/p>\n<p><strong>Artikel<\/strong><strong>10<\/strong><strong>&nbsp;- Donn<\/strong><strong>s personuppgifter<\/strong><\/p>\n<p>De uppgifter som samlas in behandlas av ASBL i syfte att hantera t\u00e4vlingen och genomf\u00f6ra dess aktiviteter. Deltagarna har r\u00e4tt till tillg\u00e5ng, r\u00e4ttelse, inv\u00e4ndning och radering genom att skriva till info@yeshuaschool.com.<\/p>\n<p><strong>Artikel<\/strong><strong>11<\/strong><strong>&nbsp;- Godk\u00e4nnande av r<\/strong><strong>ules<\/strong><\/p>\n<p>Deltagande inneb\u00e4r fullt godk\u00e4nnande av dessa regler. De finns publicerade p\u00e5 www.yeshuaschool.com och kan erh\u00e5llas p\u00e5 skriftlig beg\u00e4ran till info@yeshuaschool.com.<\/p>\n<p><strong>Artikel<\/strong><strong>12<\/strong><strong>&nbsp;- Till\u00e4mplig lag och beh\u00f6riga domstolar<\/strong><strong>etenter<\/strong><\/p>\n<p>Uttagningsprovet regleras av belgisk lag. Eventuella tvister skall uteslutande avg\u00f6ras av domstolarna i Bryssels r\u00e4ttsdistrikt.<\/p>\n<p><em>Undertecknat i Schaerbeek den 30\/1\/2026<\/em><\/p>\n<p>F\u00f6r ASBL Office de Rassemblement des Suryoye<\/p>\n<p>ORS Lena - Direkt\u00f6r<\/p>\t\t\t\t\t\t\t\t<\/div>\n\t\t\t\t\t<\/div>\n\t\t\t\t<\/div>\n\t\t\t\t<\/div>","protected":false},"excerpt":{"rendered":"<p>R\u00e8glement Du Concours \u00c0 Participation Cr\u00e9ative Avec Vente Associ\u00e9e \u00ab Audi\u202fQ3\u202f\u2013 Yeshua School\u202f2026 \u00bb PR\u00c9AMBULE La pr\u00e9sente tombola \u00e0 participation cr\u00e9ative est organis\u00e9e par l\u2019ASBL Office de rassemblement des Suryoye [&hellip;]<\/p>\n","protected":false},"author":1,"featured_media":0,"parent":0,"menu_order":0,"comment_status":"closed","ping_status":"closed","template":"","meta":{"_surecart_dashboard_logo_width":"180px","_surecart_dashboard_show_logo":true,"_surecart_dashboard_navigation_orders":true,"_surecart_dashboard_navigation_invoices":true,"_surecart_dashboard_navigation_subscriptions":true,"_surecart_dashboard_navigation_downloads":true,"_surecart_dashboard_navigation_billing":true,"_surecart_dashboard_navigation_account":true,"site-sidebar-layout":"no-sidebar","site-content-layout":"page-builder","ast-site-content-layout":"full-width-container","site-content-style":"unboxed","site-sidebar-style":"unboxed","ast-global-header-display":"","ast-banner-title-visibility":"","ast-main-header-display":"","ast-hfb-above-header-display":"","ast-hfb-below-header-display":"","ast-hfb-mobile-header-display":"","site-post-title":"disabled","ast-breadcrumbs-content":"","ast-featured-img":"disabled","footer-sml-layout":"","ast-disable-related-posts":"","theme-transparent-header-meta":"","adv-header-id-meta":"","stick-header-meta":"","header-above-stick-meta":"","header-main-stick-meta":"","header-below-stick-meta":"","astra-migrate-meta-layouts":"set","ast-page-background-enabled":"default","ast-page-background-meta":{"desktop":{"background-color":"","background-image":"","background-repeat":"repeat","background-position":"center center","background-size":"auto","background-attachment":"scroll","background-type":"","background-media":"","overlay-type":"","overlay-color":"","overlay-opacity":"","overlay-gradient":""},"tablet":{"background-color":"","background-image":"","background-repeat":"repeat","background-position":"center center","background-size":"auto","background-attachment":"scroll","background-type":"","background-media":"","overlay-type":"","overlay-color":"","overlay-opacity":"","overlay-gradient":""},"mobile":{"background-color":"","background-image":"","background-repeat":"repeat","background-position":"center center","background-size":"auto","background-attachment":"scroll","background-type":"","background-media":"","overlay-type":"","overlay-color":"","overlay-opacity":"","overlay-gradient":""}},"ast-content-background-meta":{"desktop":{"background-color":"var(--ast-global-color-5)","background-image":"","background-repeat":"repeat","background-position":"center center","background-size":"auto","background-attachment":"scroll","background-type":"","background-media":"","overlay-type":"","overlay-color":"","overlay-opacity":"","overlay-gradient":""},"tablet":{"background-color":"var(--ast-global-color-5)","background-image":"","background-repeat":"repeat","background-position":"center center","background-size":"auto","background-attachment":"scroll","background-type":"","background-media":"","overlay-type":"","overlay-color":"","overlay-opacity":"","overlay-gradient":""},"mobile":{"background-color":"var(--ast-global-color-5)","background-image":"","background-repeat":"repeat","background-position":"center center","background-size":"auto","background-attachment":"scroll","background-type":"","background-media":"","overlay-type":"","overlay-color":"","overlay-opacity":"","overlay-gradient":""}},"footnotes":""},"class_list":["post-2764","page","type-page","status-publish","hentry"],"yoast_head":"<!-- This site is optimized with the Yoast SEO plugin v27.4 - https:\/\/yoast.com\/product\/yoast-seo-wordpress\/ -->\n<title>R\u00e8glement de la tombola - Yeshuaschool<\/title>\n<meta name=\"description\" content=\"D\u00e9couvrez R\u00e8glement de la tombola \u00e0 Yeshua School, une \u00e9cole chr\u00e9tienne \u00e0 Bruxelles offrant un enseignement de qualit\u00e9 en quatre langues : fran\u00e7ais, n\u00e9erlandais, anglais et syriaque. L&#039;\u00e9cole propose 30 activit\u00e9s sportives et artistiques, le petit-d\u00e9jeunet et le d\u00e9jeuner chaud \u00e0 tous les \u00e9l\u00e8ves, du lundi au vendredi. Des tournois sportifs sont organis\u00e9s les week-ends pour les familles. Une formation chr\u00e9tienne constitue la base de l&#039;enseignement \u00e0 Yeshua School.\" \/>\n<meta name=\"robots\" content=\"index, follow, max-snippet:-1, max-image-preview:large, max-video-preview:-1\" \/>\n<link rel=\"canonical\" href=\"https:\/\/yeshuaschool.com\/sv\/foreskrifter\/\" \/>\n<meta property=\"og:locale\" content=\"sv_SE\" \/>\n<meta property=\"og:type\" content=\"article\" \/>\n<meta property=\"og:title\" content=\"R\u00e8glement de la tombola - Yeshuaschool\" \/>\n<meta property=\"og:description\" content=\"D\u00e9couvrez R\u00e8glement de la tombola \u00e0 Yeshua School, une \u00e9cole chr\u00e9tienne \u00e0 Bruxelles offrant un enseignement de qualit\u00e9 en quatre langues : fran\u00e7ais, n\u00e9erlandais, anglais et syriaque. L&#039;\u00e9cole propose 30 activit\u00e9s sportives et artistiques, le petit-d\u00e9jeunet et le d\u00e9jeuner chaud \u00e0 tous les \u00e9l\u00e8ves, du lundi au vendredi. Des tournois sportifs sont organis\u00e9s les week-ends pour les familles. Une formation chr\u00e9tienne constitue la base de l&#039;enseignement \u00e0 Yeshua School.\" \/>\n<meta property=\"og:url\" content=\"https:\/\/yeshuaschool.com\/sv\/foreskrifter\/\" \/>\n<meta property=\"og:site_name\" content=\"Yeshuaschool\" \/>\n<meta property=\"article:publisher\" content=\"https:\/\/www.facebook.com\/yeshuaschoolbe\" \/>\n<meta property=\"article:modified_time\" content=\"2026-04-02T19:34:58+00:00\" \/>\n<meta name=\"twitter:card\" content=\"summary_large_image\" \/>\n<meta name=\"twitter:site\" content=\"@school_yeshua\" \/>\n<meta name=\"twitter:label1\" content=\"Ber\u00e4knad l\u00e4stid\" \/>\n\t<meta name=\"twitter:data1\" content=\"5 minuter\" \/>\n<script type=\"application\/ld+json\" class=\"yoast-schema-graph\">{\"@context\":\"https:\\\/\\\/schema.org\",\"@graph\":[{\"@type\":\"WebPage\",\"@id\":\"https:\\\/\\\/yeshuaschool.com\\\/reglement\\\/\",\"url\":\"https:\\\/\\\/yeshuaschool.com\\\/reglement\\\/\",\"name\":\"R\u00e8glement de la tombola - Yeshuaschool\",\"isPartOf\":{\"@id\":\"https:\\\/\\\/yeshuaschool.com\\\/#website\"},\"datePublished\":\"2026-02-23T22:16:28+00:00\",\"dateModified\":\"2026-04-02T19:34:58+00:00\",\"description\":\"D\u00e9couvrez R\u00e8glement de la tombola \u00e0 Yeshua School, une \u00e9cole chr\u00e9tienne \u00e0 Bruxelles offrant un enseignement de qualit\u00e9 en quatre langues : fran\u00e7ais, n\u00e9erlandais, anglais et syriaque. L'\u00e9cole propose 30 activit\u00e9s sportives et artistiques, le petit-d\u00e9jeunet et le d\u00e9jeuner chaud \u00e0 tous les \u00e9l\u00e8ves, du lundi au vendredi. Des tournois sportifs sont organis\u00e9s les week-ends pour les familles. Une formation chr\u00e9tienne constitue la base de l'enseignement \u00e0 Yeshua School.\",\"breadcrumb\":{\"@id\":\"https:\\\/\\\/yeshuaschool.com\\\/reglement\\\/#breadcrumb\"},\"inLanguage\":\"sv-SE\",\"potentialAction\":[{\"@type\":\"ReadAction\",\"target\":[\"https:\\\/\\\/yeshuaschool.com\\\/reglement\\\/\"]}]},{\"@type\":\"BreadcrumbList\",\"@id\":\"https:\\\/\\\/yeshuaschool.com\\\/reglement\\\/#breadcrumb\",\"itemListElement\":[{\"@type\":\"ListItem\",\"position\":1,\"name\":\"Home\",\"item\":\"https:\\\/\\\/yeshuaschool.com\\\/\"},{\"@type\":\"ListItem\",\"position\":2,\"name\":\"R\u00e8glement de la tombola\"}]},{\"@type\":\"WebSite\",\"@id\":\"https:\\\/\\\/yeshuaschool.com\\\/#website\",\"url\":\"https:\\\/\\\/yeshuaschool.com\\\/\",\"name\":\"Yeshuaschool\",\"description\":\"&quot;Yeshua School \u2014 apprendre avec sens.&quot;\",\"publisher\":{\"@id\":\"https:\\\/\\\/yeshuaschool.com\\\/#organization\"},\"potentialAction\":[{\"@type\":\"SearchAction\",\"target\":{\"@type\":\"EntryPoint\",\"urlTemplate\":\"https:\\\/\\\/yeshuaschool.com\\\/?s={search_term_string}\"},\"query-input\":{\"@type\":\"PropertyValueSpecification\",\"valueRequired\":true,\"valueName\":\"search_term_string\"}}],\"inLanguage\":\"sv-SE\"},{\"@type\":\"Organization\",\"@id\":\"https:\\\/\\\/yeshuaschool.com\\\/#organization\",\"name\":\"Yeshua School\",\"alternateName\":\"YS\",\"url\":\"https:\\\/\\\/yeshuaschool.com\\\/\",\"logo\":{\"@type\":\"ImageObject\",\"inLanguage\":\"sv-SE\",\"@id\":\"https:\\\/\\\/yeshuaschool.com\\\/#\\\/schema\\\/logo\\\/image\\\/\",\"url\":\"https:\\\/\\\/yeshuaschool.com\\\/wp-content\\\/uploads\\\/2026\\\/03\\\/cropped-Logo-YS-2-1.jpg\",\"contentUrl\":\"https:\\\/\\\/yeshuaschool.com\\\/wp-content\\\/uploads\\\/2026\\\/03\\\/cropped-Logo-YS-2-1.jpg\",\"width\":1164,\"height\":905,\"caption\":\"Yeshua School\"},\"image\":{\"@id\":\"https:\\\/\\\/yeshuaschool.com\\\/#\\\/schema\\\/logo\\\/image\\\/\"},\"sameAs\":[\"https:\\\/\\\/www.facebook.com\\\/yeshuaschoolbe\",\"https:\\\/\\\/x.com\\\/school_yeshua\",\"https:\\\/\\\/www.instagram.com\\\/yeshuaschool\\\/\",\"https:\\\/\\\/www.linkedin.com\\\/in\\\/yeshuaschoolcom\\\/\"]}]}<\/script>\n<!-- \/ Yoast SEO plugin. -->","yoast_head_json":{"title":"Regler f\u00f6r tombolan - Yeshuaschool","description":"L\u00e4s mer om reglerna f\u00f6r utlottningen p\u00e5 Yeshua School, en kristen skola i Bryssel som erbjuder kvalitetsutbildning p\u00e5 fyra spr\u00e5k: franska, nederl\u00e4ndska, engelska och syriska. Skolan erbjuder 30 sport- och konstaktiviteter, frukost och en varm lunch till alla elever fr\u00e5n m\u00e5ndag till fredag. P\u00e5 helgerna anordnas idrottsturneringar f\u00f6r familjer. Kristen fostran utg\u00f6r grunden f\u00f6r undervisningen p\u00e5 Yeshua School.","robots":{"index":"index","follow":"follow","max-snippet":"max-snippet:-1","max-image-preview":"max-image-preview:large","max-video-preview":"max-video-preview:-1"},"canonical":"https:\/\/yeshuaschool.com\/sv\/foreskrifter\/","og_locale":"sv_SE","og_type":"article","og_title":"R\u00e8glement de la tombola - Yeshuaschool","og_description":"D\u00e9couvrez R\u00e8glement de la tombola \u00e0 Yeshua School, une \u00e9cole chr\u00e9tienne \u00e0 Bruxelles offrant un enseignement de qualit\u00e9 en quatre langues : fran\u00e7ais, n\u00e9erlandais, anglais et syriaque. L'\u00e9cole propose 30 activit\u00e9s sportives et artistiques, le petit-d\u00e9jeunet et le d\u00e9jeuner chaud \u00e0 tous les \u00e9l\u00e8ves, du lundi au vendredi. Des tournois sportifs sont organis\u00e9s les week-ends pour les familles. Une formation chr\u00e9tienne constitue la base de l'enseignement \u00e0 Yeshua School.","og_url":"https:\/\/yeshuaschool.com\/sv\/foreskrifter\/","og_site_name":"Yeshuaschool","article_publisher":"https:\/\/www.facebook.com\/yeshuaschoolbe","article_modified_time":"2026-04-02T19:34:58+00:00","twitter_card":"summary_large_image","twitter_site":"@school_yeshua","twitter_misc":{"Ber\u00e4knad l\u00e4stid":"5 minuter"},"schema":{"@context":"https:\/\/schema.org","@graph":[{"@type":"WebPage","@id":"https:\/\/yeshuaschool.com\/reglement\/","url":"https:\/\/yeshuaschool.com\/reglement\/","name":"Regler f\u00f6r tombolan - Yeshuaschool","isPartOf":{"@id":"https:\/\/yeshuaschool.com\/#website"},"datePublished":"2026-02-23T22:16:28+00:00","dateModified":"2026-04-02T19:34:58+00:00","description":"L\u00e4s mer om reglerna f\u00f6r utlottningen p\u00e5 Yeshua School, en kristen skola i Bryssel som erbjuder kvalitetsutbildning p\u00e5 fyra spr\u00e5k: franska, nederl\u00e4ndska, engelska och syriska. Skolan erbjuder 30 sport- och konstaktiviteter, frukost och en varm lunch till alla elever fr\u00e5n m\u00e5ndag till fredag. P\u00e5 helgerna anordnas idrottsturneringar f\u00f6r familjer. Kristen fostran utg\u00f6r grunden f\u00f6r undervisningen p\u00e5 Yeshua School.","breadcrumb":{"@id":"https:\/\/yeshuaschool.com\/reglement\/#breadcrumb"},"inLanguage":"sv-SE","potentialAction":[{"@type":"ReadAction","target":["https:\/\/yeshuaschool.com\/reglement\/"]}]},{"@type":"BreadcrumbList","@id":"https:\/\/yeshuaschool.com\/reglement\/#breadcrumb","itemListElement":[{"@type":"ListItem","position":1,"name":"Home","item":"https:\/\/yeshuaschool.com\/"},{"@type":"ListItem","position":2,"name":"R\u00e8glement de la tombola"}]},{"@type":"WebSite","@id":"https:\/\/yeshuaschool.com\/#website","url":"https:\/\/yeshuaschool.com\/","name":"Yeshuaskolan","description":"\"Yeshua School - l\u00e4rande med mening.\"","publisher":{"@id":"https:\/\/yeshuaschool.com\/#organization"},"potentialAction":[{"@type":"SearchAction","target":{"@type":"EntryPoint","urlTemplate":"https:\/\/yeshuaschool.com\/?s={search_term_string}"},"query-input":{"@type":"PropertyValueSpecification","valueRequired":true,"valueName":"search_term_string"}}],"inLanguage":"sv-SE"},{"@type":"Organization","@id":"https:\/\/yeshuaschool.com\/#organization","name":"Yeshua-skolan","alternateName":"YS","url":"https:\/\/yeshuaschool.com\/","logo":{"@type":"ImageObject","inLanguage":"sv-SE","@id":"https:\/\/yeshuaschool.com\/#\/schema\/logo\/image\/","url":"https:\/\/yeshuaschool.com\/wp-content\/uploads\/2026\/03\/cropped-Logo-YS-2-1.jpg","contentUrl":"https:\/\/yeshuaschool.com\/wp-content\/uploads\/2026\/03\/cropped-Logo-YS-2-1.jpg","width":1164,"height":905,"caption":"Yeshua School"},"image":{"@id":"https:\/\/yeshuaschool.com\/#\/schema\/logo\/image\/"},"sameAs":["https:\/\/www.facebook.com\/yeshuaschoolbe","https:\/\/x.com\/school_yeshua","https:\/\/www.instagram.com\/yeshuaschool\/","https:\/\/www.linkedin.com\/in\/yeshuaschoolcom\/"]}]}},"_links":{"self":[{"href":"https:\/\/yeshuaschool.com\/sv\/wp-json\/wp\/v2\/pages\/2764","targetHints":{"allow":["GET"]}}],"collection":[{"href":"https:\/\/yeshuaschool.com\/sv\/wp-json\/wp\/v2\/pages"}],"about":[{"href":"https:\/\/yeshuaschool.com\/sv\/wp-json\/wp\/v2\/types\/page"}],"author":[{"embeddable":true,"href":"https:\/\/yeshuaschool.com\/sv\/wp-json\/wp\/v2\/users\/1"}],"replies":[{"embeddable":true,"href":"https:\/\/yeshuaschool.com\/sv\/wp-json\/wp\/v2\/comments?post=2764"}],"version-history":[{"count":99,"href":"https:\/\/yeshuaschool.com\/sv\/wp-json\/wp\/v2\/pages\/2764\/revisions"}],"predecessor-version":[{"id":4492,"href":"https:\/\/yeshuaschool.com\/sv\/wp-json\/wp\/v2\/pages\/2764\/revisions\/4492"}],"wp:attachment":[{"href":"https:\/\/yeshuaschool.com\/sv\/wp-json\/wp\/v2\/media?parent=2764"}],"curies":[{"name":"wp","href":"https:\/\/api.w.org\/{rel}","templated":true}]}}